{"id":868,"date":"2026-04-01T14:20:58","date_gmt":"2026-04-01T12:20:58","guid":{"rendered":"https:\/\/www.kalveknatten.no\/?page_id=868"},"modified":"2026-04-01T14:51:36","modified_gmt":"2026-04-01T12:51:36","slug":"2-2","status":"publish","type":"page","link":"https:\/\/www.kalveknatten.no\/?page_id=868","title":{"rendered":"2026 Mars"},"content":{"rendered":"\n<p>Det tiner, begynner \u00e5 piple, frosten mister taket, jorden forbereder seg &#8211; og i slutten av denne mnd. har vi v\u00e5rjevnd\u00f8gn &#8211; da dag og natt blir like lange. <\/p>\n\n\n\n<p>Noen stille klokka for sommertid, men det gj\u00f8r ikke jeg. Jeg synes rett ut sagt at dette er noe t\u00f8v som lager b\u00e5de psykiske og praktiske overgangsproblemer, ikke minst for v\u00e5re husdyr og institusjoner. Tid og rom er viktige dimensjoner vi ikke b\u00f8r tukle med, etter min mening. Dette har fra eldgammel av v\u00e6rt grunnlag for v\u00e5r utvikling, matematiske beregninger, soluret og ikke minst navigasjon. Men jeg undres over at tiden syntes \u00e5 g\u00e5 fortere jo eldre jeg blir. Det er nok ikke slik at universet snurrer hurtigere, heller ikke noe som kan reguleres med klokke &#8211; trolig er det noe med det \u00e5 eldes.<br>Tiden er jo relativ, og oppleves i kroppen. Tiden flyter \u2013 i v\u00e5re tanker er vi i fortid, nuet og fremtid. N\u00e5r vi er til stede i nuet er vi fokusert og samler minner Opplevd tid kan g\u00e5 i slow motion n\u00e5r det skjer noe viktig\/farlig. Da p\u00f8ses ogs\u00e5 kjemikaler ut i kroppen som gj\u00f8r oss oppmerksomme og vi husker detaljert.<br>Universaltid fines trolig ikke, bare en bevissthet om tid der vi deler opp d\u00f8gnet etter solens gang over hodene v\u00e5re. Hadde det ikke v\u00e6rt beviste vesener p\u00e5 jorden, hadde vi kanskje ikke hatt tiden, men uendeligheten.<\/p>\n\n\n\n<p><br>De f\u00f8rste dagene i mars var jeg p\u00e5 2 dagers seminar i <em>Kompetansenettverk Lokalmat<\/em> med tema: <em>Lokalmat og beredskap<\/em>. Det var sv\u00e6rt interessant og l\u00e6rerikt. Selv valgte jeg \u00e5 f\u00f8lge kurset om speking, da jeg i et beredskapsperspektiv tenkte at det kan v\u00e6re nyttig \u00e5 kunne noe om forsansing og oppbevaring av mat uten bruk av fryse- og kj\u00f8leskap.<\/p>\n\n\n\n<p><br>Deretter klarte husbonden og jeg \u00e5 f\u00e5 til en 3 ukers ferie p\u00e5 Malta ved at v\u00e5re d\u00f8tre og svigers\u00f8nn ivaretok ansvaret for dyra. Vi har jo reist til en god del steder i verden, men aldri til samme sted \u2013 s\u00e5 Malta ble en ny spennende opplevelse for oss.<br>Navnet Malta sies \u00e5 ha sin opprinnelse fra de gamle grekere og f\u00f8nikerne. Melite betyr honnings\u00f8t, og Malet betyr havn\/tilfluktsted.<br>Malta er stolt av sin honning og var et knutepunkt i Middelhavet, men ogs\u00e5 av den grunn utsatt for attakk og ulike herred\u00f8mmer. I Valletta gikk vi i fotsporene til Tempelridderne og stormesterne gjennom tidene. Dette var jo senteret i mange \u00e5r inntil Inkvisisjonen og forfallet tok dem.<br>Innenfor bymurene er det i et omr\u00e5de fire etasjers milit\u00e6re rom som alltid senere er brukt til fredsforhandlinger og lagre. Vi ble lamsl\u00e5tt av skj\u00f8nnheten i st. Jonhs med-katedral. P\u00e5 et annet omr\u00e5de bes\u00f8kte vi det som i sin tid var Europas st\u00f8rste og beste sykehus &#8211; ogs\u00e5 dette i 4 etasjer med saler hundre meter lange \u2013 og egen havn et annet sted for karantene (40 dagers isolasjon= da det var sp\u00f8rsm\u00e5l om smitte\/pest.) Her fant man opp giljotinen for hurtig amputering og deretter rask brennemerking for \u00e5 stoppe bl\u00f8dning. For \u00e5 holde s\u00e5ret friskt ble det brukt salt, men kom det antydning til betennelse ble det brukt honning. Videre ble honning og urter flittig brukt i den videre pleie og terapi &#8211; samt at mye av utstyret var av s\u00f8lv. Det var tempelriddere av lavere rang som var leger og pleiere.<\/p>\n\n\n\n<p><br>Kaprertiden i Middelhavet, hadde jeg fint lite kunnskap om fra mine skoledager- og slavehandelen her er vel ogs\u00e5 underkommunisert i v\u00e5r tid. Boken <em>1001 NATT<\/em> av Vetle Lied Larsen er \u00e5 anbefale for \u00e5 f\u00e5 et innblikk i dette. Denne boken, og erfaringen med bygdebokarbeidet, fikk meg til \u00e5 tenke tanken: <em>Kanskje han ikke ble bort i havet eller akterutseil i ei kneipe \u2013 men ble kapret og havnet i slaveri, i Algerie eller andre land i det Ottomanske rike.<\/em><br>Vi hadde en fremragende lokal guide p\u00e5 v\u00e5re utflukter, som kunne sin historie og trekke de store linjer for \u00e5 gi oss et innblikk i dagens Malta. Men n\u00e5r det er sagt, s\u00e5 m\u00e5tte jeg stille et sp\u00f8rsm\u00e5l: <em>Hvor er insektene og dyra?<\/em> Da kunne han fortelle at det er et problem at insektene forsvinner \u2013 ogs\u00e5 biene, og n\u00e5r det gjelder husdyrene s\u00e5 er de inne. Kun kaniner ferdes fritt og er ofte p\u00e5 middagsbordet. Malta har hatt en veldig rask \u00f8kning av folketallet, mye er bygd ut og antall biler har blitt et problem. Jordbruk utgj\u00f8r n\u00e5 bare 2 prosent, mens turisme 25 prosent.<br>Hjemme er nok v\u00e5re bier v\u00e5knet, v\u00e6rt ute og gjort sitt forn\u00f8dne etter vinteren, og dronningen begynt \u00e5 legge egg. Jeg er n\u00e5 blitt medlem av Norges Bonde og Sm\u00e5brukarlag (NBS) sitt Bir\u00f8kterutvalg. Informasjon fra landet og spesielt i \u00d8stlandsomr\u00e5det, meldes om stor vintertap, jeg f\u00e5r h\u00e5pe p\u00e5 et beste for biene i Flosta.<\/p>\n\n\n\n<p><br>Malta har utrolig mange megalittiske strukturer. \u00c5 komme n\u00e6r slike tempel av visdom, er magisk. Her fikk vi forklart hvordan sollyset ved vinter og sommersolverv, samt h\u00f8st og v\u00e5rjevnd\u00f8gn traff ulike rom i formasjonen. Dvs en \u00e5rs-kalender, sikker kombinert med et solur og en fertilitetskalender\/m\u00e5nekalender. Et syn p\u00e5 livet som knyttet dem n\u00e6rmere naturen og kosmos \u2013 kanskje det er det vi savner i v\u00e5r tid.<\/p>\n","protected":false},"excerpt":{"rendered":"<p>Det tiner, begynner \u00e5 piple, frosten mister taket, jorden forbereder seg &#8211; og i slutten av denne mnd. har vi v\u00e5rjevnd\u00f8gn &#8211; da dag og natt blir like lange. Noen stille klokka for sommertid, men det gj\u00f8r ikke jeg. Jeg synes rett ut sagt at dette er noe t\u00f8v som lager b\u00e5de psykiske og praktiske [&hellip;]<\/p>\n","protected":false},"author":2,"featured_media":872,"parent":47,"menu_order":0,"comment_status":"closed","ping_status":"closed","template":"","meta":{"footnotes":""},"class_list":["post-868","page","type-page","status-publish","has-post-thumbnail","hentry"],"_links":{"self":[{"href":"https:\/\/www.kalveknatten.no\/index.php?rest_route=\/wp\/v2\/pages\/868","targetHints":{"allow":["GET"]}}],"collection":[{"href":"https:\/\/www.kalveknatten.no\/index.php?rest_route=\/wp\/v2\/pages"}],"about":[{"href":"https:\/\/www.kalveknatten.no\/index.php?rest_route=\/wp\/v2\/types\/page"}],"author":[{"embeddable":true,"href":"https:\/\/www.kalveknatten.no\/index.php?rest_route=\/wp\/v2\/users\/2"}],"replies":[{"embeddable":true,"href":"https:\/\/www.kalveknatten.no\/index.php?rest_route=%2Fwp%2Fv2%2Fcomments&post=868"}],"version-history":[{"count":5,"href":"https:\/\/www.kalveknatten.no\/index.php?rest_route=\/wp\/v2\/pages\/868\/revisions"}],"predecessor-version":[{"id":879,"href":"https:\/\/www.kalveknatten.no\/index.php?rest_route=\/wp\/v2\/pages\/868\/revisions\/879"}],"up":[{"embeddable":true,"href":"https:\/\/www.kalveknatten.no\/index.php?rest_route=\/wp\/v2\/pages\/47"}],"wp:featuredmedia":[{"embeddable":true,"href":"https:\/\/www.kalveknatten.no\/index.php?rest_route=\/wp\/v2\/media\/872"}],"wp:attachment":[{"href":"https:\/\/www.kalveknatten.no\/index.php?rest_route=%2Fwp%2Fv2%2Fmedia&parent=868"}],"curies":[{"name":"wp","href":"https:\/\/api.w.org\/{rel}","templated":true}]}}