{"id":851,"date":"2026-01-31T23:34:52","date_gmt":"2026-01-31T22:34:52","guid":{"rendered":"https:\/\/www.kalveknatten.no\/?page_id=851"},"modified":"2026-01-31T23:38:26","modified_gmt":"2026-01-31T22:38:26","slug":"flosta-votten","status":"publish","type":"page","link":"https:\/\/www.kalveknatten.no\/?page_id=851","title":{"rendered":"Flosta-votten"},"content":{"rendered":"\n<p>Design Ingrid Salvesen<\/p>\n\n\n\n<p>Denne votten traff mitt lokalhistoriske hjertet s\u00e5 emosjonelt, at jeg m\u00e5tte ta kontakt med designeren. Jeg synes det er et smart design; anker med l\u00f8v og en tr\u00f8nderrose som vel s\u00e5 gjerne kan v\u00e6re en kompassrose og b\u00f8lgem\u00f8nster under &#8211; og en fisk p\u00e5 tommelen. Denne votten introduseres n\u00e5 som Flostavotten. Vi h\u00e5per den sl\u00e5r an &#8211; og at mange hiver seg p\u00e5 pinnene. Ingrid har ikke tid i \u00e5r, men kanskje hun tar seg tid til \u00e5 strikke\u00a0et lager gjennom vinteren og ha for salg under Flosta-regattaen<\/p>\n\n\n\n<figure class=\"wp-block-image size-large\"><img loading=\"lazy\" decoding=\"async\" width=\"850\" height=\"1024\" src=\"https:\/\/www.kalveknatten.no\/wp-content\/uploads\/2026\/01\/IMG_1907-850x1024.jpg\" alt=\"\" class=\"wp-image-852\" srcset=\"https:\/\/www.kalveknatten.no\/wp-content\/uploads\/2026\/01\/IMG_1907-850x1024.jpg 850w, https:\/\/www.kalveknatten.no\/wp-content\/uploads\/2026\/01\/IMG_1907-249x300.jpg 249w, https:\/\/www.kalveknatten.no\/wp-content\/uploads\/2026\/01\/IMG_1907-768x925.jpg 768w, https:\/\/www.kalveknatten.no\/wp-content\/uploads\/2026\/01\/IMG_1907-1275x1536.jpg 1275w, https:\/\/www.kalveknatten.no\/wp-content\/uploads\/2026\/01\/IMG_1907.jpg 1512w\" sizes=\"auto, (max-width: 850px) 100vw, 850px\" \/><\/figure>\n\n\n\n<p>OPPSKRIFTEN<\/p>\n\n\n\n<p>&nbsp;Vottene strikkes i Rauma 3-tr\u00e5dds garn fra Husfliden <\/p>\n\n\n\n<p>M\u00f8nstertegningen passer til herrevott. Til damest\u00f8rrelse m\u00e5 tas vekk en maske i hver side foran og bak, &#8211; til sammen 4 masker mindre.<\/p>\n\n\n\n<p>Legg opp 44 m (dame), 48 (herre) og strikk 8-9 cm vrangbord f\u00f8r m\u00f8nsteret strikkes. Hun har ikke&nbsp;tegnet m\u00f8nster for&nbsp; baksiden, men f\u00f8lger ellers oppskrift p\u00e5 S\u00e6lbu-votter som ogs\u00e5 f\u00e5s p\u00e5 Husfliden.&nbsp; <\/p>\n\n\n\n<p><\/p>\n","protected":false},"excerpt":{"rendered":"<p>Design Ingrid Salvesen Denne votten traff mitt lokalhistoriske hjertet s\u00e5 emosjonelt, at jeg m\u00e5tte ta kontakt med designeren. Jeg synes det er et smart design; anker med l\u00f8v og en tr\u00f8nderrose som vel s\u00e5 gjerne kan v\u00e6re en kompassrose og b\u00f8lgem\u00f8nster under &#8211; og en fisk p\u00e5 tommelen. Denne votten introduseres n\u00e5 som Flostavotten. Vi [&hellip;]<\/p>\n","protected":false},"author":2,"featured_media":835,"parent":149,"menu_order":0,"comment_status":"closed","ping_status":"closed","template":"","meta":{"footnotes":""},"class_list":["post-851","page","type-page","status-publish","has-post-thumbnail","hentry"],"_links":{"self":[{"href":"https:\/\/www.kalveknatten.no\/index.php?rest_route=\/wp\/v2\/pages\/851","targetHints":{"allow":["GET"]}}],"collection":[{"href":"https:\/\/www.kalveknatten.no\/index.php?rest_route=\/wp\/v2\/pages"}],"about":[{"href":"https:\/\/www.kalveknatten.no\/index.php?rest_route=\/wp\/v2\/types\/page"}],"author":[{"embeddable":true,"href":"https:\/\/www.kalveknatten.no\/index.php?rest_route=\/wp\/v2\/users\/2"}],"replies":[{"embeddable":true,"href":"https:\/\/www.kalveknatten.no\/index.php?rest_route=%2Fwp%2Fv2%2Fcomments&post=851"}],"version-history":[{"count":3,"href":"https:\/\/www.kalveknatten.no\/index.php?rest_route=\/wp\/v2\/pages\/851\/revisions"}],"predecessor-version":[{"id":855,"href":"https:\/\/www.kalveknatten.no\/index.php?rest_route=\/wp\/v2\/pages\/851\/revisions\/855"}],"up":[{"embeddable":true,"href":"https:\/\/www.kalveknatten.no\/index.php?rest_route=\/wp\/v2\/pages\/149"}],"wp:featuredmedia":[{"embeddable":true,"href":"https:\/\/www.kalveknatten.no\/index.php?rest_route=\/wp\/v2\/media\/835"}],"wp:attachment":[{"href":"https:\/\/www.kalveknatten.no\/index.php?rest_route=%2Fwp%2Fv2%2Fmedia&parent=851"}],"curies":[{"name":"wp","href":"https:\/\/api.w.org\/{rel}","templated":true}]}}