{"id":818,"date":"2026-01-06T22:55:05","date_gmt":"2026-01-06T21:55:05","guid":{"rendered":"https:\/\/www.kalveknatten.no\/?page_id=818"},"modified":"2026-01-08T14:56:18","modified_gmt":"2026-01-08T13:56:18","slug":"2025-desember","status":"publish","type":"page","link":"https:\/\/www.kalveknatten.no\/?page_id=818","title":{"rendered":"2025 Desember"},"content":{"rendered":"\n<p>I de senere \u00e5rene har vi i desember f\u00e5tt en sv\u00e6rt hyggelig og sosial aktivitet her i denne enden av Flosta. Ildsjelene Hans Olav, Elise, og n\u00e5 i \u00e5r supplert med Sven- Gjeruld og Guttorm, har beriket oss med \u00abTverdals\u00f8ens Julekalender\u00bb.&nbsp; Konseptet er helt genialt, de f\u00e5r folk i samtale for \u00e5 l\u00f8se \u00abluken\u00bb og s\u00e5 ut p\u00e5 en spasertur i julestria.&nbsp;<\/p>\n\n\n\n<p>Takk og lov, vi rakk \u00e5 slynge ferdig honningen v\u00e5r f\u00f8r julestria satte i gang. Slyngerommet ble nedvasket f\u00f8r \u00abKongen\u00bb ble avsatt og hengt opp, sammen med et r\u00e5dyr-kje for m\u00f8rning. Dette rommet er blitt sabla greit!<\/p>\n\n\n\n<p>Da dette var unnagjort tok vi oss en kort uke i Oslo. V\u00e5rt eldste barnebarn fylte 18 \u00e5r og ble beh\u00f8rig feiret, samt at det er fint \u00e5 v\u00e6re sammen med barn, svigerbarn og barnebarn. Vi bodde hos min barndomsvenninde og hennes mann, som ogs\u00e5 tar imot honningen v\u00e5r til videre salg.<\/p>\n\n\n\n<p>Da vi kom hjem var det \u00e5 fors\u00f8ke \u00e5 ta litt igjen av de huslige sysler, f\u00e5 kj\u00f8pt inn gaver og laget julestemning. I gamle dager var det nedvask f\u00f8r jul og sommer, &#8211; men akk, det ble det ikke tid til. Det ble \u00e5 fyke over med \u00abharelabben\u00bb og f\u00e5 frem pynt, lys og r\u00f8kelse. F\u00f8rst og fremst er r\u00f8kelse jul for meg, det gir stemning.<\/p>\n\n\n\n<p>Den gamle julekrybben Audun og jeg lagde den f\u00f8rste julen her ute i Kalvesund, mens Knut Olav var p\u00e5 jobb i Nordsj\u00f8en, har hedesplassen. Figurene er st\u00f8pt av gips, malt og lakket. De har hold seg godt, men her for noen \u00e5r siden gikk Josef i knas og en av gjeterne m\u00e5tte overta den rollen. Trauet med Jesus-barnet ble for mange \u00e5r siden skiftet ut med et eksemplar i utsk\u00e5ret oliventre kj\u00f8pt i Betlehem. I \u00e5ras l\u00f8p har det ogs\u00e5 v\u00e6rt en del andre dyr og vesener i denne stallen; hest, okse og asen, men ogs\u00e5 noen geiter, sm\u00e5 dinosaurer og legomenn. Den himmelfalne sauen har jeg spesielt sans for.<\/p>\n\n\n\n<figure class=\"wp-block-image size-full\"><img loading=\"lazy\" decoding=\"async\" width=\"480\" height=\"640\" src=\"https:\/\/www.kalveknatten.no\/wp-content\/uploads\/2026\/01\/Julekrybbe-rotated.jpg\" alt=\"\" class=\"wp-image-821\" srcset=\"https:\/\/www.kalveknatten.no\/wp-content\/uploads\/2026\/01\/Julekrybbe-rotated.jpg 480w, https:\/\/www.kalveknatten.no\/wp-content\/uploads\/2026\/01\/Julekrybbe-225x300.jpg 225w\" sizes=\"auto, (max-width: 480px) 100vw, 480px\" \/><\/figure>\n\n\n\n<p>P\u00e5 lillejulaften er det tradisjon hos oss at ungene pynter treet- og alt som ikke er unnagjort innen kl.18, m\u00e5 bare v\u00e6re. Da setter vi p\u00e5 oss nisselua, spiser risgr\u00f8t i lag og slapper av mens Tv`en surrer og g\u00e5r \u2013 men fokuserer n\u00e5r \u00abHovmesteren\u00bb tar til. Julaften er det sen og god  frokost p\u00e5 langbord, \u00ab3 n\u00f8tter til Askepott\u00bb, julegudstjeneste i Flosta kirke og samling p\u00e5 gravlunden med pynt p\u00e5 gravene, f\u00f8r vi m\u00f8tes til julemiddag. I \u00e5r ble det pinnekj\u00f8tt p\u00e5 Dal.<\/p>\n\n\n\n<p>Desember er en m\u00f8rk m\u00e5ned, s\u00e5 skikken med \u00e5 tenne julelys, spesielt n\u00e5r sn\u00f8en lar vente p\u00e5 seg, er koselig.&nbsp; I \u00e5r var det yngste barnebarn som var med og ordnet dette. Han syntes det passet best med alt som blinket.<\/p>\n\n\n\n<p>Desember kan ogs\u00e5 bli tung p\u00e5 andre m\u00e5ter. Vi er flere som har pratet om hvor mange sosiale m\u00f8testeder og \u00e5rsmarkeringer som er blitt borte. Alle har liksom nok med seg selv og sin n\u00e6rmeste familie. Kanskje vi skal gj\u00f8re noe med det fra i \u00e5r?<\/p>\n\n\n\n<p>Da vi var sm\u00e5, fikk vi niste og gikk i flokk opp p\u00e5 \u00abp\u00e5skeheia\u00bb for \u00e5 se sola danse p\u00e5 p\u00e5skemorgen. Dette var visstnok en sv\u00e6rt gammel skikk \u2013 sikkert tidligere en \u00e5rstidsmarkering (v\u00e5rjevnd\u00f8gn). Heldigvis har kirka tatt tak i dette og lager p\u00e5skegudstjeneste p\u00e5 festningen denne morgenen.<\/p>\n\n\n\n<p>Midtsommer var ogs\u00e5 en stor familie- og bygdemarkering. Det ble \u00abb\u00e5let\u00bb (ryddet i hus og haver og langt p\u00e5 bryggene lang tid i forveien). Ungdommen fraktet rasket videre ut p\u00e5 aktuelle holmer. Den 23. 06. p\u00e5 ettermiddagen dro vi s\u00e5 ut p\u00e5 en fast holme for \u00e5 tenne dette st. Hans b\u00e5let.<\/p>\n\n\n\n<p>P\u00e5 h\u00f8sten var det \u00e5rsm\u00f8tefester, med derp\u00e5 f\u00f8lgende dans, Det ble ogs\u00e5 feiret H\u00f8sttakke-fest, Kurv-fest, H\u00f8sthatte-fest, eller Allehelgens vake med lystenning p\u00e5 kirkeg\u00e5rden.<\/p>\n\n\n\n<p>Til jul gikk flesteparten til Krist-messe i kirken for \u00e5 h\u00f8re juleevangeliet og synge jula inn, eller i det minste sto vi p\u00e5 trammen og h\u00f8rte klokkene ringe h\u00f8ytiden inn klokka 5. Men &#8211; i romjula gikk vi julebukk og hadde det morsomt i nabolaget.<\/p>\n\n\n\n<p>Husbonden og jeg bestemte oss derfor at vi her p\u00e5 Kalveknatten skulle ta med oss en sekk ved og grillkull for \u00e5 tenne opp et b\u00e5l i Grillbua p\u00e5 Kalvesund festning p\u00e5 Svartejulaften den 21.12 kl.16:00. Vi annonserte det p\u00e5 facebook \u00abHva skjer i Kilsund\u00bb\u2013 og h\u00e5pte det ville kommer noen flere for \u00e5 markere dagen. Det ble positivt mottatt og det ble en koselig stund for store og sm\u00e5 p\u00e5 den svarteste natta i 2025. <\/p>\n\n\n\n<p>Sola har snudd og vi \u00f8nsker et godt nytt \u00e5r!<\/p>\n","protected":false},"excerpt":{"rendered":"<p>I de senere \u00e5rene har vi i desember f\u00e5tt en sv\u00e6rt hyggelig og sosial aktivitet her i denne enden av Flosta. Ildsjelene Hans Olav, Elise, og n\u00e5 i \u00e5r supplert med Sven- Gjeruld og Guttorm, har beriket oss med \u00abTverdals\u00f8ens Julekalender\u00bb.&nbsp; Konseptet er helt genialt, de f\u00e5r folk i samtale for \u00e5 l\u00f8se \u00abluken\u00bb og [&hellip;]<\/p>\n","protected":false},"author":2,"featured_media":394,"parent":47,"menu_order":0,"comment_status":"closed","ping_status":"closed","template":"","meta":{"footnotes":""},"class_list":["post-818","page","type-page","status-publish","has-post-thumbnail","hentry"],"_links":{"self":[{"href":"https:\/\/www.kalveknatten.no\/index.php?rest_route=\/wp\/v2\/pages\/818","targetHints":{"allow":["GET"]}}],"collection":[{"href":"https:\/\/www.kalveknatten.no\/index.php?rest_route=\/wp\/v2\/pages"}],"about":[{"href":"https:\/\/www.kalveknatten.no\/index.php?rest_route=\/wp\/v2\/types\/page"}],"author":[{"embeddable":true,"href":"https:\/\/www.kalveknatten.no\/index.php?rest_route=\/wp\/v2\/users\/2"}],"replies":[{"embeddable":true,"href":"https:\/\/www.kalveknatten.no\/index.php?rest_route=%2Fwp%2Fv2%2Fcomments&post=818"}],"version-history":[{"count":6,"href":"https:\/\/www.kalveknatten.no\/index.php?rest_route=\/wp\/v2\/pages\/818\/revisions"}],"predecessor-version":[{"id":827,"href":"https:\/\/www.kalveknatten.no\/index.php?rest_route=\/wp\/v2\/pages\/818\/revisions\/827"}],"up":[{"embeddable":true,"href":"https:\/\/www.kalveknatten.no\/index.php?rest_route=\/wp\/v2\/pages\/47"}],"wp:featuredmedia":[{"embeddable":true,"href":"https:\/\/www.kalveknatten.no\/index.php?rest_route=\/wp\/v2\/media\/394"}],"wp:attachment":[{"href":"https:\/\/www.kalveknatten.no\/index.php?rest_route=%2Fwp%2Fv2%2Fmedia&parent=818"}],"curies":[{"name":"wp","href":"https:\/\/api.w.org\/{rel}","templated":true}]}}