{"id":808,"date":"2025-11-30T22:18:18","date_gmt":"2025-11-30T21:18:18","guid":{"rendered":"https:\/\/www.kalveknatten.no\/?page_id=808"},"modified":"2026-01-31T23:16:20","modified_gmt":"2026-01-31T22:16:20","slug":"november-2025","status":"publish","type":"page","link":"https:\/\/www.kalveknatten.no\/?page_id=808","title":{"rendered":"2025 November"},"content":{"rendered":"\n<p>Husbonden laget <em>etiketter, klippet ut og p\u00e5f\u00f8rte melk og satt p\u00e5 honningglassene.<\/em><\/p>\n\n\n\n<p><strong>November 2025<\/strong><\/p>\n\n\n\n<p>Det er muse\u00e5r og noe m\u00e5 gj\u00f8res! Hos oss har husbonden satt feller i b\u00e5de i innhus, uthus, garasje og h\u00f8nsehus. Fellene er ikke oppspent med gulost, favorittp\u00e5legget er n\u00e5 pean\u00f8ttsm\u00f8r \u2013 og fellene spennes daglig. Her sent en kveld da jeg sagget av for \u00e5 kj\u00f8re opp til garasjen, pilte ei mus over panseret. Jeg ble helt forst\u00f8kt, mus faller jo ikke ned fra himmelen? Det var for sent \u00e5 vekke kallen, men dagen etter ble bilen inspisert, og Gud skje lov \u2013 alt var i orden. Da jeg fortalte det til v\u00e5r s\u00f8nn inni Oslo, sa han:<em> Ja mus er et problem, s\u00e6rlig med elektriske biler. Musa har jo funnet ut at biler har sentralfyring for sine batterier- og derved finfine leiligheter for dem. <\/em>Da bar det til Bondekompaniet for \u00e5 kj\u00f8pe nymotens musejagere. Dette er et apparat som sender ut ultralyd som gir sm\u00e5kreket en slik ulidelig opplevelse at det flytter ut i skauen igjen. Men vi kan jo ikke h\u00f8re denne lyden selv, s\u00e5 det kan v\u00e6re tull, men vi f\u00e5r jo tro at det virker.<\/p>\n\n\n\n<p>Jeg er litt skeptisk, s\u00e5 etter familier\u00e5d har vi ogs\u00e5 anskaffet oss katt. Den forrige pusen, sibirkatten <em>Boris Pusin<\/em>, gikk til de evige jaktmarker for 2 \u00e5r siden og har v\u00e6rt dypt savnet og vanskelig \u00e5 erstatte. N\u00e5 har vi alts\u00e5 kj\u00f8pt en ny katt, en blanding av Norsk skogkatt og Amerikansk skogkatt (Main Coon). Hun har f\u00e5tt navnet <em>Sussi Tiger<\/em> (tigerfarget med makrellm\u00f8nster). Vi har hatt Norsk skogkatt f\u00f8r, <em>Effy<\/em>, og hun var med i registering og rasegodkjent som Norsk Skogkatt. Jeg husker at i det arbeidet kom Lisbeth fra Staub\u00f8 med sin store, fine oransje katt til registrering. Det ble stor overraskelse og gleder hos veterin\u00e6r og katteekspertene. <em>\u00abHadde vi bare sett denne katten f\u00f8r vi satte standarden\u00bb<\/em> Det st\u00e5r visnok i en passasje i gamle skrifter om vikingenes kettir som har en klatreklo og kan klatre med hode f\u00f8rst nedover masta. Men de hadde ikke i sitt registeringsarbeid sett slik klatreklo f\u00f8r Lisbeth kom med sin katt.<\/p>\n\n\n\n<p>Avl ja, prisen p\u00e5 nyttedyr\/kj\u00e6ledyr har steget kolossalt og det er nok en del fusk og fanteri i bransjen. Det avles p\u00e5 s\u00e6rtrekk som avstedkommer misdannelser og funksjonsproblemer. Dessuten er det p-piller og sterilisering av dyra, som gj\u00f8r at det er vanskelig \u00e5 finne make p\u00e5 de \u00e5pne jordene. P\u00e5 nettet er det mye som averteres som \u00abskipskatter\u00bb, det er katter som har for mange, lite eller feilutviklede t\u00e6r, men som faktisk er en vanlig genetisk feil (polydaktyli), bl.a. hos katter og trolig pga. for mye innavl.<\/p>\n\n\n\n<p>I november var vi oppe i Austre Moland og hentet h\u00f8y til vinterfor. &nbsp;Sauene er hentet hjem fra Dal\/Narest\u00f8 og <em>Kongen<\/em> (v\u00e6ren fra Gj\u00e6rstad) viste seg \u00e5 v\u00e6re en spradebasse proppa full av hormoner og lite annet. Han har seg i tide og utide, s\u00e5 gimmer og s\u00f8yer blir litt stressa. Han tar lite hensyn, viser lite respekt og sjarm, s\u00e5 han f\u00e5r et kort liv. Vi f\u00e5r heller beregne f\u00e6rre lam til v\u00e5ren, for hans personlighet er ikke verd \u00e5 satse p\u00e5.<\/p>\n\n\n\n<p>Jeg husker forresten tilbake p\u00e5 de \u00e5rlige sauesj\u00e5 i Evje. Far min var n\u00f8ye med dyrehold og valg av buskap. I lammetida var det mye nattev\u00e5k og av og til tunge tak. Ei av hans premierte sauer d\u00f8de etter f\u00f8dsel og jeg fikk et koppelam \u00e5 ta hand om. Lammet ble hetende <em>Morlaus<\/em> og siste \u00e5ret vi bodde der oppe fikk hun 3 sterke, fine lam og 1.premie i sauesj\u00e5et.<\/p>\n\n\n\n<p>N\u00e5 som nettene har blitt kalde har husbonden ordnet litt varme og lys til h\u00f8nsa. De gamle h\u00f8nene er i fj\u00e6rfelling og legger ikke egg og de nye er for unge til \u00e5 legge egg. S\u00e5 julebaksten blir med butikk-egg i \u00e5r. Men vi har skaffet oss ny hane for \u00e5 holde orden i rekkene. Dvs. Fra Kristin p\u00e5 Ytterb\u00f8 fikk vi to av 3 unghaner. De var allerede navnsatt til <em>Hvitingen<\/em> og <em>Spraglen \u2013 <\/em>s\u00e5 f\u00e5r vi se hvordan de tilpasser seg i flokken og livet p\u00e5 Kalveknatten.<\/p>\n\n\n\n<p>Mesteparten av honningen er n\u00e5 kommet p\u00e5 glass, men jeg har ei b\u00f8tte med honning som ikke er salgsvare, etter min mening, men som kan fungere ypperlig i brygg og bakst. Det hadde v\u00e6rt litt artig om det er en gjeng eller to som kunne tenke seg \u00e5 lage mj\u00f8d. Det sies at man kan styre s\u00f8dmen ved \u00e5 tilsette honning og vann i ulike forhold, eller lage en egen versjon ved \u00e5 tilsette, frukt, b\u00e6r og krydderier. Valg av gj\u00e6r er ogs\u00e5 viktig, men det kan visstnok brukes epler eller eplemost\/sider. Den f\u00f8rste mj\u00f8den vi lagde ble altfor s\u00f8t og det meste st\u00e5r fremdeles i kjelleren.<\/p>\n\n\n\n<p>November er en stille stund for biene der de g\u00e5r i klase for \u00e5 holde varmen inne i kubene sine. De danner ring rundt dronningen og sl\u00e5r floker\/vifter med vingene for \u00e5 f\u00e5 opp temperaturen. N\u00e5r biene i innerste ring blir slitne bytter de plass og g\u00e5r til ytre ring &#8211; og slik skjer danen hele vinteren. Jeg har f\u00e5tt l\u00e5ne en kubevekt med dataoverf\u00f8rting slik at jeg kan se hvordan tilstanden er i en av kubene. \u00c5rsm\u00f8te i \u00d8stre Agder Bir\u00f8kterlag hadde vi ogs\u00e5 i november og da gikk jeg ut av styret. Jeg har nemlig et prosjekt p\u00e5 gang om \u00e5 f\u00e5 nedskrevet slektshistorien mens jeg har ork og lyst.<\/p>\n","protected":false},"excerpt":{"rendered":"<p>Husbonden laget etiketter, klippet ut og p\u00e5f\u00f8rte melk og satt p\u00e5 honningglassene. November 2025 Det er muse\u00e5r og noe m\u00e5 gj\u00f8res! Hos oss har husbonden satt feller i b\u00e5de i innhus, uthus, garasje og h\u00f8nsehus. Fellene er ikke oppspent med gulost, favorittp\u00e5legget er n\u00e5 pean\u00f8ttsm\u00f8r \u2013 og fellene spennes daglig. Her sent en kveld da [&hellip;]<\/p>\n","protected":false},"author":2,"featured_media":666,"parent":47,"menu_order":0,"comment_status":"closed","ping_status":"closed","template":"","meta":{"footnotes":""},"class_list":["post-808","page","type-page","status-publish","has-post-thumbnail","hentry"],"_links":{"self":[{"href":"https:\/\/www.kalveknatten.no\/index.php?rest_route=\/wp\/v2\/pages\/808","targetHints":{"allow":["GET"]}}],"collection":[{"href":"https:\/\/www.kalveknatten.no\/index.php?rest_route=\/wp\/v2\/pages"}],"about":[{"href":"https:\/\/www.kalveknatten.no\/index.php?rest_route=\/wp\/v2\/types\/page"}],"author":[{"embeddable":true,"href":"https:\/\/www.kalveknatten.no\/index.php?rest_route=\/wp\/v2\/users\/2"}],"replies":[{"embeddable":true,"href":"https:\/\/www.kalveknatten.no\/index.php?rest_route=%2Fwp%2Fv2%2Fcomments&post=808"}],"version-history":[{"count":5,"href":"https:\/\/www.kalveknatten.no\/index.php?rest_route=\/wp\/v2\/pages\/808\/revisions"}],"predecessor-version":[{"id":848,"href":"https:\/\/www.kalveknatten.no\/index.php?rest_route=\/wp\/v2\/pages\/808\/revisions\/848"}],"up":[{"embeddable":true,"href":"https:\/\/www.kalveknatten.no\/index.php?rest_route=\/wp\/v2\/pages\/47"}],"wp:featuredmedia":[{"embeddable":true,"href":"https:\/\/www.kalveknatten.no\/index.php?rest_route=\/wp\/v2\/media\/666"}],"wp:attachment":[{"href":"https:\/\/www.kalveknatten.no\/index.php?rest_route=%2Fwp%2Fv2%2Fmedia&parent=808"}],"curies":[{"name":"wp","href":"https:\/\/api.w.org\/{rel}","templated":true}]}}