{"id":771,"date":"2025-10-11T12:41:44","date_gmt":"2025-10-11T10:41:44","guid":{"rendered":"https:\/\/www.kalveknatten.no\/?page_id=771"},"modified":"2026-01-31T23:17:18","modified_gmt":"2026-01-31T22:17:18","slug":"september-2025","status":"publish","type":"page","link":"https:\/\/www.kalveknatten.no\/?page_id=771","title":{"rendered":"2025 September"},"content":{"rendered":"\n<p>September er tiden til forberedelse for vinteren. Naturen skifter farger og livskraften g\u00e5r tilbake til jorden.<\/p>\n\n\n\n<p>Jaktsesongen begynner snart b\u00e5de til lands og til havs. Sauene v\u00e5re ble i slutten av denne mnd flyttet fra sommerbeitet i Ytterb\u00f8skauen til Ailinn og familien p\u00e5 Dal. Her hjemme slynger vi honning, rydder litt i dikene og henter inn ved. Biene skal ogs\u00e5 gis vinterfor for \u00e5 kunne overleve i sine kuber og 50 h\u00f8yballer skal snart hentes til sauene for vinteren.<\/p>\n\n\n\n<p>I slutten av august tok vi oss en velfortjent ferieuke i Oslo og bes\u00f8kte barn og venner. Vi var ogs\u00e5 i en 70-\u00e5rsfeiring som kom helt overraskende p\u00e5 jubilanten. Som seg h\u00f8r og b\u00f8r var der b\u00e5de god mat og drikke, men den som imponerte mest var moren til jubilantens sin hjemmebakte bursdagskake som ble levert med lette dansetrinn til kaffibordet \u2013 en rosa dr\u00f8m av en kaloribombe (se for \u00f8vrig oppskriftene hennes her p\u00e5 hjemmesiden).<\/p>\n\n\n\n<p>Mens vi var i Oslo var Vasyl innom big\u00e5rdene og s\u00e5 til siste rest av dronningemner. De var beregnet til \u00e5 bytte ut noen iltre og slitne dronninger i big\u00e5rden p\u00e5 L\u00f8v\u00f8ya. Men tror du ikke grevlinger hadde f\u00e5tt snusen p\u00e5 larver i parekasettene og \u00f8delagt mye av arbeidet og utstyret. \u00a0Ja, det er mye grevlinger for tiden og mange har vel ogs\u00e5 nattestid bes\u00f8k p\u00e5 sine plener og i bed. Anja sine 3 brunsnegle-jegere (Indiske l\u00f8pender) ble ogs\u00e5 tatt av grevling.<\/p>\n\n\n\n<p>F\u00f8rste september begynte vi \u00e5 h\u00f8ste honning, men f\u00f8rst dro vi til Kurt for \u00e5 kj\u00f8pe vinterfor til biene. Kurt var tidligere sykehusdirekt\u00f8r, men har lange tradisjoner for bir\u00f8kt i slekten. Da han overtok kuber etter sin far, dannet han Kube Bir\u00f8kt AS sammen med sin s\u00f8nn. Det fine med \u00e5 kj\u00f8pe fra Kurt er at vi kan fylle forb\u00f8ttene v\u00e5re og derved redusere mye un\u00f8dvendig plast og f\u00e5 en milj\u00f8gevinst (returpant).<\/p>\n\n\n\n<p>I naturen overvintrer villbier ved \u00e5 finne seg en gammel rot og kryper ned i bakken, men dronninger, droner og arbeiderne skal d\u00f8 i l\u00f8pet av h\u00f8sten. Kun noen f\u00e5 nyklekte dronninger m\u00f8ter den kalde vinteren. De solit\u00e6re biene lever, som navnet tilsier, alene. De nyklekte, befruktede dronningene g\u00e5r i dvale og f\u00f8rst n\u00e5r v\u00e5ren kommer v\u00e5ker de til live for \u00e5 starte opp et nytt samfunn.\u00a0<\/p>\n\n\n\n<p>Honningbier er insekter som lever naturlig i tropiske og subtropiske str\u00f8k. I Portugal, Spania, Italia, Hellas, Tyrkia m.fl. greier biene seg dersom de f\u00e5r inn nok honning. De har ogs\u00e5 m\u00e5ttet tilpasset seg \u00e5rstider for \u00e5 sitte rolige i kalde perioder som kan vare fra 1 uke og oppover,\u00a0men sjeldent mer enn 2 uker uten \u00e5 fly ut.<\/p>\n\n\n\n<p>Knut Olav og jeg, sammen med 2 av v\u00e5re barn, var for noen \u00e5r siden p\u00e5 Island. Landet har et kj\u00f8lig klima, f\u00e6rre pollinerende innsekter og har derved ogs\u00e5 en annen vegetasjon. Men islendingene har kontroll p\u00e5 sine naturressurser og bruker sine varme kilder til oppvarming og energiform\u00e5l. P\u00e5 turen bes\u00f8kte vi ikke bare den \u00abBl\u00e5 Lagune\u00bb og duvet i Svartsengi (i spillvann fra kraftverket), men bes\u00f8kte ett av de mange drivhus som s\u00f8rger for gr\u00f8nnsaker til folket. Inne i drivhusene surret bier og humler etter dronninger innkj\u00f8pt fra Nederland.<\/p>\n\n\n\n<p>For \u00e5 holde honningbier i Norge har vi tatt i bruk biehus\/kuber der hele samfunnet kan overvintre. Biene g\u00e5r ikke i dvale, men sitter sammen i ring rundt dronningen mens de sl\u00e5r floker\/vibrere med vingene, bytter posisjon, spiser lettford\u00f8yelig for og holder seg i en klaseform.\u00a0Det g\u00e5r mye energi til \u00e5 holde temperaturen p\u00e5 25 grader inne i klasen. Vinterbiene m\u00e5 derfor v\u00e6re sterke og sunne for \u00e5 kunne overleve helt til v\u00e5ren. Biene hadde ikke klart \u00e5 overvintre p\u00e5 egenh\u00e5nd. Honningen ville sukrer seg i rammene, samt at honning gir masse avf\u00f8ring som M\u00c5 ut. N\u00e5r de ikke kan fly ut i vinterkulda, skiter de ned tavler og f\u00f4r eller g\u00e5r til grunne av mangel p\u00e5 mat. Som\u00a0bir\u00f8ktere\u00a0m\u00e5 vi derfor innvintre biene v\u00e5re p\u00e5 sukkerlake, og da kan biene sitte inne helt til v\u00e5ren.<\/p>\n\n\n\n<figure class=\"wp-block-image size-large\"><img loading=\"lazy\" decoding=\"async\" width=\"473\" height=\"1024\" src=\"https:\/\/www.kalveknatten.no\/wp-content\/uploads\/2025\/10\/IMG_7164-473x1024.jpg\" alt=\"\" class=\"wp-image-775\" srcset=\"https:\/\/www.kalveknatten.no\/wp-content\/uploads\/2025\/10\/IMG_7164-473x1024.jpg 473w, https:\/\/www.kalveknatten.no\/wp-content\/uploads\/2025\/10\/IMG_7164-139x300.jpg 139w, https:\/\/www.kalveknatten.no\/wp-content\/uploads\/2025\/10\/IMG_7164-768x1662.jpg 768w, https:\/\/www.kalveknatten.no\/wp-content\/uploads\/2025\/10\/IMG_7164-710x1536.jpg 710w, https:\/\/www.kalveknatten.no\/wp-content\/uploads\/2025\/10\/IMG_7164.jpg 924w\" sizes=\"auto, (max-width: 473px) 100vw, 473px\" \/><\/figure>\n\n\n\n<p>18- september hadde jeg bes\u00f8k av 4 kl av Steinerskolen. Elevene l\u00e6rer om prim\u00e6rn\u00e6ringene og \u00f8nsket \u00e5 se hvordan man klipper sau. Det var s\u00e5 hyggelig og fellen til \u00abLade\u00bb er n\u00e5 blitt gjetertasker.<\/p>\n\n\n\n<p>Senere p\u00e5 dagen ble tilhengeren lastet opp med 12 b\u00f8tter finsilt honning (over 200 kg) fra big\u00e5rdene her i Kalvesund og p\u00e5 L\u00f8v\u00f8ya, og kj\u00f8rt bort til Honningcentralen i Grimstad. Honningen fra Ytterb\u00f8 og Dal blir r\u00f8rt her hjemme og kommer p\u00e5 glass for salg senere. Det nye slyngerommet har fungert helt supert som arbeidsplass for oss.<\/p>\n\n\n\n<p>25. september ble det tatt nye bilder av ankelen og jeg fikk kaste krykkene. N\u00e5 er jeg hoppende glad, &#8211; det er forresten husbonden ogs\u00e5.<\/p>\n\n\n\n<p><\/p>\n","protected":false},"excerpt":{"rendered":"<p>September er tiden til forberedelse for vinteren. Naturen skifter farger og livskraften g\u00e5r tilbake til jorden. Jaktsesongen begynner snart b\u00e5de til lands og til havs. Sauene v\u00e5re ble i slutten av denne mnd flyttet fra sommerbeitet i Ytterb\u00f8skauen til Ailinn og familien p\u00e5 Dal. Her hjemme slynger vi honning, rydder litt i dikene og henter [&hellip;]<\/p>\n","protected":false},"author":2,"featured_media":773,"parent":47,"menu_order":0,"comment_status":"closed","ping_status":"closed","template":"","meta":{"footnotes":""},"class_list":["post-771","page","type-page","status-publish","has-post-thumbnail","hentry"],"_links":{"self":[{"href":"https:\/\/www.kalveknatten.no\/index.php?rest_route=\/wp\/v2\/pages\/771","targetHints":{"allow":["GET"]}}],"collection":[{"href":"https:\/\/www.kalveknatten.no\/index.php?rest_route=\/wp\/v2\/pages"}],"about":[{"href":"https:\/\/www.kalveknatten.no\/index.php?rest_route=\/wp\/v2\/types\/page"}],"author":[{"embeddable":true,"href":"https:\/\/www.kalveknatten.no\/index.php?rest_route=\/wp\/v2\/users\/2"}],"replies":[{"embeddable":true,"href":"https:\/\/www.kalveknatten.no\/index.php?rest_route=%2Fwp%2Fv2%2Fcomments&post=771"}],"version-history":[{"count":6,"href":"https:\/\/www.kalveknatten.no\/index.php?rest_route=\/wp\/v2\/pages\/771\/revisions"}],"predecessor-version":[{"id":850,"href":"https:\/\/www.kalveknatten.no\/index.php?rest_route=\/wp\/v2\/pages\/771\/revisions\/850"}],"up":[{"embeddable":true,"href":"https:\/\/www.kalveknatten.no\/index.php?rest_route=\/wp\/v2\/pages\/47"}],"wp:featuredmedia":[{"embeddable":true,"href":"https:\/\/www.kalveknatten.no\/index.php?rest_route=\/wp\/v2\/media\/773"}],"wp:attachment":[{"href":"https:\/\/www.kalveknatten.no\/index.php?rest_route=%2Fwp%2Fv2%2Fmedia&parent=771"}],"curies":[{"name":"wp","href":"https:\/\/api.w.org\/{rel}","templated":true}]}}