{"id":742,"date":"2025-07-25T19:39:40","date_gmt":"2025-07-25T17:39:40","guid":{"rendered":"https:\/\/www.kalveknatten.no\/?page_id=742"},"modified":"2025-07-25T19:40:51","modified_gmt":"2025-07-25T17:40:51","slug":"sitron-ol-fra-sykehjemmet","status":"publish","type":"page","link":"https:\/\/www.kalveknatten.no\/?page_id=742","title":{"rendered":"Sitron-\u00f8l fra sykehjemmet"},"content":{"rendered":"\n<p>Dette er en gammel oppskrift fra Nes Verk som ble formidlet av en 93 \u00e5r gammel dame som fortalte at denne resepten hadde hun etter sin mor.<\/p>\n\n\n\n<p>Ingredienser:<\/p>\n\n\n\n<p>16 l vann, 2 kg sukker. Kokes opp til sukkeret har  smeltet inn. Ta gryta av ovnen og legg i skiver av 3 sitroner. Avkj\u00f8les til fingervarmt. Tilsett 1 str\u00f8ken spiseskje fersk gj\u00e6r som er utr\u00f8rt i litt vann. La det st\u00e5 i ett d\u00f8gn og tilsett sukkerlik\u00f8r til passe farge. Ha \u00f8let p\u00e5 flasker og la det st\u00e5 kaldt i 10-14 dager.<\/p>\n","protected":false},"excerpt":{"rendered":"<p>Dette er en gammel oppskrift fra Nes Verk som ble formidlet av en 93 \u00e5r gammel dame som fortalte at denne resepten hadde hun etter sin mor. Ingredienser: 16 l vann, 2 kg sukker. Kokes opp til sukkeret har smeltet inn. Ta gryta av ovnen og legg i skiver av 3 sitroner. Avkj\u00f8les til fingervarmt. [&hellip;]<\/p>\n","protected":false},"author":2,"featured_media":0,"parent":311,"menu_order":0,"comment_status":"closed","ping_status":"closed","template":"","meta":{"footnotes":""},"class_list":["post-742","page","type-page","status-publish","hentry"],"_links":{"self":[{"href":"https:\/\/www.kalveknatten.no\/index.php?rest_route=\/wp\/v2\/pages\/742","targetHints":{"allow":["GET"]}}],"collection":[{"href":"https:\/\/www.kalveknatten.no\/index.php?rest_route=\/wp\/v2\/pages"}],"about":[{"href":"https:\/\/www.kalveknatten.no\/index.php?rest_route=\/wp\/v2\/types\/page"}],"author":[{"embeddable":true,"href":"https:\/\/www.kalveknatten.no\/index.php?rest_route=\/wp\/v2\/users\/2"}],"replies":[{"embeddable":true,"href":"https:\/\/www.kalveknatten.no\/index.php?rest_route=%2Fwp%2Fv2%2Fcomments&post=742"}],"version-history":[{"count":1,"href":"https:\/\/www.kalveknatten.no\/index.php?rest_route=\/wp\/v2\/pages\/742\/revisions"}],"predecessor-version":[{"id":743,"href":"https:\/\/www.kalveknatten.no\/index.php?rest_route=\/wp\/v2\/pages\/742\/revisions\/743"}],"up":[{"embeddable":true,"href":"https:\/\/www.kalveknatten.no\/index.php?rest_route=\/wp\/v2\/pages\/311"}],"wp:attachment":[{"href":"https:\/\/www.kalveknatten.no\/index.php?rest_route=%2Fwp%2Fv2%2Fmedia&parent=742"}],"curies":[{"name":"wp","href":"https:\/\/api.w.org\/{rel}","templated":true}]}}