{"id":733,"date":"2025-07-25T18:41:49","date_gmt":"2025-07-25T16:41:49","guid":{"rendered":"https:\/\/www.kalveknatten.no\/?page_id=733"},"modified":"2025-07-25T19:02:09","modified_gmt":"2025-07-25T17:02:09","slug":"knut-olavs-nissegrot","status":"publish","type":"page","link":"https:\/\/www.kalveknatten.no\/?page_id=733","title":{"rendered":"Knut Olavs Nissegr\u00f8t"},"content":{"rendered":"\n<p>Vi har i alle \u00e5r feiret julens komme med nissegr\u00f8t p\u00e5 lillejul-aften. Juleforberedelser som ikke var gjort innen kl.18, fikk la bli &#8211; da var det h\u00f8ytid. Jeg husker det \u00e5ret yngstejenta ble f\u00f8dt (november). Juleforberedelsene ble gjort i en hast og julegaver ble handlet 23.12 fra butikkene \u00e5pnet i Arendal. Da innkj\u00f8pene var gjort  bestemte Knut Olav og jeg oss for at i \u00e5r spiser vi jule-tallerken p\u00e5 restaurant f\u00f8r i kj\u00f8rer hjem. Som sagt s\u00e5 gjort og vi roet ned med b\u00e5de det ene og det andre av alskens julemat. Gode og mette satte vi oss i bilen og kj\u00f8rte hjem. Men da vi skysset alle 4 ungene inn p\u00e5 badet for tannpuss og videre boms i senga , startet et unisont hylekor. &laquo;Det blir ikke jul uten nissegr\u00f8t!&raquo;  Det gikk alts\u00e5 ikke an \u00e5 bryte tradisjonen. Knut Olav m\u00e5tte lage gr\u00f8ten og omsider satt vi s\u00e5 rundt bordet og halvsov med skjea i h\u00e5nda &#8211; s\u00e5 da ble det jul igjen. <\/p>\n\n\n\n<p>Etter den erfaringen har vi alltid hatt Nissejulaften, gjerne med gjester og der Knut Olav st\u00e5r for gr\u00f8ten. Hos oss har det aldri v\u00e6rt men enn 1 mandel i gr\u00f8ten, og etter som \u00e5rene har g\u00e5tt en gjettelek p\u00e5 hvem som har den etter vi har spist opp.<\/p>\n\n\n\n<p><strong>Ingredienser:<\/strong><\/p>\n\n\n\n<p>30 (34)porsjoner = 14-15 Ytterd\u00f8ler. Bruk en 13l gryte og beregne 2 1\/2 time. Du kan ogs\u00e5 bruke 2 gryter ( 5 + 10 l) og fordele etter det forholdet.<\/p>\n\n\n\n<p>15 (17) dl. ris = 1,5 kg = (2 pakker Geisha gr\u00f8tris)<\/p>\n\n\n\n<p>3 (3,4) l vann &#8211; kokes inn i risen.<\/p>\n\n\n\n<p>7,5 (8,5)l Helmelk &#8211; kokes opp og s\u00e5 sm\u00e5kokes i ca. 1 time. <\/p>\n\n\n\n<p>2 ts. salt  + 1 sk\u00e5ldet MANDEL i gr\u00f8ten.<\/p>\n\n\n\n<p><\/p>\n\n\n\n<p><\/p>\n","protected":false},"excerpt":{"rendered":"<p>Vi har i alle \u00e5r feiret julens komme med nissegr\u00f8t p\u00e5 lillejul-aften. Juleforberedelser som ikke var gjort innen kl.18, fikk la bli &#8211; da var det h\u00f8ytid. Jeg husker det \u00e5ret yngstejenta ble f\u00f8dt (november). Juleforberedelsene ble gjort i en hast og julegaver ble handlet 23.12 fra butikkene \u00e5pnet i Arendal. Da innkj\u00f8pene var gjort [&hellip;]<\/p>\n","protected":false},"author":2,"featured_media":0,"parent":339,"menu_order":0,"comment_status":"closed","ping_status":"closed","template":"","meta":{"footnotes":""},"class_list":["post-733","page","type-page","status-publish","hentry"],"_links":{"self":[{"href":"https:\/\/www.kalveknatten.no\/index.php?rest_route=\/wp\/v2\/pages\/733","targetHints":{"allow":["GET"]}}],"collection":[{"href":"https:\/\/www.kalveknatten.no\/index.php?rest_route=\/wp\/v2\/pages"}],"about":[{"href":"https:\/\/www.kalveknatten.no\/index.php?rest_route=\/wp\/v2\/types\/page"}],"author":[{"embeddable":true,"href":"https:\/\/www.kalveknatten.no\/index.php?rest_route=\/wp\/v2\/users\/2"}],"replies":[{"embeddable":true,"href":"https:\/\/www.kalveknatten.no\/index.php?rest_route=%2Fwp%2Fv2%2Fcomments&post=733"}],"version-history":[{"count":3,"href":"https:\/\/www.kalveknatten.no\/index.php?rest_route=\/wp\/v2\/pages\/733\/revisions"}],"predecessor-version":[{"id":737,"href":"https:\/\/www.kalveknatten.no\/index.php?rest_route=\/wp\/v2\/pages\/733\/revisions\/737"}],"up":[{"embeddable":true,"href":"https:\/\/www.kalveknatten.no\/index.php?rest_route=\/wp\/v2\/pages\/339"}],"wp:attachment":[{"href":"https:\/\/www.kalveknatten.no\/index.php?rest_route=%2Fwp%2Fv2%2Fmedia&parent=733"}],"curies":[{"name":"wp","href":"https:\/\/api.w.org\/{rel}","templated":true}]}}