{"id":700,"date":"2025-07-22T16:49:54","date_gmt":"2025-07-22T14:49:54","guid":{"rendered":"https:\/\/www.kalveknatten.no\/?page_id=700"},"modified":"2026-01-31T23:15:00","modified_gmt":"2026-01-31T22:15:00","slug":"2025-juli","status":"publish","type":"page","link":"https:\/\/www.kalveknatten.no\/?page_id=700","title":{"rendered":"2025 Juli"},"content":{"rendered":"\n<p>N\u00e5 er sommeren her. Da vi var unge var dette en utrolig hektisk tid, med mye fest og moro.<\/p>\n\n\n\n<p>Sommeren begynte i grunnen p\u00e5 pinseaften- og da m\u00e5tte b\u00e5tene v\u00e6re klare. Da ble b\u00e5tene pynta litt og turen gikk til Sand\u00f8ya p\u00e5 forsamlingshuset. Ikke s\u00e5 sjelden var det en kald forn\u00f8yelse.<\/p>\n\n\n\n<figure class=\"wp-block-image size-full\"><img loading=\"lazy\" decoding=\"async\" width=\"640\" height=\"610\" src=\"https:\/\/www.kalveknatten.no\/wp-content\/uploads\/2025\/07\/dans-2.jpg\" alt=\"\" class=\"wp-image-710\" srcset=\"https:\/\/www.kalveknatten.no\/wp-content\/uploads\/2025\/07\/dans-2.jpg 640w, https:\/\/www.kalveknatten.no\/wp-content\/uploads\/2025\/07\/dans-2-300x286.jpg 300w\" sizes=\"auto, (max-width: 640px) 100vw, 640px\" \/><\/figure>\n\n\n\n<figure class=\"wp-block-image size-full\"><img decoding=\"async\" src=\"https:\/\/www.kalveknatten.no\/wp-content\/uploads\/2025\/07\/Nilsenhola-1.jpg\" alt=\"\" class=\"wp-image-706\"\/><\/figure>\n\n\n\n<p>Deretter var det tid til \u00e5 b\u00e5le (samle gamle skrog og skrot som kunne brennes) til st.Hans. Hver bygd hadde ansvar for sin holme og ungdomsgjengene, hovedsakelig guttene, fraktet skrotet fra bryggene og ut p\u00e5 skj\u00e6ra og hadde ogs\u00e5 ansvar for b\u00e5let. Omsider kom st. Hans-aften og i min tid dro hele familiene, stort som sm\u00e5tt, ut p\u00e5 sin holme.&nbsp; For min del var det Kalv\u00f8ya for Knut Olavs del var det vestre enden av Buskj\u00e6r.<\/p>\n\n\n\n<p>Endelig kom juli med festligheter, regatta og tivoli, men ogs\u00e5 sommerjobber og lite nattes\u00f8vn. P\u00e5 seilerytta var det dans og moro onsdag, fredag fra skoleslutt til skolestart. F\u00f8rste helg i Juli var det Regatta med dans og tivoli p\u00e5 Idrettshuset p\u00e5 Staub\u00f8, helga etter var det Regattahelg i Tvedestrand &#8211; ogs\u00e5 der med dans og tivoli, tredje helga var det Sommerfest med dans og tivoli p\u00e5 Idrettshuset, og siste helga det samme i Tvedestrand.<\/p>\n\n\n\n<p>I fjor\u00e5rets julem\u00e5ned var vi p\u00e5 gullbryllupsreise i England. Vi hadde en klassisk rundreise og var ogs\u00e5 innom mange vakre sm\u00e5byer som de vi har sett i &laquo;Midsomer murders&raquo;. Men det slo meg som bir\u00f8kter; &laquo;Ja, det er dette forst\u00e5segp\u00e5ere snakker om  n\u00e5r det gjelder monokultur. England, som det meste i Europa har en helt annen bondekultur &#8211; her var det herreg\u00e5rder med ensformig \u00e5kerlandskap, mens g\u00e5rdsarbeidere og h\u00e5ndverkere bodde i disse pittoreske byene.&raquo; Da sendte jeg en \u00e6rb\u00f8dig tanke til v\u00e5re Eidsvoldmenn som ikke ville ha adelskap i Norge, men en selvstendig bondestand, Men ogs\u00e5 en mindre vennlig tanke til n\u00e5v\u00e6rende politikere som ved lovverk skal tilpasse oss EU, selv om vi har annen kultur, landskap og klima.<\/p>\n\n\n\n<p>Denne julim\u00e5neden har v\u00e6rt uvanlig varm, biene har summet og sanket. Vasyl har ogs\u00e5 v\u00e6rt til sv\u00e6rt god hjelp i big\u00e5rdene. Jeg skade ankelen i begynnelsen av juli, og hinker rundt p\u00e5 krykker. Vasyl sier imidlertid at det er s\u00e5 koselig \u00e5 v\u00e6re i en big\u00e5rd -det er hjemlig og han har ogs\u00e5 laget noen fine lys av ukrainsk voks. Dessuten har vi avlet dronninger. Jente p\u00e5 butikken syntes det var artig da jeg kom ned med 4 dronninger i bur for \u00e5 sendte dem med posten. I varmen blir det et roligere tempo og jeg er jo skj\u00e6rsatt med krykker &#8211; selv om jeg v\u00e5gde meg ut p\u00e5 en b\u00e5ttur. Knut Olav derimot har hatt det som katten og kroet seg i varmen. Han har smurt p\u00e5 med solkrem og v\u00e6rt p\u00e5 b\u00e5ttur med barna.<\/p>\n\n\n\n<p>Vasyl og jeg var litt sent ute med \u00e5 sette p\u00e5 skattekasse( for honningproduksjon) i big\u00e5rden hos Hans Olav, s\u00e5 da fikk vi en blomst av villbygg fra biene. Dette er ogs\u00e5 godt \u00e5 sutte p\u00e5, men ren sommerhonningen er litt for s\u00f8t og litt lite smak i &#8211; for meg.<\/p>\n\n\n\n<figure class=\"wp-block-image size-large\"><img decoding=\"async\" src=\"https:\/\/www.kalveknatten.no\/wp-content\/uploads\/2025\/07\/03F5E7F3-B3EE-4835-9C64-FB8B4DFD76EB-768x1024.jpeg\" alt=\"\" class=\"wp-image-714\"\/><\/figure>\n","protected":false},"excerpt":{"rendered":"<p>N\u00e5 er sommeren her. Da vi var unge var dette en utrolig hektisk tid, med mye fest og moro. Sommeren begynte i grunnen p\u00e5 pinseaften- og da m\u00e5tte b\u00e5tene v\u00e6re klare. Da ble b\u00e5tene pynta litt og turen gikk til Sand\u00f8ya p\u00e5 forsamlingshuset. Ikke s\u00e5 sjelden var det en kald forn\u00f8yelse. Deretter var det tid [&hellip;]<\/p>\n","protected":false},"author":2,"featured_media":708,"parent":47,"menu_order":0,"comment_status":"closed","ping_status":"closed","template":"","meta":{"footnotes":""},"class_list":["post-700","page","type-page","status-publish","has-post-thumbnail","hentry"],"_links":{"self":[{"href":"https:\/\/www.kalveknatten.no\/index.php?rest_route=\/wp\/v2\/pages\/700","targetHints":{"allow":["GET"]}}],"collection":[{"href":"https:\/\/www.kalveknatten.no\/index.php?rest_route=\/wp\/v2\/pages"}],"about":[{"href":"https:\/\/www.kalveknatten.no\/index.php?rest_route=\/wp\/v2\/types\/page"}],"author":[{"embeddable":true,"href":"https:\/\/www.kalveknatten.no\/index.php?rest_route=\/wp\/v2\/users\/2"}],"replies":[{"embeddable":true,"href":"https:\/\/www.kalveknatten.no\/index.php?rest_route=%2Fwp%2Fv2%2Fcomments&post=700"}],"version-history":[{"count":10,"href":"https:\/\/www.kalveknatten.no\/index.php?rest_route=\/wp\/v2\/pages\/700\/revisions"}],"predecessor-version":[{"id":845,"href":"https:\/\/www.kalveknatten.no\/index.php?rest_route=\/wp\/v2\/pages\/700\/revisions\/845"}],"up":[{"embeddable":true,"href":"https:\/\/www.kalveknatten.no\/index.php?rest_route=\/wp\/v2\/pages\/47"}],"wp:featuredmedia":[{"embeddable":true,"href":"https:\/\/www.kalveknatten.no\/index.php?rest_route=\/wp\/v2\/media\/708"}],"wp:attachment":[{"href":"https:\/\/www.kalveknatten.no\/index.php?rest_route=%2Fwp%2Fv2%2Fmedia&parent=700"}],"curies":[{"name":"wp","href":"https:\/\/api.w.org\/{rel}","templated":true}]}}