{"id":669,"date":"2025-06-28T18:32:32","date_gmt":"2025-06-28T16:32:32","guid":{"rendered":"https:\/\/www.kalveknatten.no\/?page_id=669"},"modified":"2026-01-31T23:15:28","modified_gmt":"2026-01-31T22:15:28","slug":"juni-2025","status":"publish","type":"page","link":"https:\/\/www.kalveknatten.no\/?page_id=669","title":{"rendered":"2025 Juni"},"content":{"rendered":"\n<p>I juni har det v\u00e6rt litt vekslende v\u00e6r, men jeg har f\u00e5tt gjort mye i big\u00e5rden. Sammen med Vasyl har vi g\u00e5tt gjennom alle big\u00e5rdene. Jeg har ogs\u00e5 \u00f8kt med 2 big\u00e5rder; en hos Anja i Engholla og en hos Hans Olav p\u00e5 Solefjell.<\/p>\n\n\n\n<p>Jeg er imponert over Vasyl, han er s\u00e5 systematisk, arbeidsom og kunnskapsrik. Han har en klar formening om hvilke kuber jeg b\u00f8r satse p\u00e5 &#8211; og vi har \u00f8kt besetningen med flere bi-samfunn. Han er fra fjellene i Ukraina (Karpatene) der de har omtrent samme klima (litt kaldere om vinteren og litt varmere om sommeren). I Ukraina hadde han 65 bikuber og samarbeidet med institutt for bir\u00f8kt p\u00e5 dronningproduksjon, kvalitetsvurdering og selektering.<\/p>\n\n\n\n<p>Bir\u00f8kt er stor n\u00e6ring i Ukraina, og de lager mye av utstyret selv. I Norge bruker de fleste bikuber laget av isopor, mens trekasser er det r\u00e5dende der i \u00f8st.<\/p>\n\n\n\n<p>Avlsarbeidet er tidkrevende; farge og vinger vurderes i forhold til bi-rase og det selekteres etter fem kriterier: eggleggingsevne, honningproduksjon, svermetrang, temperament og hygiene. Med hygiene menes det hvor flinke biene er til \u00e5 holde orden i kuben.<\/p>\n\n\n\n<p>Midden Varroa er for tiden et kjent problem i bir\u00f8kt, s\u00e5 dette sjekket vi for. Varroamidden er en parasitt som angriper b\u00e5de yngel og voksne bier, men den foretrekker droneyngel og mengder av midd kan \u00f8ke voldsomt utover forsommeren. Hos oss behandles den for det meste med oksalsyre ved innvintringen, men man tyr ogs\u00e5 til egne dronerammer som s\u00e5 tas ut og destrueres, eller man skj\u00e6rer ut droneyngel. Vasyl bruker ikke tid p\u00e5 \u00e5 fjerne droneyngel, han prioriterer friske bier og \u00e5pnet droneceller i mine big\u00e5rder for \u00e5 se etter Varroa \u2013 men fant heldigvis ikke noe problem. Han mener for \u00f8vrig at det trengs droner n\u00e5r dronningen er p\u00e5 parringsflukt s\u00e5 hun f\u00e5r mange sterke droner \u00e5 velge mellom som ogs\u00e5 gir et genetisk mangfold.<\/p>\n\n\n\n<p>Den vanlige metoden her i Norge er \u00e5 se p\u00e5 naturlig middnedfall n\u00e5 i slutten av juni. Da legges et rent diagnosebrett inn under bunnbrettet og la det ligge inne i 10 d\u00f8gn. Hvis nedfallet er under 5 midd per dag s\u00e5 kan behandling vente til h\u00f8sten. Hvis det faller ned mellom 5 og 10 midd per dag, s\u00e5 kan behandling vente til etter sommertrekket. Hvis det faller ned over 10 midd per dag s\u00e5 m\u00e5 behandling startes s\u00e5 snart som mulig. Dette er sv\u00e6rt viktig for \u00e5 sikre sunne og friske vinterbier. Det er viktig \u00e5 ta av honningen f\u00f8r man behandler med organiske syrer. Det vanlige er \u00e5 bruke Oksalsyre, men er det rent ille s\u00e5 kan det v\u00e6re n\u00f8dvendig med Maursyre. Maursyre er det streng kontroll p\u00e5 \u2013 ikke minst etter at Breivik fikk tak i nok av dette til \u00e5 lage bombe.<\/p>\n\n\n\n<p>For \u00e5 styrke biene lager Vasyl ogs\u00e5 et uttrekk av furu og bitre urter (malurt) som blandes inn i bienes mat f\u00f8r de innvintres, likeledes Johannesurt.<\/p>\n\n\n\n<p>Vasyl korrigerte meg med \u00e5 ta ut rammer og fjerne skattekasser.Jeg trodde det var bedre \u00e5 v\u00e6re for tidlig enn for sent ute, men han mente vi ikke skulle stresse biene med for stor plass, men gi de rammer og kasser etter hvert som de trengte dem. N\u00e5r rammer settes inn s\u00e5 dusjes de med lavendel-vann. Vasyl har et n\u00e6rt forhold til bier og kan lese kroppsspr\u00e5ket deres og ber om \u00e5 f\u00e5 komme inn i deres kube f\u00f8r han tar fatt p\u00e5 arbeidet.<\/p>\n\n\n\n<p>Jeg hadde forresten g\u00e5ende et fors\u00f8k fra en bir\u00f8kter p\u00e5 Sand\u00f8ya n\u00e5 i v\u00e5r. Hun hevdet dette var en metode anbefalt av K\u00f8fler, som ikke svekker kubene. Metoden g\u00e5r ut p\u00e5 \u00e5 lage en liten avlegger n\u00e5r biene begynner \u00e5 lage droner. Finn en sterk kube, ta ut en yngelramme og sett inn i en ny kuben. Lag s\u00e5 denne lille avleggeren: 1 yngeltavle, 1 tavle med byggevoks, 1 fortavle. Sett disse et annet sted (god avstand) med tavlene 90 grader p\u00e5 fly\u00e5pningen, og p\u00e5 den ene siden og tett igjen resten av fly\u00e5pningen (hun har tavlene sine den veien i hele big\u00e5rden). S\u00e5 m\u00e5 en ikke \u00e5pne den nye kuben f\u00f8r etter 28 dager \u2013 dersom det ikke da er kommet yngel, s\u00e5 pr\u00f8v igjen. Vasyl var skeptisk til denne metoden, og mente det var for d\u00e5rlig utvalg av dronningemner. Av mine 13 fors\u00f8k var det kun 5 som lykkes \u2013og i 2 av tilfellene hadde jeg nok f\u00e5tt med meg 2 umerkede dronninger, men 3 jomfrudronninger ble skapt. N\u00e5 blir det spennende om de f\u00e5r para seg, eller de blir mat til fuglene de flyr oppi lufta.<\/p>\n\n\n\n<p>Ellers s\u00e5 har jeg meldt inn mine 2 nye big\u00e5rder til Mattilsynet s\u00e5 n\u00e5 finnes big\u00e5rdene p\u00e5 kartet. Gjennom \u00d8stre Agder bir\u00f8kterlag har jeg f\u00e5tt en vekt p\u00e5 utl\u00e5n som skal plasseres under en kube for \u00e5 f\u00f8lge \u00e5rets rytme og f\u00f8lge med p\u00e5 hvor mye biene henter inn i kuben, men ogs\u00e5 forbruker.<\/p>\n\n\n\n<p>Sauene koser seg p\u00e5 beite n\u00e5 og lammene drar p\u00e5 seg og blir fine \u00e5 lubne. Jeg husker den gang vi flyttet ned til Flosta i 1963. Vi leide huset til tante Frida og onkel Trygve og i nabohuset bodde familien Bodvin \u2013 viss husfar var billedhugger. Han hadde f\u00e5tt et oppdrag om \u00e5 forme et lam som skulle st\u00e5 over inngangsd\u00f8ren i Bamle kirke. Han gikk og sturte og fikk ikke helt dreis p\u00e5 skissene og kom over til min far, som sa: <em>Men dette kan vi jo f\u00e5 orden p\u00e5. Jeg kj\u00f8per et par sauer med lam og s\u00e5 f\u00e5r du jo en modell.<\/em> Som sagt s\u00e5 gjort. Sauene var i fj\u00f8set tett ved atelieret om vinteren og p\u00e5 Kalv\u00f8ya om sommeren.<\/p>\n\n\n\n<p>Vel, vel n\u00e5 i begynnelsen av juni fikk jeg tatt finklippen p\u00e5 sauene her p\u00e5 bruket, s\u00e5 de er klare for ferietur til Dal og Ytterb\u00f8. Gammel sp\u00e6r\/vikingsau\/villsau kan nok selv kaste vinterfrakken, men de ser b\u00e5de fortvilte og lasete ut i en S\u00f8rlandsk sommer. Sauene v\u00e5re smaker forresten sv\u00e6rt godt. Til og med den eldste s\u00f8nnen som er litt vaen i kosten, har mang en gang trodd det er r\u00e5dyr han fikk servert.<\/p>\n\n\n\n<p>I fjor sommer hadde vi en hei-dundrende hagefest med n\u00e6rmere 100 gjester den 28.06 . Bryllupsdagen v\u00e5r var den 28.12.1974, men en slik dato egner seg lite til en sprelsk sommerfest s\u00e5 vi fant ut at vi kunne feire gullbryllup\u00e5r. Selve brudebuketten har jeg spart p\u00e5 (ligger under senga; sies \u00e5 gj\u00f8re godt) og s\u00e5 toget i gjennom hagen, med yngste barnebarn foran med en liten bjelle og alle barn som ville v\u00e6re brudepiker og svenner bak oss. Ole Bj\u00f8rn spilte brudemarsjen p\u00e5 trekkspill og hans kone Gunvor som har god kontakt med V\u00e5r Herre, sto for gjenvielsen. Vi har jo klart oss gjennom gode og onde dager, s\u00e5 da lovet vi \u00e5 holde ut til d\u00f8den skiller<\/p>\n","protected":false},"excerpt":{"rendered":"<p>I juni har det v\u00e6rt litt vekslende v\u00e6r, men jeg har f\u00e5tt gjort mye i big\u00e5rden. Sammen med Vasyl har vi g\u00e5tt gjennom alle big\u00e5rdene. Jeg har ogs\u00e5 \u00f8kt med 2 big\u00e5rder; en hos Anja i Engholla og en hos Hans Olav p\u00e5 Solefjell. Jeg er imponert over Vasyl, han er s\u00e5 systematisk, arbeidsom og [&hellip;]<\/p>\n","protected":false},"author":2,"featured_media":672,"parent":47,"menu_order":0,"comment_status":"closed","ping_status":"closed","template":"","meta":{"footnotes":""},"class_list":["post-669","page","type-page","status-publish","has-post-thumbnail","hentry"],"_links":{"self":[{"href":"https:\/\/www.kalveknatten.no\/index.php?rest_route=\/wp\/v2\/pages\/669","targetHints":{"allow":["GET"]}}],"collection":[{"href":"https:\/\/www.kalveknatten.no\/index.php?rest_route=\/wp\/v2\/pages"}],"about":[{"href":"https:\/\/www.kalveknatten.no\/index.php?rest_route=\/wp\/v2\/types\/page"}],"author":[{"embeddable":true,"href":"https:\/\/www.kalveknatten.no\/index.php?rest_route=\/wp\/v2\/users\/2"}],"replies":[{"embeddable":true,"href":"https:\/\/www.kalveknatten.no\/index.php?rest_route=%2Fwp%2Fv2%2Fcomments&post=669"}],"version-history":[{"count":5,"href":"https:\/\/www.kalveknatten.no\/index.php?rest_route=\/wp\/v2\/pages\/669\/revisions"}],"predecessor-version":[{"id":846,"href":"https:\/\/www.kalveknatten.no\/index.php?rest_route=\/wp\/v2\/pages\/669\/revisions\/846"}],"up":[{"embeddable":true,"href":"https:\/\/www.kalveknatten.no\/index.php?rest_route=\/wp\/v2\/pages\/47"}],"wp:featuredmedia":[{"embeddable":true,"href":"https:\/\/www.kalveknatten.no\/index.php?rest_route=\/wp\/v2\/media\/672"}],"wp:attachment":[{"href":"https:\/\/www.kalveknatten.no\/index.php?rest_route=%2Fwp%2Fv2%2Fmedia&parent=669"}],"curies":[{"name":"wp","href":"https:\/\/api.w.org\/{rel}","templated":true}]}}