{"id":665,"date":"2025-06-28T13:57:36","date_gmt":"2025-06-28T11:57:36","guid":{"rendered":"https:\/\/www.kalveknatten.no\/?page_id=665"},"modified":"2025-06-28T13:58:08","modified_gmt":"2025-06-28T11:58:08","slug":"miljovennlig","status":"publish","type":"page","link":"https:\/\/www.kalveknatten.no\/?page_id=665","title":{"rendered":"Milj\u00f8vennlig"},"content":{"rendered":"\n<p>Honning er sunt og godt. Vi selger ogs\u00e5 v\u00e5r honning p\u00e5 glass som b\u00f8r gjenbrukes til f.eks. hjemmelaget syltet\u00f8y o.a. godt. Du kan ogs\u00e5 sette en pose med returglass p\u00e5 trammen hos oss, da steriliserer vi dem og bruker p\u00e5 p\u00e5 ny.<\/p>\n\n\n\n<p>Knut Olav har laget etiketter fra et gratisprogram p\u00e5 internett, N\u00e5r man gjenbruker glass kan det ofte v\u00e6re brysomt \u00e5 f\u00e5 av etiketten. Det sitter som heia, og det blir ofte sittende igjen noe klebrige greier. Det har vi tenkt p\u00e5; v\u00e5re etiketter er trykket p\u00e5 vanlig papir og det er bruk melk som lim. De sitter bra nok og lar seg enkelt vaske av med vann.<\/p>\n","protected":false},"excerpt":{"rendered":"<p>Honning er sunt og godt. Vi selger ogs\u00e5 v\u00e5r honning p\u00e5 glass som b\u00f8r gjenbrukes til f.eks. hjemmelaget syltet\u00f8y o.a. godt. Du kan ogs\u00e5 sette en pose med returglass p\u00e5 trammen hos oss, da steriliserer vi dem og bruker p\u00e5 p\u00e5 ny. Knut Olav har laget etiketter fra et gratisprogram p\u00e5 internett, N\u00e5r man gjenbruker [&hellip;]<\/p>\n","protected":false},"author":2,"featured_media":666,"parent":140,"menu_order":0,"comment_status":"closed","ping_status":"closed","template":"","meta":{"footnotes":""},"class_list":["post-665","page","type-page","status-publish","has-post-thumbnail","hentry"],"_links":{"self":[{"href":"https:\/\/www.kalveknatten.no\/index.php?rest_route=\/wp\/v2\/pages\/665","targetHints":{"allow":["GET"]}}],"collection":[{"href":"https:\/\/www.kalveknatten.no\/index.php?rest_route=\/wp\/v2\/pages"}],"about":[{"href":"https:\/\/www.kalveknatten.no\/index.php?rest_route=\/wp\/v2\/types\/page"}],"author":[{"embeddable":true,"href":"https:\/\/www.kalveknatten.no\/index.php?rest_route=\/wp\/v2\/users\/2"}],"replies":[{"embeddable":true,"href":"https:\/\/www.kalveknatten.no\/index.php?rest_route=%2Fwp%2Fv2%2Fcomments&post=665"}],"version-history":[{"count":1,"href":"https:\/\/www.kalveknatten.no\/index.php?rest_route=\/wp\/v2\/pages\/665\/revisions"}],"predecessor-version":[{"id":668,"href":"https:\/\/www.kalveknatten.no\/index.php?rest_route=\/wp\/v2\/pages\/665\/revisions\/668"}],"up":[{"embeddable":true,"href":"https:\/\/www.kalveknatten.no\/index.php?rest_route=\/wp\/v2\/pages\/140"}],"wp:featuredmedia":[{"embeddable":true,"href":"https:\/\/www.kalveknatten.no\/index.php?rest_route=\/wp\/v2\/media\/666"}],"wp:attachment":[{"href":"https:\/\/www.kalveknatten.no\/index.php?rest_route=%2Fwp%2Fv2%2Fmedia&parent=665"}],"curies":[{"name":"wp","href":"https:\/\/api.w.org\/{rel}","templated":true}]}}