{"id":658,"date":"2025-06-28T13:37:30","date_gmt":"2025-06-28T11:37:30","guid":{"rendered":"https:\/\/www.kalveknatten.no\/?page_id=658"},"modified":"2025-07-09T14:05:43","modified_gmt":"2025-07-09T12:05:43","slug":"giftige-planter-og-baer","status":"publish","type":"page","link":"https:\/\/www.kalveknatten.no\/?page_id=658","title":{"rendered":"Giftige planter, b\u00e6r og nektar"},"content":{"rendered":"\n<p>P\u00e5 samme m\u00e5te som vi har f\u00e5tt mange nye matretter fra utlandet, har dyrene ogs\u00e5 f\u00e5tt nye og eksotiske planter i v\u00e5re hager\/sitt matfat, som enten er plantet eller fr\u00f8dd med fugler. Som foreldre til 4 barn var vi opptatt av \u00e5 l\u00e6re dem hva som var spiselig, sunt, usunt og giftig. Slik er det forh\u00e5pentligvis ogs\u00e5 med v\u00e5re dyr som formidler kunnskap til sitt avkom, men det kan g\u00e5 galt. Selv hadde vi en s\u00f8nn som i ung alder ville smake p\u00e5 ting, som resulterte i flere turer p\u00e5 legevakt, telefon til Giftsentralen og bruk av melk og aktivt kull i behandling.<\/p>\n\n\n\n<p>Kanskje er flertallet av de vintergr\u00f8nne plantene i hagene v\u00e5re giftige for dyra. Dyr som g\u00e5r ute om vinteren og p\u00e5 tidlig v\u00e5rbeite, kan bli fristet av gr\u00f8nne og saftige buskvekster. Noen er s\u00e6rlig giftige for sau, andre for hest osv. &#8211; her er de vanligste: Rhododendron og Pyramidelyng som oftest f\u00f8rer til forgiftning. Men Buskbom, Barlind og Laurb\u00e6rhegg kan ogs\u00e5 gi forgiftning, &#8211; sammen med mange andre vintergr\u00f8nne busker. V\u00e5re viltvoksende vintergr\u00f8nne planter, som Bergflette (ef\u00f8y) og Kristtorn er giftige, men forgiftning fra disse er sjelden.<\/p>\n\n\n\n<p>Dersom dyr f\u00e5r lite mineraler, vil de lete etter tilleggsf\u00f4r, som barn\u00e5ler, vintergr\u00f8nt bladverk og bark. Dyr som g\u00e5r ute og f\u00e5r lite kraftf\u00f4r, ei heller har tilgang p\u00e5 tang, trenger derfor en mineralstein som settes ut i le for regnet. <\/p>\n\n\n\n<p>Siden Rhododendron er s\u00e5 vanlig, er det alts\u00e5 den vi oftest h\u00f8rer at dyr er forgifta av. Ingen kan forvente at norske sauer skulle vite at en vintergr\u00f8nn, saftig hageplante med antagelig opphav fra Apallachiafjellkjeden \u00f8st i Nord-Amerika er farlig. Vi mennesker vet at en ikke skal spise rododendron. Derfor forteller vi det videre til barna og passer p\u00e5 bikkja, katta, hamsteren eller undulaten ogs\u00e5. Hele planten er giftig, ogs\u00e5 nektar. Bier som flyr i omr\u00e5de med mye rhododendron kan faktisk produserer giftig honning. Sykdommen folk fikk etter \u00e5 ha spist slik honning fikk navnet <em>Mad Honey Desease<\/em>. Mange trodde lenge at mye honning var farlig. N\u00e5 vet vi bedre. Mye honning er bare for s\u00f8tt. I siste fagbok fra Norges Bir\u00f8kterlag kommer ogs\u00e5 en viktig tilleggsinformasjon. Det er ikke p\u00e5vist det spesielle giftstoffet andromedotoksin  i norsk  honning, ei heller er dette  giftstoffet p\u00e5vist  i Rododendron som  som vokser i Norge.<\/p>\n\n\n\n<p><\/p>\n\n\n\n<p><\/p>\n\n\n\n<p><\/p>\n\n\n\n<p><\/p>\n\n\n\n<p><\/p>\n","protected":false},"excerpt":{"rendered":"<p>P\u00e5 samme m\u00e5te som vi har f\u00e5tt mange nye matretter fra utlandet, har dyrene ogs\u00e5 f\u00e5tt nye og eksotiske planter i v\u00e5re hager\/sitt matfat, som enten er plantet eller fr\u00f8dd med fugler. Som foreldre til 4 barn var vi opptatt av \u00e5 l\u00e6re dem hva som var spiselig, sunt, usunt og giftig. Slik er det [&hellip;]<\/p>\n","protected":false},"author":2,"featured_media":0,"parent":50,"menu_order":0,"comment_status":"closed","ping_status":"closed","template":"","meta":{"footnotes":""},"class_list":["post-658","page","type-page","status-publish","hentry"],"_links":{"self":[{"href":"https:\/\/www.kalveknatten.no\/index.php?rest_route=\/wp\/v2\/pages\/658","targetHints":{"allow":["GET"]}}],"collection":[{"href":"https:\/\/www.kalveknatten.no\/index.php?rest_route=\/wp\/v2\/pages"}],"about":[{"href":"https:\/\/www.kalveknatten.no\/index.php?rest_route=\/wp\/v2\/types\/page"}],"author":[{"embeddable":true,"href":"https:\/\/www.kalveknatten.no\/index.php?rest_route=\/wp\/v2\/users\/2"}],"replies":[{"embeddable":true,"href":"https:\/\/www.kalveknatten.no\/index.php?rest_route=%2Fwp%2Fv2%2Fcomments&post=658"}],"version-history":[{"count":7,"href":"https:\/\/www.kalveknatten.no\/index.php?rest_route=\/wp\/v2\/pages\/658\/revisions"}],"predecessor-version":[{"id":677,"href":"https:\/\/www.kalveknatten.no\/index.php?rest_route=\/wp\/v2\/pages\/658\/revisions\/677"}],"up":[{"embeddable":true,"href":"https:\/\/www.kalveknatten.no\/index.php?rest_route=\/wp\/v2\/pages\/50"}],"wp:attachment":[{"href":"https:\/\/www.kalveknatten.no\/index.php?rest_route=%2Fwp%2Fv2%2Fmedia&parent=658"}],"curies":[{"name":"wp","href":"https:\/\/api.w.org\/{rel}","templated":true}]}}