{"id":637,"date":"2025-06-10T23:47:05","date_gmt":"2025-06-10T21:47:05","guid":{"rendered":"https:\/\/www.kalveknatten.no\/?page_id=637"},"modified":"2025-06-10T23:47:05","modified_gmt":"2025-06-10T21:47:05","slug":"felthandbok","status":"publish","type":"page","link":"https:\/\/www.kalveknatten.no\/?page_id=637","title":{"rendered":"Felth\u00e5ndbok"},"content":{"rendered":"\n<p>Flere arter av villbier er utryddingstruet i Norge, og f\u00f8rste skritt for \u00e5 redde dem er kunnskap. I denne felth\u00e5ndboken fra SamBi-prosjektet presenteres noen lett gjenkjennelige humler og ville bier. Del gjerne felth\u00e5ndboken med familien og venner, og ta den i bruk p\u00e5 mobil, nettbrett eller desktop. V\u00e6rs\u00e5god!<\/p>\n\n\n\n<figure class=\"wp-block-embed is-type-wp-embed is-provider-innbygging wp-block-embed-innbygging\"><div class=\"wp-block-embed__wrapper\">\n<blockquote class=\"wp-embedded-content\" data-secret=\"zVTE5Rukr2\"><a href=\"https:\/\/sambi.norbi.no\/\">Forside<\/a><\/blockquote><iframe loading=\"lazy\" class=\"wp-embedded-content\" sandbox=\"allow-scripts\" security=\"restricted\" style=\"position: absolute; visibility: hidden;\" title=\"&laquo;Forside&raquo; &#8212; \" src=\"https:\/\/sambi.norbi.no\/embed\/#?secret=tWZ8mQMbei#?secret=zVTE5Rukr2\" data-secret=\"zVTE5Rukr2\" width=\"500\" height=\"282\" frameborder=\"0\" marginwidth=\"0\" marginheight=\"0\" scrolling=\"no\"><\/iframe>\n<\/div><\/figure>\n","protected":false},"excerpt":{"rendered":"<p>Flere arter av villbier er utryddingstruet i Norge, og f\u00f8rste skritt for \u00e5 redde dem er kunnskap. I denne felth\u00e5ndboken fra SamBi-prosjektet presenteres noen lett gjenkjennelige humler og ville bier. Del gjerne felth\u00e5ndboken med familien og venner, og ta den i bruk p\u00e5 mobil, nettbrett eller desktop. V\u00e6rs\u00e5god!<\/p>\n","protected":false},"author":2,"featured_media":0,"parent":52,"menu_order":0,"comment_status":"closed","ping_status":"closed","template":"","meta":{"footnotes":""},"class_list":["post-637","page","type-page","status-publish","hentry"],"_links":{"self":[{"href":"https:\/\/www.kalveknatten.no\/index.php?rest_route=\/wp\/v2\/pages\/637","targetHints":{"allow":["GET"]}}],"collection":[{"href":"https:\/\/www.kalveknatten.no\/index.php?rest_route=\/wp\/v2\/pages"}],"about":[{"href":"https:\/\/www.kalveknatten.no\/index.php?rest_route=\/wp\/v2\/types\/page"}],"author":[{"embeddable":true,"href":"https:\/\/www.kalveknatten.no\/index.php?rest_route=\/wp\/v2\/users\/2"}],"replies":[{"embeddable":true,"href":"https:\/\/www.kalveknatten.no\/index.php?rest_route=%2Fwp%2Fv2%2Fcomments&post=637"}],"version-history":[{"count":1,"href":"https:\/\/www.kalveknatten.no\/index.php?rest_route=\/wp\/v2\/pages\/637\/revisions"}],"predecessor-version":[{"id":639,"href":"https:\/\/www.kalveknatten.no\/index.php?rest_route=\/wp\/v2\/pages\/637\/revisions\/639"}],"up":[{"embeddable":true,"href":"https:\/\/www.kalveknatten.no\/index.php?rest_route=\/wp\/v2\/pages\/52"}],"wp:attachment":[{"href":"https:\/\/www.kalveknatten.no\/index.php?rest_route=%2Fwp%2Fv2%2Fmedia&parent=637"}],"curies":[{"name":"wp","href":"https:\/\/api.w.org\/{rel}","templated":true}]}}