{"id":621,"date":"2025-06-09T00:07:12","date_gmt":"2025-06-08T22:07:12","guid":{"rendered":"https:\/\/www.kalveknatten.no\/?page_id=621"},"modified":"2025-06-09T00:28:16","modified_gmt":"2025-06-08T22:28:16","slug":"egg-varer-nesten-evig","status":"publish","type":"page","link":"https:\/\/www.kalveknatten.no\/?page_id=621","title":{"rendered":"Egg varer nesten evig."},"content":{"rendered":"\n<p>Norske egg er stemplet med 28 dagers holdbarhet, men varer mye lenger.<\/p>\n\n\n\n<p>F\u00f8r 2000 var det 45 dagers datomerking p\u00e5 alle norske egg.<\/p>\n\n\n\n<p>&#8211; Fra 2000 m\u00e5tte vi f\u00f8lge E\u00d8S-direktivets krav. Da ble holdbarhetsmerkingen satt ned til 28 dager, men norske egg holder egentlig mye lenger enn det, sier \u00c5se Kringlebotn, informasjonssjef i&nbsp;<a href=\"http:\/\/www.matprat.no\/\">MatPrat, Opplysningskontoret for egg og kj\u00f8tt.<\/a><\/p>\n\n\n\n<p><strong>Grunnen til den korte stemplingen i andre land, er faren for salmonella i egg. I Norge har ikke Folkehelseinstituttet registrert ett eneste syketilfelle av salmonella fra norske egg.<\/strong><strong>&nbsp;<\/strong><\/p>\n\n\n\n<p>&#8211; Vi har tidligere gjort en stor test sammen med Matforsk (som n\u00e5 heter Nofima mat), hvor vi sammen testet egg i syv m\u00e5neder, b\u00e5de p\u00e5 smak, egenskaper, lukt og bakterier. Vi fant ingen bakterier i eggene etter syv m\u00e5neder, men smaken endret seg noe helt mot slutten, forteller hun.<\/p>\n\n\n\n<p><strong>Konklusjonen ble at eggene holder i minst to m\u00e5neder, men ofte mye lenger.<\/strong><\/p>\n\n\n\n<p>&#8211; Vi har hatt fors\u00f8k med egg hos oss hvor vi har bakt kake av ett \u00e5r gamle egg, og det gikk helt fint. Kaken smakte bra, men hvis man skal lage sukkerbr\u00f8d m\u00e5 man bruke litt flere egg, fordi innholdet inni egget minsker over tid, sier Kringlebotn.<\/p>\n\n\n\n<p><strong>Vann-test:<\/strong><strong> <\/strong>Sjekk eggets holdbarhet i et glass med vann.<\/p>\n\n\n\n<p>Hvis egget flyter er det gammelt, legger det seg p\u00e5 bunen er det ferskt.<\/p>\n\n\n\n<p>&#8211; Men norske egg kan spises selv om de flyter. Er du usikker, kan du knekke ett og ett egg i en bolle og lukte p\u00e5 det. Hvis det lukter ferskt, ikke hadde sprekker i skallet fra f\u00f8r og har blitt oppbevart kj\u00f8lig, er det ikke farlig \u00e5 spise det, beroliger hun.<\/p>\n\n\n\n<p><strong>N\u00e5r tiden g\u00e5r, damper innholdet og vannmolekylene ut av egget og luften siver inn. Jo st\u00f8rre luftboblen inni egget blir, jo lettere flyter egget.<\/strong><strong> <\/strong>Det er derfor man trenger flere egg dersom man skal bake sukkerbr\u00f8d av litt eldre egg.<\/p>\n\n\n\n<p><strong>Egg kan fint lagres fersk i 12 mnd i hht gammel metode<\/strong>: <a href=\"https:\/\/www.kalveknatten.no\/?page_id=625\" data-type=\"page\" data-id=\"625\"><strong>Vannglass <\/strong><\/a><\/p>\n\n\n\n<p><\/p>\n","protected":false},"excerpt":{"rendered":"<p>Norske egg er stemplet med 28 dagers holdbarhet, men varer mye lenger. F\u00f8r 2000 var det 45 dagers datomerking p\u00e5 alle norske egg. &#8211; Fra 2000 m\u00e5tte vi f\u00f8lge E\u00d8S-direktivets krav. Da ble holdbarhetsmerkingen satt ned til 28 dager, men norske egg holder egentlig mye lenger enn det, sier \u00c5se Kringlebotn, informasjonssjef i&nbsp;MatPrat, Opplysningskontoret for [&hellip;]<\/p>\n","protected":false},"author":2,"featured_media":0,"parent":472,"menu_order":0,"comment_status":"closed","ping_status":"closed","template":"","meta":{"footnotes":""},"class_list":["post-621","page","type-page","status-publish","hentry"],"_links":{"self":[{"href":"https:\/\/www.kalveknatten.no\/index.php?rest_route=\/wp\/v2\/pages\/621","targetHints":{"allow":["GET"]}}],"collection":[{"href":"https:\/\/www.kalveknatten.no\/index.php?rest_route=\/wp\/v2\/pages"}],"about":[{"href":"https:\/\/www.kalveknatten.no\/index.php?rest_route=\/wp\/v2\/types\/page"}],"author":[{"embeddable":true,"href":"https:\/\/www.kalveknatten.no\/index.php?rest_route=\/wp\/v2\/users\/2"}],"replies":[{"embeddable":true,"href":"https:\/\/www.kalveknatten.no\/index.php?rest_route=%2Fwp%2Fv2%2Fcomments&post=621"}],"version-history":[{"count":5,"href":"https:\/\/www.kalveknatten.no\/index.php?rest_route=\/wp\/v2\/pages\/621\/revisions"}],"predecessor-version":[{"id":630,"href":"https:\/\/www.kalveknatten.no\/index.php?rest_route=\/wp\/v2\/pages\/621\/revisions\/630"}],"up":[{"embeddable":true,"href":"https:\/\/www.kalveknatten.no\/index.php?rest_route=\/wp\/v2\/pages\/472"}],"wp:attachment":[{"href":"https:\/\/www.kalveknatten.no\/index.php?rest_route=%2Fwp%2Fv2%2Fmedia&parent=621"}],"curies":[{"name":"wp","href":"https:\/\/api.w.org\/{rel}","templated":true}]}}