{"id":608,"date":"2025-06-08T21:20:23","date_gmt":"2025-06-08T19:20:23","guid":{"rendered":"https:\/\/www.kalveknatten.no\/?page_id=608"},"modified":"2025-06-08T21:20:23","modified_gmt":"2025-06-08T19:20:23","slug":"tones-krydderkake","status":"publish","type":"page","link":"https:\/\/www.kalveknatten.no\/?page_id=608","title":{"rendered":"Tones krydderkake"},"content":{"rendered":"\n<p>Ingredienser:<\/p>\n\n\n\n<p>1 egg, 7 1\/2 dl kefir, 7 1\/2 dl sukker, 1 ss natron, 159 g smeltet sm\u00f8r, 3 ss syltet\u00f8y ( fortrinnsvis tytteb\u00e6r) , 3 ts nellik, 3 ts kanel, 9-10 dl hvetemel. <\/p>\n\n\n\n<p>Slik gj\u00f8r du:<\/p>\n\n\n\n<p>egget halvpiskes og blandes i det v\u00e5te.  Nellik og kanel blandes i melet. S\u00e5blandes alt sammen og helles i langpanne. Stekes ved 180 graderi ca. 30 min, men sjekk <\/p>\n\n\n\n<p><\/p>\n","protected":false},"excerpt":{"rendered":"<p>Ingredienser: 1 egg, 7 1\/2 dl kefir, 7 1\/2 dl sukker, 1 ss natron, 159 g smeltet sm\u00f8r, 3 ss syltet\u00f8y ( fortrinnsvis tytteb\u00e6r) , 3 ts nellik, 3 ts kanel, 9-10 dl hvetemel. Slik gj\u00f8r du: egget halvpiskes og blandes i det v\u00e5te. Nellik og kanel blandes i melet. S\u00e5blandes alt sammen og helles [&hellip;]<\/p>\n","protected":false},"author":2,"featured_media":0,"parent":329,"menu_order":0,"comment_status":"closed","ping_status":"closed","template":"","meta":{"footnotes":""},"class_list":["post-608","page","type-page","status-publish","hentry"],"_links":{"self":[{"href":"https:\/\/www.kalveknatten.no\/index.php?rest_route=\/wp\/v2\/pages\/608","targetHints":{"allow":["GET"]}}],"collection":[{"href":"https:\/\/www.kalveknatten.no\/index.php?rest_route=\/wp\/v2\/pages"}],"about":[{"href":"https:\/\/www.kalveknatten.no\/index.php?rest_route=\/wp\/v2\/types\/page"}],"author":[{"embeddable":true,"href":"https:\/\/www.kalveknatten.no\/index.php?rest_route=\/wp\/v2\/users\/2"}],"replies":[{"embeddable":true,"href":"https:\/\/www.kalveknatten.no\/index.php?rest_route=%2Fwp%2Fv2%2Fcomments&post=608"}],"version-history":[{"count":1,"href":"https:\/\/www.kalveknatten.no\/index.php?rest_route=\/wp\/v2\/pages\/608\/revisions"}],"predecessor-version":[{"id":611,"href":"https:\/\/www.kalveknatten.no\/index.php?rest_route=\/wp\/v2\/pages\/608\/revisions\/611"}],"up":[{"embeddable":true,"href":"https:\/\/www.kalveknatten.no\/index.php?rest_route=\/wp\/v2\/pages\/329"}],"wp:attachment":[{"href":"https:\/\/www.kalveknatten.no\/index.php?rest_route=%2Fwp%2Fv2%2Fmedia&parent=608"}],"curies":[{"name":"wp","href":"https:\/\/api.w.org\/{rel}","templated":true}]}}