{"id":596,"date":"2025-06-08T19:36:29","date_gmt":"2025-06-08T17:36:29","guid":{"rendered":"https:\/\/www.kalveknatten.no\/?page_id=596"},"modified":"2025-06-08T19:41:36","modified_gmt":"2025-06-08T17:41:36","slug":"besvimede-druer","status":"publish","type":"page","link":"https:\/\/www.kalveknatten.no\/?page_id=596","title":{"rendered":"Besvimede druer"},"content":{"rendered":"\n<p>Knut Olav fikk en avlegger av vinstokken til en tidligere vaktmester p\u00e5 Kitron. Han fortalte at denne vinstokken\/busken\/krattet p\u00e5 Eydehavn m\u00e5tte v\u00e6re veldig gammel &#8211; og n\u00e5 tok den skogen fatt og dannet avleggere. P\u00e5 forsiden av huset v\u00e5rt har vi 2 avleggere fra denne. Det kommer bl\u00e5 druer, som vi har laget, vin, lik\u00f8r, saft og gele av, men her kommer en voksen dessert. Skulle rekke til 5-6 personer.<\/p>\n\n\n\n<p><strong>Ingredienser:<\/strong><\/p>\n\n\n\n<p>600 g gr\u00f8nne eller bl\u00e5 ( eller blandet), 2 dl vann, 100 g sukker, 1 ss honning, noen f\u00e5 makroner, revet skall av en sitron og en liten d\u00e6sj sitronsaft, 1\/3 kremfl\u00f8te. S\u00e5 kommer det som gj\u00f8r den  forbudt  for barn: 15 cl cognac og 10 cl cointreau.<\/p>\n\n\n\n<p><strong>Slik gj\u00f8r du:<\/strong><\/p>\n\n\n\n<p>Etter en god middag vil denne desserten smake f\u00f8r man g\u00e5r over til kaffe.<\/p>\n\n\n\n<p>Druene skj\u00e6res midt over og stenene tas ut. Sukker og vann kokes og avkj\u00f8les. Honning og spriten r\u00f8res sammen i vannet og dette helles over druene som ligger klar i en fin bolle. Sett bollen i kj\u00f8leskapet s\u00e5 druene kan f\u00e5 trekke til seg godsakene. Serveres med  fl\u00f8tekrem som er tilsatt knuste makroner, revet sitronskal og en piff sitronsaft.<\/p>\n","protected":false},"excerpt":{"rendered":"<p>Knut Olav fikk en avlegger av vinstokken til en tidligere vaktmester p\u00e5 Kitron. Han fortalte at denne vinstokken\/busken\/krattet p\u00e5 Eydehavn m\u00e5tte v\u00e6re veldig gammel &#8211; og n\u00e5 tok den skogen fatt og dannet avleggere. P\u00e5 forsiden av huset v\u00e5rt har vi 2 avleggere fra denne. Det kommer bl\u00e5 druer, som vi har laget, vin, lik\u00f8r, [&hellip;]<\/p>\n","protected":false},"author":2,"featured_media":597,"parent":329,"menu_order":0,"comment_status":"closed","ping_status":"closed","template":"","meta":{"footnotes":""},"class_list":["post-596","page","type-page","status-publish","has-post-thumbnail","hentry"],"_links":{"self":[{"href":"https:\/\/www.kalveknatten.no\/index.php?rest_route=\/wp\/v2\/pages\/596","targetHints":{"allow":["GET"]}}],"collection":[{"href":"https:\/\/www.kalveknatten.no\/index.php?rest_route=\/wp\/v2\/pages"}],"about":[{"href":"https:\/\/www.kalveknatten.no\/index.php?rest_route=\/wp\/v2\/types\/page"}],"author":[{"embeddable":true,"href":"https:\/\/www.kalveknatten.no\/index.php?rest_route=\/wp\/v2\/users\/2"}],"replies":[{"embeddable":true,"href":"https:\/\/www.kalveknatten.no\/index.php?rest_route=%2Fwp%2Fv2%2Fcomments&post=596"}],"version-history":[{"count":2,"href":"https:\/\/www.kalveknatten.no\/index.php?rest_route=\/wp\/v2\/pages\/596\/revisions"}],"predecessor-version":[{"id":599,"href":"https:\/\/www.kalveknatten.no\/index.php?rest_route=\/wp\/v2\/pages\/596\/revisions\/599"}],"up":[{"embeddable":true,"href":"https:\/\/www.kalveknatten.no\/index.php?rest_route=\/wp\/v2\/pages\/329"}],"wp:featuredmedia":[{"embeddable":true,"href":"https:\/\/www.kalveknatten.no\/index.php?rest_route=\/wp\/v2\/media\/597"}],"wp:attachment":[{"href":"https:\/\/www.kalveknatten.no\/index.php?rest_route=%2Fwp%2Fv2%2Fmedia&parent=596"}],"curies":[{"name":"wp","href":"https:\/\/api.w.org\/{rel}","templated":true}]}}