{"id":541,"date":"2025-06-05T14:53:13","date_gmt":"2025-06-05T12:53:13","guid":{"rendered":"https:\/\/www.kalveknatten.no\/?page_id=541"},"modified":"2025-06-08T16:22:46","modified_gmt":"2025-06-08T14:22:46","slug":"kjop-honningen-var-pa-butikken","status":"publish","type":"page","link":"https:\/\/www.kalveknatten.no\/?page_id=541","title":{"rendered":"Kj\u00f8p honningen i Kilsund."},"content":{"rendered":"\n<p><strong>Honningen v\u00e5r selges p\u00e5 <a href=\"https:\/\/www.coop.no\/butikker\/coop-marked-matkroken\/matkroken-kilsund-4509\" data-type=\"link\" data-id=\"https:\/\/www.coop.no\/butikker\/coop-marked-matkroken\/matkroken-kilsund-4509\">Matkroken Kilsund<\/a>.<\/strong><\/p>\n\n\n\n<p>Det \u00e5 ha en butikk i n\u00e6romr\u00e5det er viktig for fast bosetting. Det er ogs\u00e5 en brikke i praktisk beredskap. Hos Gro p\u00e5 Matkroken kan vi f\u00e5 dagligvarer, post og medisiner \u2013 samt at hun har skysset varer til personer i en vanskelig situasjon. Her har vi ogs\u00e5 en innehaver som kan omsette privatproduserte varer. <\/p>\n\n\n\n<p><\/p>\n\n\n\n<p><\/p>\n","protected":false},"excerpt":{"rendered":"<p>Honningen v\u00e5r selges p\u00e5 Matkroken Kilsund. Det \u00e5 ha en butikk i n\u00e6romr\u00e5det er viktig for fast bosetting. Det er ogs\u00e5 en brikke i praktisk beredskap. Hos Gro p\u00e5 Matkroken kan vi f\u00e5 dagligvarer, post og medisiner \u2013 samt at hun har skysset varer til personer i en vanskelig situasjon. Her har vi ogs\u00e5 en [&hellip;]<\/p>\n","protected":false},"author":2,"featured_media":172,"parent":140,"menu_order":0,"comment_status":"closed","ping_status":"closed","template":"","meta":{"footnotes":""},"class_list":["post-541","page","type-page","status-publish","has-post-thumbnail","hentry"],"_links":{"self":[{"href":"https:\/\/www.kalveknatten.no\/index.php?rest_route=\/wp\/v2\/pages\/541","targetHints":{"allow":["GET"]}}],"collection":[{"href":"https:\/\/www.kalveknatten.no\/index.php?rest_route=\/wp\/v2\/pages"}],"about":[{"href":"https:\/\/www.kalveknatten.no\/index.php?rest_route=\/wp\/v2\/types\/page"}],"author":[{"embeddable":true,"href":"https:\/\/www.kalveknatten.no\/index.php?rest_route=\/wp\/v2\/users\/2"}],"replies":[{"embeddable":true,"href":"https:\/\/www.kalveknatten.no\/index.php?rest_route=%2Fwp%2Fv2%2Fcomments&post=541"}],"version-history":[{"count":5,"href":"https:\/\/www.kalveknatten.no\/index.php?rest_route=\/wp\/v2\/pages\/541\/revisions"}],"predecessor-version":[{"id":554,"href":"https:\/\/www.kalveknatten.no\/index.php?rest_route=\/wp\/v2\/pages\/541\/revisions\/554"}],"up":[{"embeddable":true,"href":"https:\/\/www.kalveknatten.no\/index.php?rest_route=\/wp\/v2\/pages\/140"}],"wp:featuredmedia":[{"embeddable":true,"href":"https:\/\/www.kalveknatten.no\/index.php?rest_route=\/wp\/v2\/media\/172"}],"wp:attachment":[{"href":"https:\/\/www.kalveknatten.no\/index.php?rest_route=%2Fwp%2Fv2%2Fmedia&parent=541"}],"curies":[{"name":"wp","href":"https:\/\/api.w.org\/{rel}","templated":true}]}}