{"id":537,"date":"2025-06-05T14:45:22","date_gmt":"2025-06-05T12:45:22","guid":{"rendered":"https:\/\/www.kalveknatten.no\/?page_id=537"},"modified":"2025-06-13T17:19:13","modified_gmt":"2025-06-13T15:19:13","slug":"sauer-2025","status":"publish","type":"page","link":"https:\/\/www.kalveknatten.no\/?page_id=537","title":{"rendered":"Sauer 2025"},"content":{"rendered":"\n<p><strong>SKJ\u00d8NN <\/strong> er gr\u00e5 i fellen med m\u00f8rkere fjes. Hun fikk f\u00f8r p\u00e5ske ca. 6 april 2 lam ( en sort gutt og en jente med sort\/hvitt ansikt). Flink mor.<\/p>\n\n\n\n<p><strong>URD er datteren og gr\u00e5 i fellen, men har mer ur-tegninger. <\/strong>Hun lammet f\u00f8r p\u00e5ske ca. 5 april og fikk 2 jentelam (en med isbj\u00f8rnansikt og en sort\/hvitt ansikt). Flink mor.<\/p>\n\n\n\n<p><strong>SORTE SARA <\/strong> fikk lam etter p\u00e5ske 26.04 2 jentelam \u2013 ett sort og et med sort\/hvitt ansikt. God mor denne gangen.<\/p>\n\n\n\n<p><strong>BLACK <\/strong>er datter etter Sorte Sara. og fikk f\u00f8r p\u00e5ske ca. 7 april  2 lam (et guttelam med sort ansikt og et brunt jentelam). Avviste det sorte lammet som d\u00f8de.<\/p>\n\n\n\n<p><strong>DOLLY<\/strong> etter  Sorte Sara fikk etter p\u00e5ske ca 20. 04 ett guttelam med sort\/hvitt ansikt \u2013 avviser lammet.<\/p>\n\n\n\n<p><strong>LADE <\/strong>fikk ikke lam i \u00e5r.<\/p>\n\n\n\n<p><\/p>\n\n\n\n<p><strong>SOMMERBEITE p\u00e5 Tverdals\u00f8ya:<\/strong><\/p>\n\n\n\n<p><strong>Dolly<\/strong> med lammet Pjusk<\/p>\n\n\n\n<p><strong>URD \u2013 med <\/strong> Frost (isbj\u00f8rnansikt)&nbsp; og&nbsp; Ku 2 ( sort\/hvitt ansikt).<\/p>\n\n\n\n<p><strong>SKJ\u00d8NN \u2013 <\/strong>med Kongen( sort gutt) og Ku3 (jente med sort\/hvitt ansikt).<\/p>\n\n\n\n<p><\/p>\n\n\n\n<p><strong>SOMMERBEITE p\u00e5 Floster\u00f8ya:<\/strong><\/p>\n\n\n\n<p><strong>Sorte Sara <\/strong>med 2 jentelam Olavsot og Ku1<\/p>\n\n\n\n<p><strong>Lade <\/strong>uten lam<\/p>\n\n\n\n<p><strong>BLACK &#8211; <\/strong>&nbsp;med et brunt jentelam; Bruntlam<\/p>\n","protected":false},"excerpt":{"rendered":"<p>SKJ\u00d8NN er gr\u00e5 i fellen med m\u00f8rkere fjes. Hun fikk f\u00f8r p\u00e5ske ca. 6 april 2 lam ( en sort gutt og en jente med sort\/hvitt ansikt). Flink mor. URD er datteren og gr\u00e5 i fellen, men har mer ur-tegninger. Hun lammet f\u00f8r p\u00e5ske ca. 5 april og fikk 2 jentelam (en med isbj\u00f8rnansikt og [&hellip;]<\/p>\n","protected":false},"author":2,"featured_media":0,"parent":534,"menu_order":0,"comment_status":"closed","ping_status":"closed","template":"","meta":{"footnotes":""},"class_list":["post-537","page","type-page","status-publish","hentry"],"_links":{"self":[{"href":"https:\/\/www.kalveknatten.no\/index.php?rest_route=\/wp\/v2\/pages\/537","targetHints":{"allow":["GET"]}}],"collection":[{"href":"https:\/\/www.kalveknatten.no\/index.php?rest_route=\/wp\/v2\/pages"}],"about":[{"href":"https:\/\/www.kalveknatten.no\/index.php?rest_route=\/wp\/v2\/types\/page"}],"author":[{"embeddable":true,"href":"https:\/\/www.kalveknatten.no\/index.php?rest_route=\/wp\/v2\/users\/2"}],"replies":[{"embeddable":true,"href":"https:\/\/www.kalveknatten.no\/index.php?rest_route=%2Fwp%2Fv2%2Fcomments&post=537"}],"version-history":[{"count":4,"href":"https:\/\/www.kalveknatten.no\/index.php?rest_route=\/wp\/v2\/pages\/537\/revisions"}],"predecessor-version":[{"id":648,"href":"https:\/\/www.kalveknatten.no\/index.php?rest_route=\/wp\/v2\/pages\/537\/revisions\/648"}],"up":[{"embeddable":true,"href":"https:\/\/www.kalveknatten.no\/index.php?rest_route=\/wp\/v2\/pages\/534"}],"wp:attachment":[{"href":"https:\/\/www.kalveknatten.no\/index.php?rest_route=%2Fwp%2Fv2%2Fmedia&parent=537"}],"curies":[{"name":"wp","href":"https:\/\/api.w.org\/{rel}","templated":true}]}}