{"id":534,"date":"2025-06-05T14:26:19","date_gmt":"2025-06-05T12:26:19","guid":{"rendered":"https:\/\/www.kalveknatten.no\/?page_id=534"},"modified":"2025-06-08T17:40:04","modified_gmt":"2025-06-08T15:40:04","slug":"sau","status":"publish","type":"page","link":"https:\/\/www.kalveknatten.no\/?page_id=534","title":{"rendered":"Sauene v\u00e5re"},"content":{"rendered":"\n<p>Saueholdet startet med at vi \u00f8nsket hjelp til \u00e5 f\u00e5 frem jordene i Kalvesund som mine besteforeldre hadde korn p\u00e5 under krigen. Da vi overtok disse jordene var det et gjengrodd villnis som vi m\u00e5tte baske oss gjennom. Knut Olav har hugget og kl\u00f8vd &#8211; og s\u00e5 kom sauene til unnsetning. Jacob og Vivian som holdt bir\u00f8kterkurs og produserer dronninger, hadde ogs\u00e5 familie med sau. Dermed ble det kj\u00f8p av 2 damer av rasen &laquo;Gamme Sp\u00e6l&raquo;. V\u00e5re barns venninde, Oda Emilie, tok i en periode imot kopplam og vips s\u00e5 ble det noen til og en v\u00e6r. Disse var av en mindre type der ogs\u00e5 s\u00f8yene har horn &#8211; ofte kalles slike &laquo;Villsauer&raquo; eller &laquo;Vikingsauer&raquo;.<\/p>\n\n\n\n<p>Disse sauene er utrolig flinke til \u00e5 rydde kulturlandskapet, men ganske vanskelige \u00e5 hold innenfor et gjerde. For \u00e5 begrense det arbeidet har jeg anskaffet NoFence &#8211; en elektronisk klave der man kan tegne inn et virituelt gjerde som sauene m\u00e5 forholde seg til, ellers f\u00e5r de st\u00f8t.<\/p>\n\n\n\n<p>V\u00e6ren Gjert fra Joranstad er far til \u00e5rets lam &#8211;<strong> <a href=\"https:\/\/www.kalveknatten.no\/?page_id=537\" data-type=\"page\" data-id=\"537\">se sauer 2025<\/a><\/strong><\/p>\n","protected":false},"excerpt":{"rendered":"<p>Saueholdet startet med at vi \u00f8nsket hjelp til \u00e5 f\u00e5 frem jordene i Kalvesund som mine besteforeldre hadde korn p\u00e5 under krigen. Da vi overtok disse jordene var det et gjengrodd villnis som vi m\u00e5tte baske oss gjennom. Knut Olav har hugget og kl\u00f8vd &#8211; og s\u00e5 kom sauene til unnsetning. Jacob og Vivian som [&hellip;]<\/p>\n","protected":false},"author":2,"featured_media":356,"parent":50,"menu_order":0,"comment_status":"closed","ping_status":"closed","template":"","meta":{"footnotes":""},"class_list":["post-534","page","type-page","status-publish","has-post-thumbnail","hentry"],"_links":{"self":[{"href":"https:\/\/www.kalveknatten.no\/index.php?rest_route=\/wp\/v2\/pages\/534","targetHints":{"allow":["GET"]}}],"collection":[{"href":"https:\/\/www.kalveknatten.no\/index.php?rest_route=\/wp\/v2\/pages"}],"about":[{"href":"https:\/\/www.kalveknatten.no\/index.php?rest_route=\/wp\/v2\/types\/page"}],"author":[{"embeddable":true,"href":"https:\/\/www.kalveknatten.no\/index.php?rest_route=\/wp\/v2\/users\/2"}],"replies":[{"embeddable":true,"href":"https:\/\/www.kalveknatten.no\/index.php?rest_route=%2Fwp%2Fv2%2Fcomments&post=534"}],"version-history":[{"count":5,"href":"https:\/\/www.kalveknatten.no\/index.php?rest_route=\/wp\/v2\/pages\/534\/revisions"}],"predecessor-version":[{"id":574,"href":"https:\/\/www.kalveknatten.no\/index.php?rest_route=\/wp\/v2\/pages\/534\/revisions\/574"}],"up":[{"embeddable":true,"href":"https:\/\/www.kalveknatten.no\/index.php?rest_route=\/wp\/v2\/pages\/50"}],"wp:featuredmedia":[{"embeddable":true,"href":"https:\/\/www.kalveknatten.no\/index.php?rest_route=\/wp\/v2\/media\/356"}],"wp:attachment":[{"href":"https:\/\/www.kalveknatten.no\/index.php?rest_route=%2Fwp%2Fv2%2Fmedia&parent=534"}],"curies":[{"name":"wp","href":"https:\/\/api.w.org\/{rel}","templated":true}]}}