{"id":503,"date":"2025-06-04T22:54:44","date_gmt":"2025-06-04T20:54:44","guid":{"rendered":"https:\/\/www.kalveknatten.no\/?page_id=503"},"modified":"2025-06-08T17:30:39","modified_gmt":"2025-06-08T15:30:39","slug":"honsehauk-og-grevling","status":"publish","type":"page","link":"https:\/\/www.kalveknatten.no\/?page_id=503","title":{"rendered":"H\u00f8nsehauk og grevling."},"content":{"rendered":"\n<p>H\u00f8ns er ikke bare mat for folk, skogens rovdyr har ogs\u00e5 oppdaget matfatet v\u00e5rt. H\u00f8nsehauken kan sitte musestille, for s\u00e5 plutselig stupe ned og hakke hull i h\u00f8nas bryst og hakke i seg de n\u00e6ringsrike organene, f\u00f8r b\u00e5de h\u00f8ns og hane f\u00e5r summa seg.<\/p>\n\n\n\n<p>Men her p\u00e5 ny\u00e5ret ble det rent ille. Knut Olav og jeg hadde v\u00e6rt p\u00e5 bes\u00f8k i Oslo, mens Anja passet hus og dyr. Vi kom sent hjem og Anja lukket for h\u00f8nen f\u00f8r hun dro tilbake til sitt hus. Morgenen etter da jeg skulle \u00e5pen luka for h\u00f8nsa kom ei h\u00f8ne ut som et prosjektil &#8211; men ingen flere. Det var da pussig, s\u00e5 jeg lukka opp d\u00f8ra til h\u00f8nsehuset og der l\u00e5 13 kadaver og innerst i kroken s\u00e5 jeg halen p\u00e5 en grevling. Grevlingen hadde alts\u00e5 v\u00e6rt innel\u00e5st i h\u00f8nsehuset gjennom natten og hadde tatt for seg. Jeg smelte d\u00f8ra igjen, likeledes luka og dro ned til v\u00e5r gode nabo Frank som er en skarpskytter og dyktig jeger. Han og s\u00f8nnen kom opp og la seg i d\u00f8r\u00e5pningen og brente av et skudd som sendte grevlingen inn i evigheten. S\u00e5 var det \u00e5 hente s\u00f8ppelsekk og putte h\u00f8ns og grevling oppi, men da jeg tok tak i halen p\u00e5 grevlingen, stakk snuten p\u00e5 enda en grevling frem. Da slapp jeg alt jeg hadde i hendene, smelte d\u00f8ra igjen og rope p\u00e5 Frank som igjen gjorde kort prosess ogs\u00e5 med grevlingmor &#8211; og s\u00e5 ble det stilt i h\u00f8nsehuset.<\/p>\n\n\n\n<p>Selvf\u00f8lgelig kunne ikke h\u00f8na bo der alene, men selv om hun fikk 5 nye h\u00f8ner og en hane, tok det lang tid f\u00f8r hun kom til sans og samling og begynte \u00e5 legge egg igjen.<\/p>\n","protected":false},"excerpt":{"rendered":"<p>H\u00f8ns er ikke bare mat for folk, skogens rovdyr har ogs\u00e5 oppdaget matfatet v\u00e5rt. H\u00f8nsehauken kan sitte musestille, for s\u00e5 plutselig stupe ned og hakke hull i h\u00f8nas bryst og hakke i seg de n\u00e6ringsrike organene, f\u00f8r b\u00e5de h\u00f8ns og hane f\u00e5r summa seg. Men her p\u00e5 ny\u00e5ret ble det rent ille. Knut Olav og [&hellip;]<\/p>\n","protected":false},"author":2,"featured_media":505,"parent":472,"menu_order":0,"comment_status":"closed","ping_status":"closed","template":"","meta":{"footnotes":""},"class_list":["post-503","page","type-page","status-publish","has-post-thumbnail","hentry"],"_links":{"self":[{"href":"https:\/\/www.kalveknatten.no\/index.php?rest_route=\/wp\/v2\/pages\/503","targetHints":{"allow":["GET"]}}],"collection":[{"href":"https:\/\/www.kalveknatten.no\/index.php?rest_route=\/wp\/v2\/pages"}],"about":[{"href":"https:\/\/www.kalveknatten.no\/index.php?rest_route=\/wp\/v2\/types\/page"}],"author":[{"embeddable":true,"href":"https:\/\/www.kalveknatten.no\/index.php?rest_route=\/wp\/v2\/users\/2"}],"replies":[{"embeddable":true,"href":"https:\/\/www.kalveknatten.no\/index.php?rest_route=%2Fwp%2Fv2%2Fcomments&post=503"}],"version-history":[{"count":4,"href":"https:\/\/www.kalveknatten.no\/index.php?rest_route=\/wp\/v2\/pages\/503\/revisions"}],"predecessor-version":[{"id":570,"href":"https:\/\/www.kalveknatten.no\/index.php?rest_route=\/wp\/v2\/pages\/503\/revisions\/570"}],"up":[{"embeddable":true,"href":"https:\/\/www.kalveknatten.no\/index.php?rest_route=\/wp\/v2\/pages\/472"}],"wp:featuredmedia":[{"embeddable":true,"href":"https:\/\/www.kalveknatten.no\/index.php?rest_route=\/wp\/v2\/media\/505"}],"wp:attachment":[{"href":"https:\/\/www.kalveknatten.no\/index.php?rest_route=%2Fwp%2Fv2%2Fmedia&parent=503"}],"curies":[{"name":"wp","href":"https:\/\/api.w.org\/{rel}","templated":true}]}}