{"id":50,"date":"2024-05-13T23:03:51","date_gmt":"2024-05-13T21:03:51","guid":{"rendered":"https:\/\/honning.ytterdal.net\/?page_id=50"},"modified":"2025-06-08T17:16:41","modified_gmt":"2025-06-08T15:16:41","slug":"dyra-vare-og-naturen","status":"publish","type":"page","link":"https:\/\/www.kalveknatten.no\/?page_id=50","title":{"rendered":"Dyra v\u00e5re"},"content":{"rendered":"\n<div style=\"height:var(--wp--preset--spacing--50)\" aria-hidden=\"true\" class=\"wp-block-spacer\"><\/div>\n\n\n\n<div class=\"wp-block-group alignwide has-global-padding is-layout-constrained wp-block-group-is-layout-constrained\">\n<p>Uthuset v\u00e5rt rommer mange dyr og saker og ting som h\u00f8rer til bruket. Knut Olav har verksted og et rom for redskap. Vi har et eget rom for oppbevaring av h\u00f8y og for til sauene. Stallen har sauene overtatt etter nordlandshesten Lynni. De trekker inn i n\u00e5r det regner og bl\u00e5ser, men som regel vil de v\u00e6re ute. S\u00e5 har vi en bod for tomme kuber og et eget verkstedrom for bi-utstyr. Oppe har vi kj\u00f8kken der vi koker voks , og ei stue der vi oppbevarer alle honningkassene som vi h\u00f8ster og klargj\u00f8r f\u00f8r og etter slynging. Tidligere hadde Knut Olav b\u00e5tutstyret under skr\u00e5taket mot veien, men det har vi alts\u00e5 isolert og omgjort til Slyngerom. Gudskjelov trenger vi ikke \u00e5 gj\u00f8re dette arbeidet opp i huset p\u00e5 vaskerommet. Under takutspringet f\u00e5r vi n\u00e5 plass til jordfreseren og &laquo;&raquo;Flisa&raquo; (en stor kvistmater).<\/p>\n<\/div>\n\n\n\n<div class=\"wp-block-group alignfull has-global-padding is-layout-constrained wp-container-core-group-is-layout-b25ccd55 wp-block-group-is-layout-constrained\" style=\"margin-top:0;margin-bottom:0;padding-top:var(--wp--preset--spacing--50);padding-right:var(--wp--preset--spacing--50);padding-bottom:var(--wp--preset--spacing--50);padding-left:var(--wp--preset--spacing--50)\">\n<div class=\"wp-block-columns alignwide is-layout-flex wp-container-core-columns-is-layout-ff4b9c61 wp-block-columns-is-layout-flex\" style=\"margin-top:0;margin-bottom:0\">\n<div class=\"wp-block-column is-layout-flow wp-container-core-column-is-layout-8a368f38 wp-block-column-is-layout-flow\">\n<div style=\"height:var(--wp--preset--spacing--50)\" aria-hidden=\"true\" class=\"wp-block-spacer\"><\/div>\n\n\n\n<figure class=\"wp-block-image size-large is-style-rounded is-style-rounded--1\"><img loading=\"lazy\" decoding=\"async\" width=\"1024\" height=\"768\" src=\"https:\/\/www.kalveknatten.no\/wp-content\/uploads\/2024\/08\/Honer-og-Knut-Olaf-1024x768.jpg\" alt=\"\" class=\"wp-image-97\" style=\"aspect-ratio:3\/4;object-fit:cover\" srcset=\"https:\/\/www.kalveknatten.no\/wp-content\/uploads\/2024\/08\/Honer-og-Knut-Olaf-1024x768.jpg 1024w, https:\/\/www.kalveknatten.no\/wp-content\/uploads\/2024\/08\/Honer-og-Knut-Olaf-300x225.jpg 300w, https:\/\/www.kalveknatten.no\/wp-content\/uploads\/2024\/08\/Honer-og-Knut-Olaf-768x576.jpg 768w, https:\/\/www.kalveknatten.no\/wp-content\/uploads\/2024\/08\/Honer-og-Knut-Olaf-1536x1152.jpg 1536w, https:\/\/www.kalveknatten.no\/wp-content\/uploads\/2024\/08\/Honer-og-Knut-Olaf-2048x1536.jpg 2048w\" sizes=\"auto, (max-width: 1024px) 100vw, 1024px\" \/><\/figure>\n\n\n\n<div style=\"height:var(--wp--preset--spacing--50)\" aria-hidden=\"true\" class=\"wp-block-spacer\"><\/div>\n\n\n\n<figure class=\"wp-block-image size-large is-style-rounded is-style-rounded--2\"><img loading=\"lazy\" decoding=\"async\" width=\"1024\" height=\"768\" src=\"https:\/\/www.kalveknatten.no\/wp-content\/uploads\/2025\/05\/Fjoset-24-1024x768.jpg\" alt=\"\" class=\"wp-image-356\" style=\"aspect-ratio:3\/4;object-fit:cover\" srcset=\"https:\/\/www.kalveknatten.no\/wp-content\/uploads\/2025\/05\/Fjoset-24-1024x768.jpg 1024w, https:\/\/www.kalveknatten.no\/wp-content\/uploads\/2025\/05\/Fjoset-24-300x225.jpg 300w, https:\/\/www.kalveknatten.no\/wp-content\/uploads\/2025\/05\/Fjoset-24-768x576.jpg 768w, https:\/\/www.kalveknatten.no\/wp-content\/uploads\/2025\/05\/Fjoset-24-1536x1152.jpg 1536w, https:\/\/www.kalveknatten.no\/wp-content\/uploads\/2025\/05\/Fjoset-24.jpg 1600w\" sizes=\"auto, (max-width: 1024px) 100vw, 1024px\" \/><\/figure>\n<\/div>\n\n\n\n<div class=\"wp-block-column is-layout-flow wp-container-core-column-is-layout-8a368f38 wp-block-column-is-layout-flow\">\n<div style=\"height:var(--wp--preset--spacing--50)\" aria-hidden=\"true\" class=\"wp-block-spacer\"><\/div>\n\n\n\n<div style=\"height:var(--wp--preset--spacing--50)\" aria-hidden=\"true\" class=\"wp-block-spacer\"><\/div>\n\n\n\n<figure class=\"wp-block-image size-full is-style-rounded is-style-rounded--3\"><img loading=\"lazy\" decoding=\"async\" width=\"1000\" height=\"667\" src=\"https:\/\/www.kalveknatten.no\/wp-content\/uploads\/2024\/05\/borisborte.jpg\" alt=\"\" class=\"wp-image-33\" style=\"aspect-ratio:1;object-fit:cover\" srcset=\"https:\/\/www.kalveknatten.no\/wp-content\/uploads\/2024\/05\/borisborte.jpg 1000w, https:\/\/www.kalveknatten.no\/wp-content\/uploads\/2024\/05\/borisborte-300x200.jpg 300w, https:\/\/www.kalveknatten.no\/wp-content\/uploads\/2024\/05\/borisborte-768x512.jpg 768w\" sizes=\"auto, (max-width: 1000px) 100vw, 1000px\" \/><\/figure>\n\n\n\n<div style=\"height:var(--wp--preset--spacing--50)\" aria-hidden=\"true\" class=\"wp-block-spacer\"><\/div>\n\n\n\n<figure class=\"wp-block-image size-full is-style-rounded is-style-rounded--4\"><img loading=\"lazy\" decoding=\"async\" width=\"960\" height=\"720\" src=\"https:\/\/www.kalveknatten.no\/wp-content\/uploads\/2025\/05\/mor-og-lam.jpg\" alt=\"\" class=\"wp-image-358\" style=\"aspect-ratio:1;object-fit:cover\" srcset=\"https:\/\/www.kalveknatten.no\/wp-content\/uploads\/2025\/05\/mor-og-lam.jpg 960w, https:\/\/www.kalveknatten.no\/wp-content\/uploads\/2025\/05\/mor-og-lam-300x225.jpg 300w, https:\/\/www.kalveknatten.no\/wp-content\/uploads\/2025\/05\/mor-og-lam-768x576.jpg 768w\" sizes=\"auto, (max-width: 960px) 100vw, 960px\" \/><\/figure>\n<\/div>\n\n\n\n<div class=\"wp-block-column is-layout-flow wp-container-core-column-is-layout-8a368f38 wp-block-column-is-layout-flow\">\n<figure class=\"wp-block-image size-large is-style-rounded is-style-rounded--5\"><img loading=\"lazy\" decoding=\"async\" width=\"1024\" height=\"768\" src=\"https:\/\/www.kalveknatten.no\/wp-content\/uploads\/2024\/04\/biroktere3-1024x768.jpg\" alt=\"\" class=\"wp-image-91\" style=\"aspect-ratio:3\/4;object-fit:cover\" srcset=\"https:\/\/www.kalveknatten.no\/wp-content\/uploads\/2024\/04\/biroktere3-1024x768.jpg 1024w, https:\/\/www.kalveknatten.no\/wp-content\/uploads\/2024\/04\/biroktere3-300x225.jpg 300w, https:\/\/www.kalveknatten.no\/wp-content\/uploads\/2024\/04\/biroktere3-768x576.jpg 768w, https:\/\/www.kalveknatten.no\/wp-content\/uploads\/2024\/04\/biroktere3-1536x1152.jpg 1536w, https:\/\/www.kalveknatten.no\/wp-content\/uploads\/2024\/04\/biroktere3-2048x1536.jpg 2048w\" sizes=\"auto, (max-width: 1024px) 100vw, 1024px\" \/><\/figure>\n\n\n\n<div style=\"height:var(--wp--preset--spacing--50)\" aria-hidden=\"true\" class=\"wp-block-spacer\"><\/div>\n\n\n\n<figure class=\"wp-block-image size-large is-style-rounded is-style-rounded--6\"><img loading=\"lazy\" decoding=\"async\" width=\"1024\" height=\"768\" src=\"https:\/\/www.kalveknatten.no\/wp-content\/uploads\/2025\/05\/poteter-1024x768.jpg\" alt=\"\" class=\"wp-image-357\" style=\"aspect-ratio:3\/4;object-fit:cover\" srcset=\"https:\/\/www.kalveknatten.no\/wp-content\/uploads\/2025\/05\/poteter-1024x768.jpg 1024w, https:\/\/www.kalveknatten.no\/wp-content\/uploads\/2025\/05\/poteter-300x225.jpg 300w, https:\/\/www.kalveknatten.no\/wp-content\/uploads\/2025\/05\/poteter-768x576.jpg 768w, https:\/\/www.kalveknatten.no\/wp-content\/uploads\/2025\/05\/poteter-1536x1152.jpg 1536w, https:\/\/www.kalveknatten.no\/wp-content\/uploads\/2025\/05\/poteter.jpg 2048w\" sizes=\"auto, (max-width: 1024px) 100vw, 1024px\" \/><\/figure>\n\n\n\n<div style=\"height:var(--wp--preset--spacing--50)\" aria-hidden=\"true\" class=\"wp-block-spacer\"><\/div>\n\n\n<\/div>\n\n\n\n<div class=\"wp-block-column is-layout-flow wp-container-core-column-is-layout-8a368f38 wp-block-column-is-layout-flow\">\n<div style=\"height:var(--wp--preset--spacing--50)\" aria-hidden=\"true\" class=\"wp-block-spacer\"><\/div>\n\n\n\n<figure class=\"wp-block-image size-large is-style-rounded is-style-rounded--8\"><img loading=\"lazy\" decoding=\"async\" width=\"1024\" height=\"768\" src=\"https:\/\/www.kalveknatten.no\/wp-content\/uploads\/2024\/08\/sau1-1024x768.jpg\" alt=\"\" class=\"wp-image-96\" style=\"aspect-ratio:1;object-fit:cover\" srcset=\"https:\/\/www.kalveknatten.no\/wp-content\/uploads\/2024\/08\/sau1-1024x768.jpg 1024w, https:\/\/www.kalveknatten.no\/wp-content\/uploads\/2024\/08\/sau1-300x225.jpg 300w, https:\/\/www.kalveknatten.no\/wp-content\/uploads\/2024\/08\/sau1-768x576.jpg 768w, https:\/\/www.kalveknatten.no\/wp-content\/uploads\/2024\/08\/sau1-1536x1152.jpg 1536w, https:\/\/www.kalveknatten.no\/wp-content\/uploads\/2024\/08\/sau1-2048x1536.jpg 2048w\" sizes=\"auto, (max-width: 1024px) 100vw, 1024px\" \/><\/figure>\n\n\n\n<div style=\"height:var(--wp--preset--spacing--50)\" aria-hidden=\"true\" class=\"wp-block-spacer\"><\/div>\n\n\n\n<div style=\"height:var(--wp--preset--spacing--50)\" aria-hidden=\"true\" class=\"wp-block-spacer\"><\/div>\n\n\n\n<figure class=\"wp-block-image size-large is-style-rounded is-style-rounded--9\"><img loading=\"lazy\" decoding=\"async\" width=\"683\" height=\"1024\" src=\"https:\/\/www.kalveknatten.no\/wp-content\/uploads\/2025\/05\/meg-med-dyra-683x1024.jpg\" alt=\"\" class=\"wp-image-457\" style=\"aspect-ratio:9\/16;object-fit:cover\" srcset=\"https:\/\/www.kalveknatten.no\/wp-content\/uploads\/2025\/05\/meg-med-dyra-683x1024.jpg 683w, https:\/\/www.kalveknatten.no\/wp-content\/uploads\/2025\/05\/meg-med-dyra-200x300.jpg 200w, https:\/\/www.kalveknatten.no\/wp-content\/uploads\/2025\/05\/meg-med-dyra-768x1152.jpg 768w, https:\/\/www.kalveknatten.no\/wp-content\/uploads\/2025\/05\/meg-med-dyra-1024x1536.jpg 1024w, https:\/\/www.kalveknatten.no\/wp-content\/uploads\/2025\/05\/meg-med-dyra.jpg 1365w\" sizes=\"auto, (max-width: 683px) 100vw, 683px\" \/><\/figure>\n<\/div>\n<\/div>\n<\/div>\n","protected":false},"excerpt":{"rendered":"<p>Uthuset v\u00e5rt rommer mange dyr og saker og ting som h\u00f8rer til bruket. Knut Olav har verksted og et rom for redskap. Vi har et eget rom for oppbevaring av h\u00f8y og for til sauene. Stallen har sauene overtatt etter nordlandshesten Lynni. De trekker inn i n\u00e5r det regner og bl\u00e5ser, men som regel vil [&hellip;]<\/p>\n","protected":false},"author":2,"featured_media":461,"parent":0,"menu_order":2,"comment_status":"closed","ping_status":"closed","template":"","meta":{"footnotes":""},"class_list":["post-50","page","type-page","status-publish","has-post-thumbnail","hentry"],"_links":{"self":[{"href":"https:\/\/www.kalveknatten.no\/index.php?rest_route=\/wp\/v2\/pages\/50","targetHints":{"allow":["GET"]}}],"collection":[{"href":"https:\/\/www.kalveknatten.no\/index.php?rest_route=\/wp\/v2\/pages"}],"about":[{"href":"https:\/\/www.kalveknatten.no\/index.php?rest_route=\/wp\/v2\/types\/page"}],"author":[{"embeddable":true,"href":"https:\/\/www.kalveknatten.no\/index.php?rest_route=\/wp\/v2\/users\/2"}],"replies":[{"embeddable":true,"href":"https:\/\/www.kalveknatten.no\/index.php?rest_route=%2Fwp%2Fv2%2Fcomments&post=50"}],"version-history":[{"count":10,"href":"https:\/\/www.kalveknatten.no\/index.php?rest_route=\/wp\/v2\/pages\/50\/revisions"}],"predecessor-version":[{"id":564,"href":"https:\/\/www.kalveknatten.no\/index.php?rest_route=\/wp\/v2\/pages\/50\/revisions\/564"}],"wp:featuredmedia":[{"embeddable":true,"href":"https:\/\/www.kalveknatten.no\/index.php?rest_route=\/wp\/v2\/media\/461"}],"wp:attachment":[{"href":"https:\/\/www.kalveknatten.no\/index.php?rest_route=%2Fwp%2Fv2%2Fmedia&parent=50"}],"curies":[{"name":"wp","href":"https:\/\/api.w.org\/{rel}","templated":true}]}}