{"id":493,"date":"2025-06-04T13:21:57","date_gmt":"2025-06-04T11:21:57","guid":{"rendered":"https:\/\/www.kalveknatten.no\/?page_id=493"},"modified":"2025-06-08T17:26:49","modified_gmt":"2025-06-08T15:26:49","slug":"egget-som-symbol","status":"publish","type":"page","link":"https:\/\/www.kalveknatten.no\/?page_id=493","title":{"rendered":"Egget som symbol"},"content":{"rendered":"\n<p>H\u00f8ns er absolutt noen fine skapninger, egget er jo p\u00e5 en m\u00e5te symbolet p\u00e5 nytt liv, et fruktbarhetssymbol. Men sp\u00f8rsm\u00e5let er hva kom f\u00f8rst H\u00f8na eller Egget? Jeg har forresten aldri h\u00f8rt snakk om Hanen i den sammenhengen.<\/p>\n\n\n\n<p>Egg symboliserer ogs\u00e5 v\u00e5ren med nytt liv. For mange \u00e5r siden tok jeg en enhet i forming sammen med min venninde Nanny. I en oppgave fordypet vi oss litt i lokalkultur og formuttrykk i ild og sten. Her p\u00e5 S\u00f8rlandet hadde vi en utgammel tradisjon med \u00e5 m\u00f8te solen p\u00e5 v\u00e5rjevnd\u00f8gns morgen. Dette ble senere en katolsk skikk som holdt seg til og med min generasjon, men da at barna gikk opp p\u00e5 bygdas h\u00f8yeste fjell og m\u00f8tte sola p\u00e5 p\u00e5skemorgen og sa vers om Maria. Det ble ogs\u00e5 sagt at eggene som h\u00f8nene legger 1. p\u00e5skedag er hellige; kan gis som gaver, eller kan lagres i et \u00e5r. Det fors\u00f8kte Nanny og jeg. Ett egg fra hennes h\u00f8ner ble lagret i et \u00e5r, men vi tilbydde det f\u00f8rst til hunden hennes, s\u00e5nn for sikkerhets skyld, &#8211; og tror du ikke hunden slafset det i seg med godt behag.<\/p>\n\n\n\n<p>I barnehagene har det blitt tradisjon for \u00e5 male egg, men i mange land er dette en kunstart. I Ukraina er det for eksempel sterke tradisjoner for \u00e5 male egg, b\u00e5de med skall og uten. \u00d8nsker du litt mer overflod, hell og lykke? Da kan du dekorere med egg, enten krystallegg eller malte egg. Egget kan ogs\u00e5 v\u00e6re et statussymbol, tenk p\u00e5 de ber\u00f8mte Faberge- eggene.<\/p>\n\n\n\n<p>Rundt 1800 begynte vi her p\u00e5 berget \u00e5 dekorere egg i p\u00e5sken. Da ble de gjerne farget ved \u00e5 koke eggene sammen med ting som l\u00f8k, lyng eller kaffe.<\/p>\n\n\n\n<p>Tradisjonen med \u00e5 spise egg i p\u00e5sken har nok en praktisk forklaring. I middelalderen da den 40 dager lange fasten f\u00f8r p\u00e5sken ble avholdt, var kj\u00f8tt og egg ofte forbudt \u00e5 spise.\u00a0I denne v\u00e5rknipa var nok det n\u00e6ringsrike egget sv\u00e6rt etterlengtet.<\/p>\n","protected":false},"excerpt":{"rendered":"<p>H\u00f8ns er absolutt noen fine skapninger, egget er jo p\u00e5 en m\u00e5te symbolet p\u00e5 nytt liv, et fruktbarhetssymbol. Men sp\u00f8rsm\u00e5let er hva kom f\u00f8rst H\u00f8na eller Egget? Jeg har forresten aldri h\u00f8rt snakk om Hanen i den sammenhengen. Egg symboliserer ogs\u00e5 v\u00e5ren med nytt liv. For mange \u00e5r siden tok jeg en enhet i forming [&hellip;]<\/p>\n","protected":false},"author":2,"featured_media":0,"parent":472,"menu_order":0,"comment_status":"closed","ping_status":"closed","template":"","meta":{"footnotes":""},"class_list":["post-493","page","type-page","status-publish","hentry"],"_links":{"self":[{"href":"https:\/\/www.kalveknatten.no\/index.php?rest_route=\/wp\/v2\/pages\/493","targetHints":{"allow":["GET"]}}],"collection":[{"href":"https:\/\/www.kalveknatten.no\/index.php?rest_route=\/wp\/v2\/pages"}],"about":[{"href":"https:\/\/www.kalveknatten.no\/index.php?rest_route=\/wp\/v2\/types\/page"}],"author":[{"embeddable":true,"href":"https:\/\/www.kalveknatten.no\/index.php?rest_route=\/wp\/v2\/users\/2"}],"replies":[{"embeddable":true,"href":"https:\/\/www.kalveknatten.no\/index.php?rest_route=%2Fwp%2Fv2%2Fcomments&post=493"}],"version-history":[{"count":5,"href":"https:\/\/www.kalveknatten.no\/index.php?rest_route=\/wp\/v2\/pages\/493\/revisions"}],"predecessor-version":[{"id":568,"href":"https:\/\/www.kalveknatten.no\/index.php?rest_route=\/wp\/v2\/pages\/493\/revisions\/568"}],"up":[{"embeddable":true,"href":"https:\/\/www.kalveknatten.no\/index.php?rest_route=\/wp\/v2\/pages\/472"}],"wp:attachment":[{"href":"https:\/\/www.kalveknatten.no\/index.php?rest_route=%2Fwp%2Fv2%2Fmedia&parent=493"}],"curies":[{"name":"wp","href":"https:\/\/api.w.org\/{rel}","templated":true}]}}