{"id":472,"date":"2025-06-03T21:19:09","date_gmt":"2025-06-03T19:19:09","guid":{"rendered":"https:\/\/www.kalveknatten.no\/?page_id=472"},"modified":"2025-06-08T17:20:27","modified_gmt":"2025-06-08T15:20:27","slug":"honsa-vare","status":"publish","type":"page","link":"https:\/\/www.kalveknatten.no\/?page_id=472","title":{"rendered":"H\u00f8nsa v\u00e5re"},"content":{"rendered":"\n<p>Vi har hatt et varierende antall h\u00f8ns, og annet fj\u00e6rkre, opp gjennom \u00e5ra. Oppstarten skjedde etter at jeg en dag p\u00e5 jobb kom til \u00e5 si at:&raquo; H\u00f8ns er i grunnen fine skapninger&raquo;. S\u00e5 da jeg fylte 50 \u00e5r overrasket kollegaene mine meg med et dukketeater og 3 utrolig vakre Australops h\u00f8ner. Da jeg kom hjem med dem ble Knut Olav overrasket &#8211; for \u00e5 si det s\u00e5nn. Han er en sindig person som tenker praktisk, der jeg av og til er litt ballong. &laquo;Da m\u00e5 jeg vel snekre et h\u00f8nsehus?&raquo;, sa han. &laquo;Nei da, vi kj\u00f8per et lite h\u00f8nsehus p\u00e5 Felleskj\u00f8pet og imens f\u00e5r de bo i stallen hos hesten&raquo;. Lite h\u00f8nsehus ble innkj\u00f8pt &#8211; og noen h\u00f8ner til.<\/p>\n\n\n\n<p><a href=\"https:\/\/www.kalveknatten.no\/?page_id=493\" data-type=\"page\" data-id=\"493\"><strong>Egget er brukt som symbol for fruktbarhet, rikdom og nytt liv.<\/strong><\/a> Kan du tenke deg noe s\u00e5 nydelig som friske nylagte egg til frokost. Eggets dag er for \u00f8vrig 14. oktober &#8211; og kan for eksempel feires med eggedosis eller eggtoddy.<\/p>\n\n\n\n<p>Det er ogs\u00e5 noe magisk \u00e5 f\u00f8lge eggets utvikling i rugemaskinen og snike de nyf\u00f8dt under ei h\u00f8ne som ligger klukk. Det er ikke greit med mange haner i en h\u00f8nseg\u00e5rd, s\u00e5 n\u00e5r de begynner \u00e5 gale og bruse med fj\u00e6ra, er det tid for coq au vin.<\/p>\n\n\n\n<p>Vi har hatt ulike raser av h\u00f8ns &#8211; du verden s\u00e5 mange vakre. Jeg liker de rolige store og hadde en fornydelig hane av typen Brahma, med et par tupper av samme slag. Fint nytt h\u00f8nsehus har det ogs\u00e5 kommet p\u00e5 bruket.<\/p>\n\n\n\n<p>Jeg hadde tenkt \u00e5 selge rugeegg og kyllinger, men<strong> <a href=\"https:\/\/www.kalveknatten.no\/?page_id=503\" data-type=\"page\" data-id=\"503\">vi har et problem med skogens rovdyr,<\/a><\/strong> s\u00e5 det ble ingen god butikk.<\/p>\n\n\n\n<p><\/p>\n","protected":false},"excerpt":{"rendered":"<p>Vi har hatt et varierende antall h\u00f8ns, og annet fj\u00e6rkre, opp gjennom \u00e5ra. Oppstarten skjedde etter at jeg en dag p\u00e5 jobb kom til \u00e5 si at:&raquo; H\u00f8ns er i grunnen fine skapninger&raquo;. S\u00e5 da jeg fylte 50 \u00e5r overrasket kollegaene mine meg med et dukketeater og 3 utrolig vakre Australops h\u00f8ner. Da jeg kom [&hellip;]<\/p>\n","protected":false},"author":2,"featured_media":89,"parent":50,"menu_order":0,"comment_status":"closed","ping_status":"closed","template":"","meta":{"footnotes":""},"class_list":["post-472","page","type-page","status-publish","has-post-thumbnail","hentry"],"_links":{"self":[{"href":"https:\/\/www.kalveknatten.no\/index.php?rest_route=\/wp\/v2\/pages\/472","targetHints":{"allow":["GET"]}}],"collection":[{"href":"https:\/\/www.kalveknatten.no\/index.php?rest_route=\/wp\/v2\/pages"}],"about":[{"href":"https:\/\/www.kalveknatten.no\/index.php?rest_route=\/wp\/v2\/types\/page"}],"author":[{"embeddable":true,"href":"https:\/\/www.kalveknatten.no\/index.php?rest_route=\/wp\/v2\/users\/2"}],"replies":[{"embeddable":true,"href":"https:\/\/www.kalveknatten.no\/index.php?rest_route=%2Fwp%2Fv2%2Fcomments&post=472"}],"version-history":[{"count":11,"href":"https:\/\/www.kalveknatten.no\/index.php?rest_route=\/wp\/v2\/pages\/472\/revisions"}],"predecessor-version":[{"id":566,"href":"https:\/\/www.kalveknatten.no\/index.php?rest_route=\/wp\/v2\/pages\/472\/revisions\/566"}],"up":[{"embeddable":true,"href":"https:\/\/www.kalveknatten.no\/index.php?rest_route=\/wp\/v2\/pages\/50"}],"wp:featuredmedia":[{"embeddable":true,"href":"https:\/\/www.kalveknatten.no\/index.php?rest_route=\/wp\/v2\/media\/89"}],"wp:attachment":[{"href":"https:\/\/www.kalveknatten.no\/index.php?rest_route=%2Fwp%2Fv2%2Fmedia&parent=472"}],"curies":[{"name":"wp","href":"https:\/\/api.w.org\/{rel}","templated":true}]}}