{"id":47,"date":"2024-05-13T23:02:52","date_gmt":"2024-05-13T21:02:52","guid":{"rendered":"https:\/\/honning.ytterdal.net\/?page_id=47"},"modified":"2026-01-31T23:13:29","modified_gmt":"2026-01-31T22:13:29","slug":"arsrytme","status":"publish","type":"page","link":"https:\/\/www.kalveknatten.no\/?page_id=47","title":{"rendered":"\u00c5rets gang"},"content":{"rendered":"\n<p>Dette er et AI-genert bilde, men det beskriver oss p\u00e5 en m\u00e5te: vi bor ved kysten, har bier og sauer. Vi dyrker litt av hvert n\u00e5r vi har tid til det. Ungene har gitt oss Mumi-kopper som henger p\u00e5 rekke og rad p\u00e5 kj\u00f8kkenet &#8211; og velger kopp etter hum\u00f8r og sinntilstand. Vi har bil og b\u00e5t og elter rundt med det meste. Hvorfor det er kommet en vindm\u00f8lle p\u00e5 bildet, er helt tilfeldig, men det skjer jo at vi sloss mot vindb\u00f8ller i overf\u00f8rt betydning (dvs. kjemper mot innbilte motstandere i en h\u00e5pl\u00f8s kamp mot egne vrangforestillinger). Men Vindm\u00f8ller som ikke maler korn, har vi liten sans for. Motstand er det ofte p\u00e5 bruket &#8211; f. eks. hvordan skal vi bli kvitt skvallerk\u00e5l, eller hvor i all verden ble det av brillene`?<\/p>\n\n\n\n<p><strong><a href=\"https:\/\/www.kalveknatten.no\/?page_id=297\" data-type=\"link\" data-id=\"https:\/\/www.kalveknatten.no\/?page_id=297\">April<\/a><\/strong><\/p>\n","protected":false},"excerpt":{"rendered":"<p>Dette er et AI-genert bilde, men det beskriver oss p\u00e5 en m\u00e5te: vi bor ved kysten, har bier og sauer. Vi dyrker litt av hvert n\u00e5r vi har tid til det. Ungene har gitt oss Mumi-kopper som henger p\u00e5 rekke og rad p\u00e5 kj\u00f8kkenet &#8211; og velger kopp etter hum\u00f8r og sinntilstand. Vi har bil [&hellip;]<\/p>\n","protected":false},"author":1,"featured_media":75,"parent":0,"menu_order":1,"comment_status":"closed","ping_status":"closed","template":"","meta":{"footnotes":""},"class_list":["post-47","page","type-page","status-publish","has-post-thumbnail","hentry"],"_links":{"self":[{"href":"https:\/\/www.kalveknatten.no\/index.php?rest_route=\/wp\/v2\/pages\/47","targetHints":{"allow":["GET"]}}],"collection":[{"href":"https:\/\/www.kalveknatten.no\/index.php?rest_route=\/wp\/v2\/pages"}],"about":[{"href":"https:\/\/www.kalveknatten.no\/index.php?rest_route=\/wp\/v2\/types\/page"}],"author":[{"embeddable":true,"href":"https:\/\/www.kalveknatten.no\/index.php?rest_route=\/wp\/v2\/users\/1"}],"replies":[{"embeddable":true,"href":"https:\/\/www.kalveknatten.no\/index.php?rest_route=%2Fwp%2Fv2%2Fcomments&post=47"}],"version-history":[{"count":13,"href":"https:\/\/www.kalveknatten.no\/index.php?rest_route=\/wp\/v2\/pages\/47\/revisions"}],"predecessor-version":[{"id":842,"href":"https:\/\/www.kalveknatten.no\/index.php?rest_route=\/wp\/v2\/pages\/47\/revisions\/842"}],"wp:featuredmedia":[{"embeddable":true,"href":"https:\/\/www.kalveknatten.no\/index.php?rest_route=\/wp\/v2\/media\/75"}],"wp:attachment":[{"href":"https:\/\/www.kalveknatten.no\/index.php?rest_route=%2Fwp%2Fv2%2Fmedia&parent=47"}],"curies":[{"name":"wp","href":"https:\/\/api.w.org\/{rel}","templated":true}]}}