{"id":455,"date":"2025-05-30T23:33:20","date_gmt":"2025-05-30T21:33:20","guid":{"rendered":"https:\/\/www.kalveknatten.no\/?page_id=455"},"modified":"2025-05-30T23:45:06","modified_gmt":"2025-05-30T21:45:06","slug":"bistikk","status":"publish","type":"page","link":"https:\/\/www.kalveknatten.no\/?page_id=455","title":{"rendered":"Bistikk"},"content":{"rendered":"\n<p><strong>1. Lokal reaksjon<\/strong><\/p>\n\n\n\n<p>De fleste som f\u00e5r bistikk, f\u00e5r kun en lokal reaksjon. Det vil si en hevelse og r\u00f8dme rundt stikkstedet. Det er ikke en allergisk reaksjon, men en naturlig, lokal reaksjon. Det er ubehagelig, men er i utgangspunktet ikke farlig.<\/p>\n\n\n\n<p>Det er ikke n\u00f8dvendig \u00e5 behandle lokale reaksjoner. Disse vil g\u00e5 over av seg selv. Men det irriterer og gj\u00f8r litt vondt s\u00e5 du kan:<\/p>\n\n\n\n<p>Bl\u00e5se p\u00e5 og si: <em>Dette g\u00e5r bra, Bj\u00f8rnen prata, kr\u00e5ka skrata, i morra bra igjen.<\/em><\/p>\n\n\n\n<p>Sm\u00f8re stikkstedet med en kl\u00f8edempende salve (reseptfritt fra apoteket).<\/p>\n\n\n\n<p>Ta et antihistamin (reseptfritt fra apoteket).<\/p>\n\n\n\n<p>Legg en v\u00e5t, kald klut, en ispose eller noe annet kaldt p\u00e5 stikket.<\/p>\n\n\n\n<p>Ved vedvarende kl\u00f8e kan man bruke en hydrokortisonkrem (reseptfritt fra apoteket).<\/p>\n\n\n\n<p><strong>OBS!<\/strong>&nbsp;Ved stikk i svelg eller hals, skal man alltid kontakte lege. Selv sm\u00e5 hevelser i dette omr\u00e5det kan f\u00f8re til pusteproblemer. Tilsvarende gjelder dersom du blir stukket av mange bier samtidig.<\/p>\n\n\n\n<p><strong>2. Systemreaksjon<\/strong><\/p>\n\n\n\n<p>Det kan inneb\u00e6re allment ubehag, smertef\u00f8lelse i kroppen, elveblest eller r\u00f8dme p\u00e5 deler av kroppen, kl\u00f8e, pusteproblemer og\/eller hurtig blodtrykksfall.<\/p>\n\n\n\n<p><strong>Behandling av systemreaksjon<\/strong><\/p>\n\n\n\n<p>Hvis du blir stukket og f\u00f8ler deg uvel, eller f\u00e5r systematiske reaksjoner, ta straks kontakt med medisinsk personale. Ring fastlegen din, n\u00f8dnummeret 113 eller legevakt slik at du f\u00e5r hjelp s\u00e5 fort som mulig.<\/p>\n\n\n\n<p><strong>Allergisk reaksjon ved bistikk:<\/strong><\/p>\n\n\n\n<p>En systemisk reaksjon p\u00e5 bistikk kan indikere at man er allergisk. Ta kontakt med din fastlege for \u00e5 utrede dette.<\/p>\n\n\n\n<p><strong>Bie eller veps<\/strong><\/p>\n\n\n\n<p>Bier og veps er beslektet, og har delvis samme gift. Det vil si at noen av komponentene i gift fra bier og veps er lik, mens noen av komponentene ikke er like. Be legen teste deg mht. stikk fra b\u00e5de bier og veps.<\/p>\n\n\n\n<p><strong>Ved dokumentert allergi<\/strong><\/p>\n\n\n\n<p>Ved dokumentert allergi for bistikk, anbefaler vi at du r\u00e5df\u00f8rer deg med din lege. Det m\u00e5 tas stilling til om det ansvarlig \u00e5 fortsette med bir\u00f8kt. Sp\u00f8r ogs\u00e5 legen om immunvaksinering kan v\u00e6re aktuelt, og om du kvalifiserer for denne ordningen. Vaksineprogrammet kan bidra til redusert reaksjon mot stikk, og hindre systemiske reaksjoner. Fastlegen kan henvise deg videre til utredning og ev. igangsetting av vaksineprogram.<\/p>\n\n\n\n<p><strong>V\u00e6r f\u00f8re var<\/strong> Ikke t\u00f8ff deg mot bier! Skal du p\u00e5 bes\u00f8k i big\u00e5rden, m\u00e5 du bruke bir\u00f8kterens verneutstyr for din egen sikkerhet, bienes velferd og smittehindring<\/p>\n","protected":false},"excerpt":{"rendered":"<p>1. Lokal reaksjon De fleste som f\u00e5r bistikk, f\u00e5r kun en lokal reaksjon. Det vil si en hevelse og r\u00f8dme rundt stikkstedet. Det er ikke en allergisk reaksjon, men en naturlig, lokal reaksjon. Det er ubehagelig, men er i utgangspunktet ikke farlig. Det er ikke n\u00f8dvendig \u00e5 behandle lokale reaksjoner. Disse vil g\u00e5 over av [&hellip;]<\/p>\n","protected":false},"author":2,"featured_media":459,"parent":52,"menu_order":0,"comment_status":"closed","ping_status":"closed","template":"","meta":{"footnotes":""},"class_list":["post-455","page","type-page","status-publish","has-post-thumbnail","hentry"],"_links":{"self":[{"href":"https:\/\/www.kalveknatten.no\/index.php?rest_route=\/wp\/v2\/pages\/455","targetHints":{"allow":["GET"]}}],"collection":[{"href":"https:\/\/www.kalveknatten.no\/index.php?rest_route=\/wp\/v2\/pages"}],"about":[{"href":"https:\/\/www.kalveknatten.no\/index.php?rest_route=\/wp\/v2\/types\/page"}],"author":[{"embeddable":true,"href":"https:\/\/www.kalveknatten.no\/index.php?rest_route=\/wp\/v2\/users\/2"}],"replies":[{"embeddable":true,"href":"https:\/\/www.kalveknatten.no\/index.php?rest_route=%2Fwp%2Fv2%2Fcomments&post=455"}],"version-history":[{"count":1,"href":"https:\/\/www.kalveknatten.no\/index.php?rest_route=\/wp\/v2\/pages\/455\/revisions"}],"predecessor-version":[{"id":456,"href":"https:\/\/www.kalveknatten.no\/index.php?rest_route=\/wp\/v2\/pages\/455\/revisions\/456"}],"up":[{"embeddable":true,"href":"https:\/\/www.kalveknatten.no\/index.php?rest_route=\/wp\/v2\/pages\/52"}],"wp:featuredmedia":[{"embeddable":true,"href":"https:\/\/www.kalveknatten.no\/index.php?rest_route=\/wp\/v2\/media\/459"}],"wp:attachment":[{"href":"https:\/\/www.kalveknatten.no\/index.php?rest_route=%2Fwp%2Fv2%2Fmedia&parent=455"}],"curies":[{"name":"wp","href":"https:\/\/api.w.org\/{rel}","templated":true}]}}