{"id":417,"date":"2025-05-30T22:21:37","date_gmt":"2025-05-30T20:21:37","guid":{"rendered":"https:\/\/www.kalveknatten.no\/?page_id=417"},"modified":"2025-07-25T17:25:41","modified_gmt":"2025-07-25T15:25:41","slug":"fisk-2","status":"publish","type":"page","link":"https:\/\/www.kalveknatten.no\/?page_id=417","title":{"rendered":"FISK"},"content":{"rendered":"\n<p><\/p>\n\n\n\n<p>Min bestefar Anton seilte p\u00e5 store skuter i sine yngre dager, som gift pr\u00f8vde han lykken som lekteskipper p\u00e5 &laquo;Leikene over there&raquo;. Men tider og omstendigheter gjorde at han og Nina kom hjem med de eldste barna og fikk kj\u00f8pt seg sm\u00e5bruk i Kalvesund. Her ble bestefar Anton en av de f\u00e5 yrkesfiskerne i Flosta. I motsetning til p\u00e5 Vestlandet, hadde ikke fisker-yrket noe status. Det ble sagt at dersom du ikke dugde til sj\u00f8livet, eller at sj\u00f8livet hadde fart ille med deg p\u00e5 kropp og sjel, s\u00e5 ble du sn\u00f8refisker. Av den grunn var det ogs\u00e5 vanskelig \u00e5 f\u00e5 organisert fiskerne og f\u00e5 i stand et fiskemottak. I boka &laquo;Ytre M\u00f8kkalasset Fyr&raquo; forteller bestefar om arbeidsdagen sin som fisker i et intervju han hadde med Dannevig.<\/p>\n\n\n\n<p>V\u00e5r gode nabo Frank og hans s\u00f8nn Johan Samuel har hatt oss med p\u00e5 b\u00e5ttur i Bjellandsvannet og her har vi f\u00e5tt smakt p\u00e5 Tryte &#8211; det ble mye sl\u00f8ying og filetering, for dette er en utfordrende fisk \u00e5 lage at av.<\/p>\n\n\n\n<p>Fisk er lettspist og god mat. Men en torskemiddag blir du mett og d\u00f8sig av &#8211; kanskje av den grunn  har enkelte familier p\u00e5 S\u00f8rlandet sverget til juletorsken.<\/p>\n","protected":false},"excerpt":{"rendered":"<p>Min bestefar Anton seilte p\u00e5 store skuter i sine yngre dager, som gift pr\u00f8vde han lykken som lekteskipper p\u00e5 &laquo;Leikene over there&raquo;. Men tider og omstendigheter gjorde at han og Nina kom hjem med de eldste barna og fikk kj\u00f8pt seg sm\u00e5bruk i Kalvesund. Her ble bestefar Anton en av de f\u00e5 yrkesfiskerne i Flosta. [&hellip;]<\/p>\n","protected":false},"author":2,"featured_media":0,"parent":7,"menu_order":0,"comment_status":"closed","ping_status":"closed","template":"","meta":{"footnotes":""},"class_list":["post-417","page","type-page","status-publish","hentry"],"_links":{"self":[{"href":"https:\/\/www.kalveknatten.no\/index.php?rest_route=\/wp\/v2\/pages\/417","targetHints":{"allow":["GET"]}}],"collection":[{"href":"https:\/\/www.kalveknatten.no\/index.php?rest_route=\/wp\/v2\/pages"}],"about":[{"href":"https:\/\/www.kalveknatten.no\/index.php?rest_route=\/wp\/v2\/types\/page"}],"author":[{"embeddable":true,"href":"https:\/\/www.kalveknatten.no\/index.php?rest_route=\/wp\/v2\/users\/2"}],"replies":[{"embeddable":true,"href":"https:\/\/www.kalveknatten.no\/index.php?rest_route=%2Fwp%2Fv2%2Fcomments&post=417"}],"version-history":[{"count":3,"href":"https:\/\/www.kalveknatten.no\/index.php?rest_route=\/wp\/v2\/pages\/417\/revisions"}],"predecessor-version":[{"id":724,"href":"https:\/\/www.kalveknatten.no\/index.php?rest_route=\/wp\/v2\/pages\/417\/revisions\/724"}],"up":[{"embeddable":true,"href":"https:\/\/www.kalveknatten.no\/index.php?rest_route=\/wp\/v2\/pages\/7"}],"wp:attachment":[{"href":"https:\/\/www.kalveknatten.no\/index.php?rest_route=%2Fwp%2Fv2%2Fmedia&parent=417"}],"curies":[{"name":"wp","href":"https:\/\/api.w.org\/{rel}","templated":true}]}}