{"id":404,"date":"2025-05-30T21:11:18","date_gmt":"2025-05-30T19:11:18","guid":{"rendered":"https:\/\/www.kalveknatten.no\/?page_id=404"},"modified":"2025-05-30T21:11:53","modified_gmt":"2025-05-30T19:11:53","slug":"mammas-kjottkaker","status":"publish","type":"page","link":"https:\/\/www.kalveknatten.no\/?page_id=404","title":{"rendered":"Mammas kj\u00f8ttkaker"},"content":{"rendered":"\n<p>Ingredienser: <\/p>\n\n\n\n<p>1 kg kj\u00f8ttdeig, 2-3 bs salt, 1 ts pepper, 1 l\u00f8k raspes, 2ss potetmel, 2 ss hvetemel, 1 ts bakepulver.  <\/p>\n\n\n\n<p>Slik gj\u00f8r du:<\/p>\n\n\n\n<p>Ha alt oppi bollen og bland dette. Spe med  1 kopp vann og 1 egg ( som gj\u00f8r at deigen ikke skiller seg)<\/p>\n\n\n\n<p>Varm steikepanna og ha i sm\u00f8r.  Ha en kopp vann p\u00e5 benken og ei spiseskje som dyppes i denne mens du hver gang har skjeen i h\u00e5nden  du tar kj\u00f8ttdeigen med og lager til en ball i h\u00e5nda. Kj\u00f8ttballen legges i panna, presses litt flat og snus n\u00e5r farge\/steken er fin.<\/p>\n","protected":false},"excerpt":{"rendered":"<p>Ingredienser: 1 kg kj\u00f8ttdeig, 2-3 bs salt, 1 ts pepper, 1 l\u00f8k raspes, 2ss potetmel, 2 ss hvetemel, 1 ts bakepulver. Slik gj\u00f8r du: Ha alt oppi bollen og bland dette. Spe med 1 kopp vann og 1 egg ( som gj\u00f8r at deigen ikke skiller seg) Varm steikepanna og ha i sm\u00f8r. Ha en [&hellip;]<\/p>\n","protected":false},"author":2,"featured_media":0,"parent":254,"menu_order":0,"comment_status":"closed","ping_status":"closed","template":"","meta":{"footnotes":""},"class_list":["post-404","page","type-page","status-publish","hentry"],"_links":{"self":[{"href":"https:\/\/www.kalveknatten.no\/index.php?rest_route=\/wp\/v2\/pages\/404","targetHints":{"allow":["GET"]}}],"collection":[{"href":"https:\/\/www.kalveknatten.no\/index.php?rest_route=\/wp\/v2\/pages"}],"about":[{"href":"https:\/\/www.kalveknatten.no\/index.php?rest_route=\/wp\/v2\/types\/page"}],"author":[{"embeddable":true,"href":"https:\/\/www.kalveknatten.no\/index.php?rest_route=\/wp\/v2\/users\/2"}],"replies":[{"embeddable":true,"href":"https:\/\/www.kalveknatten.no\/index.php?rest_route=%2Fwp%2Fv2%2Fcomments&post=404"}],"version-history":[{"count":1,"href":"https:\/\/www.kalveknatten.no\/index.php?rest_route=\/wp\/v2\/pages\/404\/revisions"}],"predecessor-version":[{"id":407,"href":"https:\/\/www.kalveknatten.no\/index.php?rest_route=\/wp\/v2\/pages\/404\/revisions\/407"}],"up":[{"embeddable":true,"href":"https:\/\/www.kalveknatten.no\/index.php?rest_route=\/wp\/v2\/pages\/254"}],"wp:attachment":[{"href":"https:\/\/www.kalveknatten.no\/index.php?rest_route=%2Fwp%2Fv2%2Fmedia&parent=404"}],"curies":[{"name":"wp","href":"https:\/\/api.w.org\/{rel}","templated":true}]}}