{"id":354,"date":"2025-05-28T00:21:16","date_gmt":"2025-05-27T22:21:16","guid":{"rendered":"https:\/\/www.kalveknatten.no\/?page_id=354"},"modified":"2025-06-08T18:20:23","modified_gmt":"2025-06-08T16:20:23","slug":"naturgrunnlag","status":"publish","type":"page","link":"https:\/\/www.kalveknatten.no\/?page_id=354","title":{"rendered":"Naturgrunnlag"},"content":{"rendered":"\n<p>Trekkgrunnlag for biene er blomster, vekster og tr\u00e6r rundt bikuben og i en radius p\u00e5 inntil 3 km fra kuben. Naturen og v\u00e6ret avgj\u00f8r om biene har en god sesong eller om det blir vanskelig.<\/p>\n\n\n\n<p>Er det mye regnv\u00e6r, sitter biene inne og f\u00e5r ikke sanket nektar. Og i t\u00f8rkeperioder er det lite nektardannelse i blomstene. Etter sommerblomstringen velger mange \u00e5 flytte kubene sine til bedre trekkomr\u00e5der, spesielt om h\u00f8sten drar mange innover i landet. V\u00e5re bier er bofaste og m\u00e5 trekke p\u00e5 ettersommeren og h\u00f8stens vekster her p\u00e5 \u00f8yene.<\/p>\n","protected":false},"excerpt":{"rendered":"<p>Trekkgrunnlag for biene er blomster, vekster og tr\u00e6r rundt bikuben og i en radius p\u00e5 inntil 3 km fra kuben. Naturen og v\u00e6ret avgj\u00f8r om biene har en god sesong eller om det blir vanskelig. Er det mye regnv\u00e6r, sitter biene inne og f\u00e5r ikke sanket nektar. Og i t\u00f8rkeperioder er det lite nektardannelse i [&hellip;]<\/p>\n","protected":false},"author":2,"featured_media":359,"parent":52,"menu_order":0,"comment_status":"closed","ping_status":"closed","template":"","meta":{"footnotes":""},"class_list":["post-354","page","type-page","status-publish","has-post-thumbnail","hentry"],"_links":{"self":[{"href":"https:\/\/www.kalveknatten.no\/index.php?rest_route=\/wp\/v2\/pages\/354","targetHints":{"allow":["GET"]}}],"collection":[{"href":"https:\/\/www.kalveknatten.no\/index.php?rest_route=\/wp\/v2\/pages"}],"about":[{"href":"https:\/\/www.kalveknatten.no\/index.php?rest_route=\/wp\/v2\/types\/page"}],"author":[{"embeddable":true,"href":"https:\/\/www.kalveknatten.no\/index.php?rest_route=\/wp\/v2\/users\/2"}],"replies":[{"embeddable":true,"href":"https:\/\/www.kalveknatten.no\/index.php?rest_route=%2Fwp%2Fv2%2Fcomments&post=354"}],"version-history":[{"count":2,"href":"https:\/\/www.kalveknatten.no\/index.php?rest_route=\/wp\/v2\/pages\/354\/revisions"}],"predecessor-version":[{"id":583,"href":"https:\/\/www.kalveknatten.no\/index.php?rest_route=\/wp\/v2\/pages\/354\/revisions\/583"}],"up":[{"embeddable":true,"href":"https:\/\/www.kalveknatten.no\/index.php?rest_route=\/wp\/v2\/pages\/52"}],"wp:featuredmedia":[{"embeddable":true,"href":"https:\/\/www.kalveknatten.no\/index.php?rest_route=\/wp\/v2\/media\/359"}],"wp:attachment":[{"href":"https:\/\/www.kalveknatten.no\/index.php?rest_route=%2Fwp%2Fv2%2Fmedia&parent=354"}],"curies":[{"name":"wp","href":"https:\/\/api.w.org\/{rel}","templated":true}]}}