{"id":346,"date":"2025-05-27T23:06:05","date_gmt":"2025-05-27T21:06:05","guid":{"rendered":"https:\/\/www.kalveknatten.no\/?page_id=346"},"modified":"2025-05-27T23:10:56","modified_gmt":"2025-05-27T21:10:56","slug":"aftenstemning","status":"publish","type":"page","link":"https:\/\/www.kalveknatten.no\/?page_id=346","title":{"rendered":"Aftenstemning"},"content":{"rendered":"\n<p>Send en vennlig tanke n\u00e5r du ser en bie hvile p\u00e5 blomster i kveldssolen. Mange ganger er det gamle eller slitne bier som har blitt overrasket av skumringen, eller som rett og slett ikke orker turen hjem til kuben. Noen ganger kan det v\u00e6re syke bier som, instinktivt, holder seg unna kolonien for \u00e5 unng\u00e5 \u00e5 spre sykdom.<\/p>\n\n\n\n<p>Det er en stille og vakker del av bienes livssyklus: N\u00e5r de ikke lenger kan yte som f\u00f8r, trekker de seg unna \u2013 ofte hvilende p\u00e5 blomster, midt i det landskapet de har brukt hele livet p\u00e5 \u00e5 pollinere.<\/p>\n\n\n\n<p>S\u00e5 neste gang du ser en ensom bie p\u00e5 en blomst i kveldens siste lys \u2013<\/p>\n\n\n\n<p>&#8230; stopp opp et \u00f8yeblikk, og kjenn p\u00e5 takknemligheten. Den lille arbeideren har brukt livet sitt p\u00e5 \u00e5 gj\u00f8re verden gr\u00f8nnere og vakrere \u2013 for oss alle<\/p>\n","protected":false},"excerpt":{"rendered":"<p>Send en vennlig tanke n\u00e5r du ser en bie hvile p\u00e5 blomster i kveldssolen. Mange ganger er det gamle eller slitne bier som har blitt overrasket av skumringen, eller som rett og slett ikke orker turen hjem til kuben. Noen ganger kan det v\u00e6re syke bier som, instinktivt, holder seg unna kolonien for \u00e5 unng\u00e5 [&hellip;]<\/p>\n","protected":false},"author":2,"featured_media":347,"parent":52,"menu_order":0,"comment_status":"closed","ping_status":"closed","template":"","meta":{"footnotes":""},"class_list":["post-346","page","type-page","status-publish","has-post-thumbnail","hentry"],"_links":{"self":[{"href":"https:\/\/www.kalveknatten.no\/index.php?rest_route=\/wp\/v2\/pages\/346","targetHints":{"allow":["GET"]}}],"collection":[{"href":"https:\/\/www.kalveknatten.no\/index.php?rest_route=\/wp\/v2\/pages"}],"about":[{"href":"https:\/\/www.kalveknatten.no\/index.php?rest_route=\/wp\/v2\/types\/page"}],"author":[{"embeddable":true,"href":"https:\/\/www.kalveknatten.no\/index.php?rest_route=\/wp\/v2\/users\/2"}],"replies":[{"embeddable":true,"href":"https:\/\/www.kalveknatten.no\/index.php?rest_route=%2Fwp%2Fv2%2Fcomments&post=346"}],"version-history":[{"count":3,"href":"https:\/\/www.kalveknatten.no\/index.php?rest_route=\/wp\/v2\/pages\/346\/revisions"}],"predecessor-version":[{"id":353,"href":"https:\/\/www.kalveknatten.no\/index.php?rest_route=\/wp\/v2\/pages\/346\/revisions\/353"}],"up":[{"embeddable":true,"href":"https:\/\/www.kalveknatten.no\/index.php?rest_route=\/wp\/v2\/pages\/52"}],"wp:featuredmedia":[{"embeddable":true,"href":"https:\/\/www.kalveknatten.no\/index.php?rest_route=\/wp\/v2\/media\/347"}],"wp:attachment":[{"href":"https:\/\/www.kalveknatten.no\/index.php?rest_route=%2Fwp%2Fv2%2Fmedia&parent=346"}],"curies":[{"name":"wp","href":"https:\/\/api.w.org\/{rel}","templated":true}]}}