{"id":329,"date":"2025-05-27T17:51:31","date_gmt":"2025-05-27T15:51:31","guid":{"rendered":"https:\/\/www.kalveknatten.no\/?page_id=329"},"modified":"2025-10-11T15:55:17","modified_gmt":"2025-10-11T13:55:17","slug":"dessert-puddinger-og-kaker","status":"publish","type":"page","link":"https:\/\/www.kalveknatten.no\/?page_id=329","title":{"rendered":"Dessert, puddinger og kaker."},"content":{"rendered":"\n<p>Ordet dessert kommer fra&nbsp;det franske desservir, som betyr \u00ab\u00c5 rydde bordet\u00bb. Norske desserter har tradisjon fra langt tilbake i tid. Etter hovedm\u00e5ltidet, skulle man ha noe s\u00f8tt \u00e5 dvele til. Til dessert kan man servere dessertvin, portvin, sherry eller bokk\u00f8l. P\u00e5 et av v\u00e5re tidlige julefester i Tverdals\u00f8en og opplandets Bayerlag (p\u00e5 Br\u00e5rvik kretslokale), ble vi etter premiering av \u00e5rets jule\u00f8l, servert marsipankake med krem og bokk\u00f8l til. Tro det eller ei, kombinasjonen var himmelsk.<\/p>\n\n\n\n<p>Kaker skal b\u00e5de v\u00e6re et syn for \u00f8yet, men ogs\u00e5 smake deilig &#8211; og passe til kaffen. &laquo;Ungene&raquo; her i huset har en helt klar formening om hvem som er skikkelig god til \u00e5 lage kake ; det er tante Randi. <\/p>\n\n\n\n<p><a href=\"https:\/\/www.kalveknatten.no\/?page_id=256\" data-type=\"page\" data-id=\"256\">Pudding<\/a> , <a href=\"https:\/\/www.kalveknatten.no\/?page_id=246\" data-type=\"page\" data-id=\"246\">Kaker med honning<\/a> , <a href=\"https:\/\/www.kalveknatten.no\/?page_id=748\" data-type=\"page\" data-id=\"748\">Noen av tante Randis kaker<\/a> , <a href=\"https:\/\/www.kalveknatten.no\/?page_id=691\" data-type=\"page\" data-id=\"691\">Sitronterte<\/a> , <a href=\"https:\/\/www.kalveknatten.no\/?page_id=606\" data-type=\"page\" data-id=\"606\">Bestemor Ninas riskake<\/a> , <a href=\"https:\/\/www.kalveknatten.no\/?page_id=604\" data-type=\"page\" data-id=\"604\">Gammeldags s\u00f8sterkake<\/a> , <a href=\"https:\/\/www.kalveknatten.no\/?page_id=608\" data-type=\"page\" data-id=\"608\">Tones krydderkake<\/a> , <a href=\"https:\/\/www.kalveknatten.no\/?page_id=783\" data-type=\"page\" data-id=\"783\">Annys Rosa dr\u00f8m<\/a> , <a href=\"https:\/\/www.kalveknatten.no\/?page_id=596\" data-type=\"page\" data-id=\"596\">Besvimede druer<\/a> , <a href=\"https:\/\/www.kalveknatten.no\/?page_id=686\" data-type=\"page\" data-id=\"686\">Is<\/a><\/p>\n\n\n\n<p><\/p>\n","protected":false},"excerpt":{"rendered":"<p>Ordet dessert kommer fra&nbsp;det franske desservir, som betyr \u00ab\u00c5 rydde bordet\u00bb. Norske desserter har tradisjon fra langt tilbake i tid. Etter hovedm\u00e5ltidet, skulle man ha noe s\u00f8tt \u00e5 dvele til. Til dessert kan man servere dessertvin, portvin, sherry eller bokk\u00f8l. P\u00e5 et av v\u00e5re tidlige julefester i Tverdals\u00f8en og opplandets Bayerlag (p\u00e5 Br\u00e5rvik kretslokale), ble [&hellip;]<\/p>\n","protected":false},"author":2,"featured_media":0,"parent":7,"menu_order":0,"comment_status":"closed","ping_status":"closed","template":"","meta":{"footnotes":""},"class_list":["post-329","page","type-page","status-publish","hentry"],"_links":{"self":[{"href":"https:\/\/www.kalveknatten.no\/index.php?rest_route=\/wp\/v2\/pages\/329","targetHints":{"allow":["GET"]}}],"collection":[{"href":"https:\/\/www.kalveknatten.no\/index.php?rest_route=\/wp\/v2\/pages"}],"about":[{"href":"https:\/\/www.kalveknatten.no\/index.php?rest_route=\/wp\/v2\/types\/page"}],"author":[{"embeddable":true,"href":"https:\/\/www.kalveknatten.no\/index.php?rest_route=\/wp\/v2\/users\/2"}],"replies":[{"embeddable":true,"href":"https:\/\/www.kalveknatten.no\/index.php?rest_route=%2Fwp%2Fv2%2Fcomments&post=329"}],"version-history":[{"count":9,"href":"https:\/\/www.kalveknatten.no\/index.php?rest_route=\/wp\/v2\/pages\/329\/revisions"}],"predecessor-version":[{"id":788,"href":"https:\/\/www.kalveknatten.no\/index.php?rest_route=\/wp\/v2\/pages\/329\/revisions\/788"}],"up":[{"embeddable":true,"href":"https:\/\/www.kalveknatten.no\/index.php?rest_route=\/wp\/v2\/pages\/7"}],"wp:attachment":[{"href":"https:\/\/www.kalveknatten.no\/index.php?rest_route=%2Fwp%2Fv2%2Fmedia&parent=329"}],"curies":[{"name":"wp","href":"https:\/\/api.w.org\/{rel}","templated":true}]}}