{"id":323,"date":"2025-05-27T17:29:54","date_gmt":"2025-05-27T15:29:54","guid":{"rendered":"https:\/\/www.kalveknatten.no\/?page_id=323"},"modified":"2026-01-31T23:15:54","modified_gmt":"2026-01-31T22:15:54","slug":"mai-2025","status":"publish","type":"page","link":"https:\/\/www.kalveknatten.no\/?page_id=323","title":{"rendered":"2025 Mai"},"content":{"rendered":"\n<p>Mai er spekket av merkedager.<\/p>\n\n\n\n<p>1.mai blir markert i de fleste industrialiserte land i verden I Norge er det en offentlig h\u00f8ytidsdag, som markeres med flaggheising, parader, paroler og taler. Bakgrunnen for denne markeringen startet i USA i mai 1886, hvor arbeiderne demonstrerte for \u00e5tte timers arbeidsdag. Den gang var det vanlige \u00e5 jobbe 12-15 timer daglig, syv dager i uken, under farlige og d\u00e5rlige arbeidsforhold og lav l\u00f8nn. Barnearbeid var vanlig i fabrikkene. I l\u00f8pet av 150 \u00e5r har vi i Norge f\u00e5tt til et 3part-samarbeid (et samarbeid mellom organisasjoner som representerer arbeidsgivere og arbeidstakere og staten) som har sikret ro og velferdsutvikling. I v\u00e5r del av kommunen har Eydehavn lang tradisjon for \u00e5 markere dagen og mange deltar, mens andre benytter fridagen til en spasertur,  stelle i hagen eller gj\u00f8re b\u00e5ten klar for sj\u00f8setting.<\/p>\n\n\n\n<p>8.mai var det 80 \u00e5r siden vi fikk friheten tilbake etter 2.verdenskrig med et nazistisk styre her i landet. Historielaget markerte dette med \u00e5 f\u00e5 pusset opp minneparken etter v\u00e5re falne krigsseilere. P\u00e5 Historielagets hjemmeside  har ogs\u00e5 hver fallen sj\u00f8mann f\u00e5tt bilde og en liten omtale.<\/p>\n\n\n\n<p>17.mai ble en solrik og fin dag. Grunnloven og v\u00e5rt \u00f8nske om selvstendighet ble feiret med h\u00f8ytid i kirken med nydelig sang av Regine, heder og \u00e6re til eidsvoldsmannen Even Torsen og krigsseilere, barnetog og sosialt samv\u00e6r p\u00e5 skolen.<\/p>\n\n\n\n<p>22. mai var det m\u00f8te i Bir\u00f8kterlaget p\u00e5 Holt landbruksskole og 24. mai er Knut Olav p\u00e5 loppemarked for Lions.<\/p>\n\n\n\n<p>26. mai kom Vasyl p\u00e5 bes\u00f8k. Han er ukrainer som selv har drevet som bir\u00f8kter.\u00a0Jeg har som pensjonist v\u00e6rt med p\u00e5 spr\u00e5kkafe for flykninger gjennom R\u00f8de kors, men dette skal bli artig \u00e5 bli bedre kjent og snakke norsk mens vi utveksler kunnskap og erfaringer i bir\u00f8kt &#8211; i praksis.<\/p>\n\n\n\n<p>Mai er av grunnleggende betydning for \u00e5rets resultat i bir\u00f8kt. Utviklingen g\u00e5r raskt og det gjelder \u00e5 f\u00f8lge med. I \u00e5r kom blomstringen av frukttr\u00e6r s\u00e5 utrolig tidlig. I kubene mine er det fullt av yngel, men i grunnen lite honning \u2013 trolig har de hatt behov for mat selv i en hektisk tid. De har hatt 2 yngelrom, men n\u00e5 er tiden inne for \u00e5 se hvordan biene har det. Jeg er kanskje litt sent ute i \u00e5r, og jeg har en ide om \u00e5 dele noen sterke bifolk for \u00e5 unng\u00e5 sverming.<\/p>\n\n\n\n<p>Det er slettes ikke lett \u00e5 fange en sverm. En sverm som jeg ikke er 100% sikker p\u00e5 er min, m\u00e5 i henhold til Forskrift om bir\u00f8kt, plasseres i egen svermebig\u00e5r. Innfangede svermer skal settes i en tom, rengjort kube med byggevokstavler. Etter 4 dager skal biene settes over i en rengjort kube med byggevokstavler; det gamle vokset sendes til omsmelting eller brennes. Bifolkene fra svermebig\u00e5rden kan tas inn i egen sertifisert big\u00e5rd etter \u00e5 ha gjennomg\u00e5tt unders\u00f8kelsene for sykdommer i henhold til forskriften.<\/p>\n\n\n\n<p>I mai ble vi ferdig med \u00abSlyngerommet\u00bb i bua\/uthuset. Knut Olav har m\u00e5ttet ofre rommet til b\u00e5tutstyr for bi-n\u00e6ringen. I alle \u00e5r har vi b\u00e5ret opp kuber til huset, ned kjellerhalsen, gjennom vedbua og inn i vaskekjelleren \u2013 hvor arbeidet har foreg\u00e5tt (og klesvasken har hopet seg opp). \u00c5\u00e5\u00e5, det blir en lettelse \u00e5 kunne kj\u00f8re og trille kassene til Slyngerommet og gj\u00f8re jobben der. De slyngede tavlene blir stablet i stuerommet i bua og vokskokingen foreg\u00e5r p\u00e5 plattingen. I \u00e5r leverte jeg 36 kg voks til Honningcentralen.<\/p>\n","protected":false},"excerpt":{"rendered":"<p>Mai er spekket av merkedager. 1.mai blir markert i de fleste industrialiserte land i verden I Norge er det en offentlig h\u00f8ytidsdag, som markeres med flaggheising, parader, paroler og taler. Bakgrunnen for denne markeringen startet i USA i mai 1886, hvor arbeiderne demonstrerte for \u00e5tte timers arbeidsdag. Den gang var det vanlige \u00e5 jobbe 12-15 [&hellip;]<\/p>\n","protected":false},"author":2,"featured_media":492,"parent":47,"menu_order":0,"comment_status":"closed","ping_status":"closed","template":"","meta":{"footnotes":""},"class_list":["post-323","page","type-page","status-publish","has-post-thumbnail","hentry"],"_links":{"self":[{"href":"https:\/\/www.kalveknatten.no\/index.php?rest_route=\/wp\/v2\/pages\/323","targetHints":{"allow":["GET"]}}],"collection":[{"href":"https:\/\/www.kalveknatten.no\/index.php?rest_route=\/wp\/v2\/pages"}],"about":[{"href":"https:\/\/www.kalveknatten.no\/index.php?rest_route=\/wp\/v2\/types\/page"}],"author":[{"embeddable":true,"href":"https:\/\/www.kalveknatten.no\/index.php?rest_route=\/wp\/v2\/users\/2"}],"replies":[{"embeddable":true,"href":"https:\/\/www.kalveknatten.no\/index.php?rest_route=%2Fwp%2Fv2%2Fcomments&post=323"}],"version-history":[{"count":5,"href":"https:\/\/www.kalveknatten.no\/index.php?rest_route=\/wp\/v2\/pages\/323\/revisions"}],"predecessor-version":[{"id":847,"href":"https:\/\/www.kalveknatten.no\/index.php?rest_route=\/wp\/v2\/pages\/323\/revisions\/847"}],"up":[{"embeddable":true,"href":"https:\/\/www.kalveknatten.no\/index.php?rest_route=\/wp\/v2\/pages\/47"}],"wp:featuredmedia":[{"embeddable":true,"href":"https:\/\/www.kalveknatten.no\/index.php?rest_route=\/wp\/v2\/media\/492"}],"wp:attachment":[{"href":"https:\/\/www.kalveknatten.no\/index.php?rest_route=%2Fwp%2Fv2%2Fmedia&parent=323"}],"curies":[{"name":"wp","href":"https:\/\/api.w.org\/{rel}","templated":true}]}}