{"id":311,"date":"2025-05-27T16:42:23","date_gmt":"2025-05-27T14:42:23","guid":{"rendered":"https:\/\/www.kalveknatten.no\/?page_id=311"},"modified":"2025-05-27T17:04:26","modified_gmt":"2025-05-27T15:04:26","slug":"drikke-smakaker-kjeks-og-konfekt","status":"publish","type":"page","link":"https:\/\/www.kalveknatten.no\/?page_id=311","title":{"rendered":"Drikke, sm\u00e5kaker\/kjeks og konfekt."},"content":{"rendered":"<ul class=\"wp-block-page-list\"><li class=\"wp-block-pages-list__item has-child\"><a class=\"wp-block-pages-list__item__link\" href=\"https:\/\/www.kalveknatten.no\/?page_id=329\">Dessert, puddinger og kaker.<\/a><ul class=\"wp-block-navigation__submenu-container\"><li class=\"wp-block-pages-list__item \"><a class=\"wp-block-pages-list__item__link\" href=\"https:\/\/www.kalveknatten.no\/?page_id=783\">Annys &laquo;Rosa dr\u00f8m&raquo;<\/a><\/li><li class=\"wp-block-pages-list__item \"><a class=\"wp-block-pages-list__item__link\" href=\"https:\/\/www.kalveknatten.no\/?page_id=606\">Bestemor Ninas Riskake<\/a><\/li><li class=\"wp-block-pages-list__item \"><a class=\"wp-block-pages-list__item__link\" href=\"https:\/\/www.kalveknatten.no\/?page_id=596\">Besvimede druer<\/a><\/li><li class=\"wp-block-pages-list__item \"><a class=\"wp-block-pages-list__item__link\" href=\"https:\/\/www.kalveknatten.no\/?page_id=604\">Gammeldags s\u00f8sterkake<\/a><\/li><li class=\"wp-block-pages-list__item \"><a class=\"wp-block-pages-list__item__link\" href=\"https:\/\/www.kalveknatten.no\/?page_id=683\">Godt tilbeh\u00f8r<\/a><\/li><li class=\"wp-block-pages-list__item \"><a class=\"wp-block-pages-list__item__link\" href=\"https:\/\/www.kalveknatten.no\/?page_id=686\">IS<\/a><\/li><li class=\"wp-block-pages-list__item \"><a class=\"wp-block-pages-list__item__link\" href=\"https:\/\/www.kalveknatten.no\/?page_id=246\">Kaker med Honning.<\/a><\/li><li class=\"wp-block-pages-list__item \"><a class=\"wp-block-pages-list__item__link\" href=\"https:\/\/www.kalveknatten.no\/?page_id=748\">Noen av tante Randis kaker.<\/a><\/li><li class=\"wp-block-pages-list__item \"><a class=\"wp-block-pages-list__item__link\" href=\"https:\/\/www.kalveknatten.no\/?page_id=256\">PUDDING<\/a><\/li><li class=\"wp-block-pages-list__item \"><a class=\"wp-block-pages-list__item__link\" href=\"https:\/\/www.kalveknatten.no\/?page_id=691\">Sitron- terte<\/a><\/li><li class=\"wp-block-pages-list__item \"><a class=\"wp-block-pages-list__item__link\" href=\"https:\/\/www.kalveknatten.no\/?page_id=608\">Tones krydderkake<\/a><\/li><\/ul><\/li><li class=\"wp-block-pages-list__item has-child\"><a class=\"wp-block-pages-list__item__link\" href=\"https:\/\/www.kalveknatten.no\/?page_id=311\">Drikke, sm\u00e5kaker\/kjeks og konfekt.<\/a><ul class=\"wp-block-navigation__submenu-container\"><li class=\"wp-block-pages-list__item \"><a class=\"wp-block-pages-list__item__link\" href=\"https:\/\/www.kalveknatten.no\/?page_id=208\">DRAM<\/a><\/li><li class=\"wp-block-pages-list__item \"><a class=\"wp-block-pages-list__item__link\" href=\"https:\/\/www.kalveknatten.no\/?page_id=194\">HONNINGDRIKKE<\/a><\/li><li class=\"wp-block-pages-list__item \"><a class=\"wp-block-pages-list__item__link\" href=\"https:\/\/www.kalveknatten.no\/?page_id=200\">HYPOCRAS<\/a><\/li><li class=\"wp-block-pages-list__item \"><a class=\"wp-block-pages-list__item__link\" href=\"https:\/\/www.kalveknatten.no\/?page_id=614\">Lik\u00f8r kan lages av s\u00e5 mangt.<\/a><\/li><li class=\"wp-block-pages-list__item \"><a class=\"wp-block-pages-list__item__link\" href=\"https:\/\/www.kalveknatten.no\/?page_id=193\">MJ\u00d8D<\/a><\/li><li class=\"wp-block-pages-list__item \"><a class=\"wp-block-pages-list__item__link\" href=\"https:\/\/www.kalveknatten.no\/?page_id=198\">MULSUM<\/a><\/li><li class=\"wp-block-pages-list__item \"><a class=\"wp-block-pages-list__item__link\" href=\"https:\/\/www.kalveknatten.no\/?page_id=742\">Sitron-\u00f8l fra sykehjemmet<\/a><\/li><li class=\"wp-block-pages-list__item \"><a class=\"wp-block-pages-list__item__link\" href=\"https:\/\/www.kalveknatten.no\/?page_id=227\">SM\u00c5KAKER<\/a><\/li><li class=\"wp-block-pages-list__item \"><a class=\"wp-block-pages-list__item__link\" href=\"https:\/\/www.kalveknatten.no\/?page_id=215\">SNAPS<\/a><\/li><li class=\"wp-block-pages-list__item \"><a class=\"wp-block-pages-list__item__link\" href=\"https:\/\/www.kalveknatten.no\/?page_id=206\">SORBET<\/a><\/li><\/ul><\/li><li class=\"wp-block-pages-list__item has-child\"><a class=\"wp-block-pages-list__item__link\" href=\"https:\/\/www.kalveknatten.no\/?page_id=417\">FISK<\/a><ul class=\"wp-block-navigation__submenu-container\"><li class=\"wp-block-pages-list__item \"><a class=\"wp-block-pages-list__item__link\" href=\"https:\/\/www.kalveknatten.no\/?page_id=252\">Bestemor Ninas fiskekaker<\/a><\/li><\/ul><\/li><li class=\"wp-block-pages-list__item has-child\"><a class=\"wp-block-pages-list__item__link\" href=\"https:\/\/www.kalveknatten.no\/?page_id=339\">Frokostblandinger, gr\u00f8t, knekkebr\u00f8d, br\u00f8d, lefser og pizza.<\/a><ul class=\"wp-block-navigation__submenu-container\"><li class=\"wp-block-pages-list__item \"><a class=\"wp-block-pages-list__item__link\" href=\"https:\/\/www.kalveknatten.no\/?page_id=236\">BR\u00d8D<\/a><\/li><li class=\"wp-block-pages-list__item \"><a class=\"wp-block-pages-list__item__link\" href=\"https:\/\/www.kalveknatten.no\/?page_id=240\">FROKOST<\/a><\/li><li class=\"wp-block-pages-list__item \"><a class=\"wp-block-pages-list__item__link\" href=\"https:\/\/www.kalveknatten.no\/?page_id=474\">Honningpizza fra Tanya.<\/a><\/li><li class=\"wp-block-pages-list__item \"><a class=\"wp-block-pages-list__item__link\" href=\"https:\/\/www.kalveknatten.no\/?page_id=733\">Knut Olavs Nissegr\u00f8t<\/a><\/li><\/ul><\/li><li class=\"wp-block-pages-list__item has-child\"><a class=\"wp-block-pages-list__item__link\" href=\"https:\/\/www.kalveknatten.no\/?page_id=633\">Gr\u00f8nnsaker, urter og rariteter.<\/a><ul class=\"wp-block-navigation__submenu-container\"><li class=\"wp-block-pages-list__item \"><a class=\"wp-block-pages-list__item__link\" href=\"https:\/\/www.kalveknatten.no\/?page_id=680\">Bruk av ugress i maten<\/a><\/li><\/ul><\/li><li class=\"wp-block-pages-list__item has-child\"><a class=\"wp-block-pages-list__item__link\" href=\"https:\/\/www.kalveknatten.no\/?page_id=254\">KJ\u00d8TT<\/a><ul class=\"wp-block-navigation__submenu-container\"><li class=\"wp-block-pages-list__item \"><a class=\"wp-block-pages-list__item__link\" href=\"https:\/\/www.kalveknatten.no\/?page_id=404\">Mammas kj\u00f8ttkaker<\/a><\/li><li class=\"wp-block-pages-list__item \"><a class=\"wp-block-pages-list__item__link\" href=\"https:\/\/www.kalveknatten.no\/?page_id=740\">Mammas sylteflesk.<\/a><\/li><li class=\"wp-block-pages-list__item \"><a class=\"wp-block-pages-list__item__link\" href=\"https:\/\/www.kalveknatten.no\/?page_id=588\">Presidentens gryte<\/a><\/li><li class=\"wp-block-pages-list__item \"><a class=\"wp-block-pages-list__item__link\" href=\"https:\/\/www.kalveknatten.no\/?page_id=600\">Sauegjeterens pai<\/a><\/li><li class=\"wp-block-pages-list__item \"><a class=\"wp-block-pages-list__item__link\" href=\"https:\/\/www.kalveknatten.no\/?page_id=408\">S\u00f8rlandsk kj\u00f8tt med l\u00f8ksaus<\/a><\/li><\/ul><\/li><\/ul>\n\n\n<p>Hostesaft,<\/p>\n","protected":false},"excerpt":{"rendered":"<p>Hostesaft,<\/p>\n","protected":false},"author":2,"featured_media":0,"parent":7,"menu_order":0,"comment_status":"closed","ping_status":"closed","template":"","meta":{"footnotes":""},"class_list":["post-311","page","type-page","status-publish","hentry"],"_links":{"self":[{"href":"https:\/\/www.kalveknatten.no\/index.php?rest_route=\/wp\/v2\/pages\/311","targetHints":{"allow":["GET"]}}],"collection":[{"href":"https:\/\/www.kalveknatten.no\/index.php?rest_route=\/wp\/v2\/pages"}],"about":[{"href":"https:\/\/www.kalveknatten.no\/index.php?rest_route=\/wp\/v2\/types\/page"}],"author":[{"embeddable":true,"href":"https:\/\/www.kalveknatten.no\/index.php?rest_route=\/wp\/v2\/users\/2"}],"replies":[{"embeddable":true,"href":"https:\/\/www.kalveknatten.no\/index.php?rest_route=%2Fwp%2Fv2%2Fcomments&post=311"}],"version-history":[{"count":7,"href":"https:\/\/www.kalveknatten.no\/index.php?rest_route=\/wp\/v2\/pages\/311\/revisions"}],"predecessor-version":[{"id":319,"href":"https:\/\/www.kalveknatten.no\/index.php?rest_route=\/wp\/v2\/pages\/311\/revisions\/319"}],"up":[{"embeddable":true,"href":"https:\/\/www.kalveknatten.no\/index.php?rest_route=\/wp\/v2\/pages\/7"}],"wp:attachment":[{"href":"https:\/\/www.kalveknatten.no\/index.php?rest_route=%2Fwp%2Fv2%2Fmedia&parent=311"}],"curies":[{"name":"wp","href":"https:\/\/api.w.org\/{rel}","templated":true}]}}