{"id":297,"date":"2025-05-25T23:42:26","date_gmt":"2025-05-25T21:42:26","guid":{"rendered":"https:\/\/www.kalveknatten.no\/?page_id=297"},"modified":"2026-01-31T23:13:59","modified_gmt":"2026-01-31T22:13:59","slug":"april-2025","status":"publish","type":"page","link":"https:\/\/www.kalveknatten.no\/?page_id=297","title":{"rendered":"2025 April"},"content":{"rendered":"\n<p>April ble god og varm i \u00e5r. P\u00e5sken kom sent og her p\u00e5 \u00f8ya var det mange av v\u00e5re turister som valgte kystp\u00e5ske fremfor h\u00f8yfjellet. Gro p\u00e5 butikken hadde f\u00e5tt tillatelse fra kommune til \u00e5 holde \u00e5pent og derved trygge lokalbutikken v\u00e5r, men statsforvalteren ville ikke vite av den slags service p\u00e5 s\u00f8ndager og helligdager. Har ikke helt sansen verken for fylkeskommunen og den nye &laquo;lensherren&raquo; som stikker kjepper i hjula for oss her i \u00d8stre -Agder.<\/p>\n\n\n\n<p>Vel vel, det er flere av oss som jobber p\u00e5 s\u00f8ndager og helligdager. April er nemlig en hektisk m\u00e5ned med liv i bikubene og lamming. 2 av v\u00e5re 6 sauer fikk lam f\u00f8r p\u00e5ske og resten etter. Den ene sauen hadde en hard f\u00f8dsel, viste omsorg da lammet kom ut etter hard drahjelp, men s\u00e5 fikk hun &laquo;f\u00f8dselspsykose&raquo; og b\u00e5de sau og lam m\u00e5tte f\u00e5 tett oppf\u00f8lging.  N\u00e5 er alt bra og 6 sauer og 8 lam hopper og spretter p\u00e5 beite, men det omtalte lammet har nok f\u00e5tt en liten CP. <\/p>\n\n\n\n<p>Alle ungene v\u00e5re var p\u00e5 bes\u00f8k i p\u00e5ska. 4 sauel\u00e5r gikk med til middagen p\u00e5 p\u00e5skeaften. 1. p\u00e5skedag har vi felles frokost og &laquo;P\u00e5sken\u00f8tter&raquo;. Dette er en tradisjon vi har holdt p\u00e5 med i over 30 \u00e5r. Knut Olav og jeg lager oppgaver og legger ut oppgavene p\u00e5 ulike steder i hus, uthus og hage. Hver oppgave m\u00e5 l\u00f8ses slik at man kan g\u00e5 til neste sted &#8211; og til slutt der p\u00e5skeegget ligger. <\/p>\n\n\n\n<p>Biene var tidlig ute og luftet seg i solveggen. Pga. ferieturer og hendelser i fjor var vi p\u00e5 etterskudd med rengj\u00f8ring av bi-utstyr. Vi har snekret sammen 3 vokssmeltere som fungere fint med Clas Olsons tapetdampere, s\u00e5 her gikk det unna med vokssmelting av gamle tavler. Deretter kokte Knut Olav bunnbrett og rammer i sterkt vaskevann for desinfeksjon, mens jeg vasket kubene i samme oppl\u00f8sning men i lunka vann og malte kassene etterp\u00e5.<\/p>\n\n\n\n<p>V\u00e6ret har v\u00e6rt  godt  gjennom hele m\u00e5neden og naturen er vel mer enn 14 dager lenger fremme enn vanlig. jeg har v\u00e6rt litt usikker p\u00e5 hvordan biene har taklet dette, men det ser brukbart ut. Vinteren 2023\/24 glemte jeg helt \u00e5 dryppe oksalsyre p\u00e5 biene mine for \u00e5 minske varroa-midd, men overvintringen gikk fint like vel. Noen av kubene var litt svake i h\u00f8st, s\u00e5 jeg burde nok sl\u00e5 i sammen noen bifolk. P\u00e5 grunn av ferie og andre famili\u00e6re hendelser h\u00f8sten 2024 ble tavlene vi h\u00f8stet st\u00e5ende for lenge, s\u00e5 det ble vanskelig \u00e5 f\u00e5 slynget dem tomme. Ved innvintringen denne sesongen ble alle kubene gitt oksalsyre, men 3 av 25 kuber var d\u00f8de i ved v\u00e5rsjekken og 2 var nok ikke sterke nok i v\u00e5rknipa med tidlig mildv\u00e6r. N\u00e5 i  slutten av april har jeg gitt hver kube 2 yngelrom og h\u00e5per at biene setter pris p\u00e5 tavler med en god del honningrester i.  Det g\u00e5r ogs\u00e5 mye protein(pollen) til \u00e5 fore opp yngel.<\/p>\n\n\n\n<p>Et bisamfunn er ikke bare en hjemmev\u00e6rende dronning og arbeidsbier som sanker honning. Nei, n\u00e5r bien kryper ut av cellen har de et liv som skiller seg  mye fra andre dyr med en klar arbeidsfordeling etter som tiden g\u00e5r i bias liv. <\/p>\n\n\n\n<p>En ny kr\u00f8pen bie kan ikke fly, spise selv og er ust\u00f8dig p\u00e5 tavlene. Frem til ca. dag 3, er bien &laquo;renholdsarbeider&raquo; og gj\u00f8r rent i celler i yngelrommet. Dette er viktig for hygiene og slik at dronningen kan legge egg. P\u00e5 dette stadiet fungerer bien som varmeregulator for yngelleiet. Synker temperaturen under 34,5 , dekker disse biene yngelleiet som et pledd for \u00e5 hindre varmetap. Fra dag 6 &#8211; 10 er bien &laquo;amme&raquo; ved hjelp av sine forkjertler. B\u00e5de dronningen, eventuelle dronningceller og andre yngelceller blir foret av ammebiene. N\u00e5r forsaft-produksjonen opph\u00f8rer er det tid for pr\u00f8veflyvning i kuben. Fra ca dag 11 &#8211; 18 arbeider biene med \u00e5 ta imot nektaren fra trekkbiene kommer inn med. Bien er &laquo;lager-arbeider&raquo;, bearbeider r\u00e5stoffet og holder orden p\u00e5 hvor det skal lagres. Vanligvis mellom dag 12 og 14 er biens vokskjertler i maksimal funksjon. Da blir hun &laquo;bygningsarbeider&raquo; som produserer voks og utf\u00f8rer byggearbeider; nybygg, forseglinger og reparasjoner. Fra dag 18 er giftkjertlene operative og bien blir vakt &#8211; og forsvarsarbeider. Disse biene bruker sin luktesans og vokter flybrettet og er rundt kuben og foretar adgangskontroll ved \u00e5 sjekke om inntrengere h\u00f8rer til bifolket. Fra ca. dag 21 er bien &laquo;produksjonsarbeider&raquo;, eller som vi sier &laquo;trekk-bie&raquo;. Det arbeidet best\u00e5r i \u00e5 fly ut for \u00e5 hente nektar, pollen, vann og propolis som de leverer til sine yngre husbier. Dette er et sv\u00e6rt slitsomt arbeid som de orker i noen f\u00e5 uker f\u00f8r livet ender. En bie lager mindre enn en teskje honning i l\u00f8pet av hele livet. Stort sett d\u00f8r de av at vingene er utslitt og fillete &#8211; og de ender p\u00e5 bakken som mat til maur og andre innsekter. Nyt din skje honning med andakt.<\/p>\n\n\n\n<p><\/p>\n\n\n\n<p><\/p>\n","protected":false},"excerpt":{"rendered":"<p>April ble god og varm i \u00e5r. P\u00e5sken kom sent og her p\u00e5 \u00f8ya var det mange av v\u00e5re turister som valgte kystp\u00e5ske fremfor h\u00f8yfjellet. Gro p\u00e5 butikken hadde f\u00e5tt tillatelse fra kommune til \u00e5 holde \u00e5pent og derved trygge lokalbutikken v\u00e5r, men statsforvalteren ville ikke vite av den slags service p\u00e5 s\u00f8ndager og helligdager. [&hellip;]<\/p>\n","protected":false},"author":2,"featured_media":86,"parent":47,"menu_order":0,"comment_status":"closed","ping_status":"closed","template":"","meta":{"footnotes":""},"class_list":["post-297","page","type-page","status-publish","has-post-thumbnail","hentry"],"_links":{"self":[{"href":"https:\/\/www.kalveknatten.no\/index.php?rest_route=\/wp\/v2\/pages\/297","targetHints":{"allow":["GET"]}}],"collection":[{"href":"https:\/\/www.kalveknatten.no\/index.php?rest_route=\/wp\/v2\/pages"}],"about":[{"href":"https:\/\/www.kalveknatten.no\/index.php?rest_route=\/wp\/v2\/types\/page"}],"author":[{"embeddable":true,"href":"https:\/\/www.kalveknatten.no\/index.php?rest_route=\/wp\/v2\/users\/2"}],"replies":[{"embeddable":true,"href":"https:\/\/www.kalveknatten.no\/index.php?rest_route=%2Fwp%2Fv2%2Fcomments&post=297"}],"version-history":[{"count":4,"href":"https:\/\/www.kalveknatten.no\/index.php?rest_route=\/wp\/v2\/pages\/297\/revisions"}],"predecessor-version":[{"id":843,"href":"https:\/\/www.kalveknatten.no\/index.php?rest_route=\/wp\/v2\/pages\/297\/revisions\/843"}],"up":[{"embeddable":true,"href":"https:\/\/www.kalveknatten.no\/index.php?rest_route=\/wp\/v2\/pages\/47"}],"wp:featuredmedia":[{"embeddable":true,"href":"https:\/\/www.kalveknatten.no\/index.php?rest_route=\/wp\/v2\/media\/86"}],"wp:attachment":[{"href":"https:\/\/www.kalveknatten.no\/index.php?rest_route=%2Fwp%2Fv2%2Fmedia&parent=297"}],"curies":[{"name":"wp","href":"https:\/\/api.w.org\/{rel}","templated":true}]}}