{"id":256,"date":"2025-05-24T20:18:56","date_gmt":"2025-05-24T18:18:56","guid":{"rendered":"https:\/\/www.kalveknatten.no\/?page_id=256"},"modified":"2025-06-08T18:25:55","modified_gmt":"2025-06-08T16:25:55","slug":"pudding","status":"publish","type":"page","link":"https:\/\/www.kalveknatten.no\/?page_id=256","title":{"rendered":"PUDDING"},"content":{"rendered":"\n<p><strong>Honningpudding.<\/strong><\/p>\n\n\n\n<p>Min venn Bj\u00f8rn Edvard er ogs\u00e5 bir\u00f8kter med sans for historie og kultur. Han har bl.a kopiert ulike kuber og satt seg inn i gamle teknikker og hjelpemidler for bir\u00f8kt. Fra en gammel bok fra 1894 fant han denne oppskriften som han har pr\u00f8vd ut. Han sier: &laquo;Den var overraskende lett \u00e5 lage, den b\u00e5de lukta og smakte godt!&raquo;<\/p>\n\n\n\n<p><strong>Ingredienser:<\/strong><\/p>\n\n\n\n<p>1 1\/2 l \u00e6bleskiver, 1\/2 l honning, 1\/2 l maismel, et lite stykke sukker en teskje dobbelt kulsur natron, saften av 2 citroner og deres skaller (revne).<\/p>\n\n\n\n<p><strong>Slik gj\u00f8r du:<\/strong><\/p>\n\n\n\n<p>R\u00f8r det t\u00f8rre natron i honningen, hav \u00e6blerne i, saa smeltet sm\u00f8r og lidt salt, derefter citronskallet og saften og r\u00f8r hurtig melet i. Steges i 1 time. Serveres kold eller varm med sauce.<\/p>\n\n\n\n<p><\/p>\n\n\n\n<p><\/p>\n","protected":false},"excerpt":{"rendered":"<p>Honningpudding. Min venn Bj\u00f8rn Edvard er ogs\u00e5 bir\u00f8kter med sans for historie og kultur. Han har bl.a kopiert ulike kuber og satt seg inn i gamle teknikker og hjelpemidler for bir\u00f8kt. Fra en gammel bok fra 1894 fant han denne oppskriften som han har pr\u00f8vd ut. Han sier: &laquo;Den var overraskende lett \u00e5 lage, den [&hellip;]<\/p>\n","protected":false},"author":2,"featured_media":326,"parent":329,"menu_order":0,"comment_status":"closed","ping_status":"closed","template":"","meta":{"footnotes":""},"class_list":["post-256","page","type-page","status-publish","has-post-thumbnail","hentry"],"_links":{"self":[{"href":"https:\/\/www.kalveknatten.no\/index.php?rest_route=\/wp\/v2\/pages\/256","targetHints":{"allow":["GET"]}}],"collection":[{"href":"https:\/\/www.kalveknatten.no\/index.php?rest_route=\/wp\/v2\/pages"}],"about":[{"href":"https:\/\/www.kalveknatten.no\/index.php?rest_route=\/wp\/v2\/types\/page"}],"author":[{"embeddable":true,"href":"https:\/\/www.kalveknatten.no\/index.php?rest_route=\/wp\/v2\/users\/2"}],"replies":[{"embeddable":true,"href":"https:\/\/www.kalveknatten.no\/index.php?rest_route=%2Fwp%2Fv2%2Fcomments&post=256"}],"version-history":[{"count":3,"href":"https:\/\/www.kalveknatten.no\/index.php?rest_route=\/wp\/v2\/pages\/256\/revisions"}],"predecessor-version":[{"id":584,"href":"https:\/\/www.kalveknatten.no\/index.php?rest_route=\/wp\/v2\/pages\/256\/revisions\/584"}],"up":[{"embeddable":true,"href":"https:\/\/www.kalveknatten.no\/index.php?rest_route=\/wp\/v2\/pages\/329"}],"wp:featuredmedia":[{"embeddable":true,"href":"https:\/\/www.kalveknatten.no\/index.php?rest_route=\/wp\/v2\/media\/326"}],"wp:attachment":[{"href":"https:\/\/www.kalveknatten.no\/index.php?rest_route=%2Fwp%2Fv2%2Fmedia&parent=256"}],"curies":[{"name":"wp","href":"https:\/\/api.w.org\/{rel}","templated":true}]}}