{"id":252,"date":"2025-05-24T20:04:28","date_gmt":"2025-05-24T18:04:28","guid":{"rendered":"https:\/\/www.kalveknatten.no\/?page_id=252"},"modified":"2025-07-25T17:29:08","modified_gmt":"2025-07-25T15:29:08","slug":"fisk","status":"publish","type":"page","link":"https:\/\/www.kalveknatten.no\/?page_id=252","title":{"rendered":"Bestemor Ninas fiskekaker"},"content":{"rendered":"\n<p>1 kg fiskefarse , 2-3 bs salt, 1 ts pepper, 1 l\u00f8k raspes, 2 ss potetmel, 2 ss hvetemel + malt muskat.<\/p>\n\n\n\n<p>Spe med melk og ha i et egg til slutt s\u00e5 det ikke skiller seg.<\/p>\n\n\n\n<p><strong>Slik gj\u00f8r du:<\/strong><\/p>\n\n\n\n<p>Filter og skrap fisken i mengde og tilsetting av mel og krydderier som til  mamma Annas kj\u00f8ttkaker. Ha i hvetemel, potetmel, salt , pepper og muskat. Spe med melk og ha i ett egg til slutt. Formes til kake i h\u00e5nden ved hjelp av en spiseskje som dyppes i vann. Kakene stekes og vendes i panne.<\/p>\n\n\n\n<p>Dersom du har gr\u00e5sei, kan du lage kj\u00f8ttkakeetterlikning ved \u00e5 sl\u00f8yfe muskat og bytte melken ut med vann.<\/p>\n\n\n\n<p><\/p>\n","protected":false},"excerpt":{"rendered":"<p>1 kg fiskefarse , 2-3 bs salt, 1 ts pepper, 1 l\u00f8k raspes, 2 ss potetmel, 2 ss hvetemel + malt muskat. Spe med melk og ha i et egg til slutt s\u00e5 det ikke skiller seg. Slik gj\u00f8r du: Filter og skrap fisken i mengde og tilsetting av mel og krydderier som til mamma [&hellip;]<\/p>\n","protected":false},"author":2,"featured_media":414,"parent":417,"menu_order":0,"comment_status":"closed","ping_status":"closed","template":"","meta":{"footnotes":""},"class_list":["post-252","page","type-page","status-publish","has-post-thumbnail","hentry"],"_links":{"self":[{"href":"https:\/\/www.kalveknatten.no\/index.php?rest_route=\/wp\/v2\/pages\/252","targetHints":{"allow":["GET"]}}],"collection":[{"href":"https:\/\/www.kalveknatten.no\/index.php?rest_route=\/wp\/v2\/pages"}],"about":[{"href":"https:\/\/www.kalveknatten.no\/index.php?rest_route=\/wp\/v2\/types\/page"}],"author":[{"embeddable":true,"href":"https:\/\/www.kalveknatten.no\/index.php?rest_route=\/wp\/v2\/users\/2"}],"replies":[{"embeddable":true,"href":"https:\/\/www.kalveknatten.no\/index.php?rest_route=%2Fwp%2Fv2%2Fcomments&post=252"}],"version-history":[{"count":5,"href":"https:\/\/www.kalveknatten.no\/index.php?rest_route=\/wp\/v2\/pages\/252\/revisions"}],"predecessor-version":[{"id":726,"href":"https:\/\/www.kalveknatten.no\/index.php?rest_route=\/wp\/v2\/pages\/252\/revisions\/726"}],"up":[{"embeddable":true,"href":"https:\/\/www.kalveknatten.no\/index.php?rest_route=\/wp\/v2\/pages\/417"}],"wp:featuredmedia":[{"embeddable":true,"href":"https:\/\/www.kalveknatten.no\/index.php?rest_route=\/wp\/v2\/media\/414"}],"wp:attachment":[{"href":"https:\/\/www.kalveknatten.no\/index.php?rest_route=%2Fwp%2Fv2%2Fmedia&parent=252"}],"curies":[{"name":"wp","href":"https:\/\/api.w.org\/{rel}","templated":true}]}}