{"id":208,"date":"2025-05-24T14:20:49","date_gmt":"2025-05-24T12:20:49","guid":{"rendered":"https:\/\/www.kalveknatten.no\/?page_id=208"},"modified":"2025-05-27T16:49:37","modified_gmt":"2025-05-27T14:49:37","slug":"dram","status":"publish","type":"page","link":"https:\/\/www.kalveknatten.no\/?page_id=208","title":{"rendered":"DRAM"},"content":{"rendered":"\n<p>Honningdram kan v\u00e6re godt om h\u00f8sten n\u00e5r det uler i vinden og mannen kommer hutrende inn med et fange ved. En kald og forfrossen fisker kunne ogs\u00e5 ha sansen for en forebyggende medisinsk  honningt\u00e5r med litt vekkelse i. Andre stede ble dette kalt &laquo;Jegerdram&raquo;. En heller blek utgave av dette er &laquo;en varm Toddy&raquo; og da er honningen byttet ut med puddersukker &#8211; kanskje med ei skje sur saft i.<\/p>\n\n\n\n<p><strong>Honningdram<\/strong><\/p>\n\n\n\n<p><strong>Ingredienser:<\/strong><\/p>\n\n\n\n<p>Mengde av kokende vann etter skj\u00f8nn, 350 g Honning, 1\/2 flaske 60% sprit ( g\u00e5r ogs\u00e5 greit med mild akevitt). <\/p>\n\n\n\n<p><strong>Slik gj\u00f8r du:<\/strong><\/p>\n\n\n\n<p>R\u00f8r rundt i drikken s\u00e5 honningen l\u00f8ser seg opp. Sett deg ned og ta en rolig sup, som avsluttes med en glis\/grin.<\/p>\n\n\n\n<p><\/p>\n\n\n\n<p><strong>Honningtoddy<\/strong> &#8211;  1 glass<\/p>\n\n\n\n<p><strong>Ingredienser:<\/strong><\/p>\n\n\n\n<p>1 dl Whisky, 1 ss Honning, 1 ts sitronsaft, revet muskatt og kokende vann.<\/p>\n\n\n\n<p><strong>Slik gj\u00f8r du:<\/strong><\/p>\n\n\n\n<p>Bland alt sammen og r\u00f8r med skje.<\/p>\n\n\n\n<p><\/p>\n","protected":false},"excerpt":{"rendered":"<p>Honningdram kan v\u00e6re godt om h\u00f8sten n\u00e5r det uler i vinden og mannen kommer hutrende inn med et fange ved. En kald og forfrossen fisker kunne ogs\u00e5 ha sansen for en forebyggende medisinsk honningt\u00e5r med litt vekkelse i. Andre stede ble dette kalt &laquo;Jegerdram&raquo;. En heller blek utgave av dette er &laquo;en varm Toddy&raquo; og [&hellip;]<\/p>\n","protected":false},"author":2,"featured_media":0,"parent":311,"menu_order":0,"comment_status":"closed","ping_status":"closed","template":"","meta":{"footnotes":""},"class_list":["post-208","page","type-page","status-publish","hentry"],"_links":{"self":[{"href":"https:\/\/www.kalveknatten.no\/index.php?rest_route=\/wp\/v2\/pages\/208","targetHints":{"allow":["GET"]}}],"collection":[{"href":"https:\/\/www.kalveknatten.no\/index.php?rest_route=\/wp\/v2\/pages"}],"about":[{"href":"https:\/\/www.kalveknatten.no\/index.php?rest_route=\/wp\/v2\/types\/page"}],"author":[{"embeddable":true,"href":"https:\/\/www.kalveknatten.no\/index.php?rest_route=\/wp\/v2\/users\/2"}],"replies":[{"embeddable":true,"href":"https:\/\/www.kalveknatten.no\/index.php?rest_route=%2Fwp%2Fv2%2Fcomments&post=208"}],"version-history":[{"count":1,"href":"https:\/\/www.kalveknatten.no\/index.php?rest_route=\/wp\/v2\/pages\/208\/revisions"}],"predecessor-version":[{"id":211,"href":"https:\/\/www.kalveknatten.no\/index.php?rest_route=\/wp\/v2\/pages\/208\/revisions\/211"}],"up":[{"embeddable":true,"href":"https:\/\/www.kalveknatten.no\/index.php?rest_route=\/wp\/v2\/pages\/311"}],"wp:attachment":[{"href":"https:\/\/www.kalveknatten.no\/index.php?rest_route=%2Fwp%2Fv2%2Fmedia&parent=208"}],"curies":[{"name":"wp","href":"https:\/\/api.w.org\/{rel}","templated":true}]}}