{"id":206,"date":"2025-05-24T12:41:40","date_gmt":"2025-05-24T10:41:40","guid":{"rendered":"https:\/\/www.kalveknatten.no\/?page_id=206"},"modified":"2025-05-27T16:59:06","modified_gmt":"2025-05-27T14:59:06","slug":"sorbet","status":"publish","type":"page","link":"https:\/\/www.kalveknatten.no\/?page_id=206","title":{"rendered":"SORBET"},"content":{"rendered":"\n<p><strong>Ingredienser:<\/strong><\/p>\n\n\n\n<p>ca. 1\/2 dl. honning, 1\/2 dl. vann, 100g Solb\u00e6r ( eller andre b\u00e6r med markant smak), 3\/4 dl t\u00f8rr musserende hvitvin.<\/p>\n\n\n\n<p><strong>Slik gj\u00f8r du:<\/strong><\/p>\n\n\n\n<p>Kok opp honning og vann. Tilsett b\u00e6rene og la  blandingen sm\u00e5koke i 5 min. Sil blandingen og la den bli kald. R\u00f8r vinen i og sett den i frysen til blandingen har dannet iskrystaller. R\u00f8r godt om og server staselig i h\u00f8ye glass.<\/p>\n\n\n\n<p><\/p>\n","protected":false},"excerpt":{"rendered":"<p>Ingredienser: ca. 1\/2 dl. honning, 1\/2 dl. vann, 100g Solb\u00e6r ( eller andre b\u00e6r med markant smak), 3\/4 dl t\u00f8rr musserende hvitvin. Slik gj\u00f8r du: Kok opp honning og vann. Tilsett b\u00e6rene og la blandingen sm\u00e5koke i 5 min. Sil blandingen og la den bli kald. R\u00f8r vinen i og sett den i frysen til [&hellip;]<\/p>\n","protected":false},"author":2,"featured_media":0,"parent":311,"menu_order":0,"comment_status":"closed","ping_status":"closed","template":"","meta":{"footnotes":""},"class_list":["post-206","page","type-page","status-publish","hentry"],"_links":{"self":[{"href":"https:\/\/www.kalveknatten.no\/index.php?rest_route=\/wp\/v2\/pages\/206","targetHints":{"allow":["GET"]}}],"collection":[{"href":"https:\/\/www.kalveknatten.no\/index.php?rest_route=\/wp\/v2\/pages"}],"about":[{"href":"https:\/\/www.kalveknatten.no\/index.php?rest_route=\/wp\/v2\/types\/page"}],"author":[{"embeddable":true,"href":"https:\/\/www.kalveknatten.no\/index.php?rest_route=\/wp\/v2\/users\/2"}],"replies":[{"embeddable":true,"href":"https:\/\/www.kalveknatten.no\/index.php?rest_route=%2Fwp%2Fv2%2Fcomments&post=206"}],"version-history":[{"count":2,"href":"https:\/\/www.kalveknatten.no\/index.php?rest_route=\/wp\/v2\/pages\/206\/revisions"}],"predecessor-version":[{"id":270,"href":"https:\/\/www.kalveknatten.no\/index.php?rest_route=\/wp\/v2\/pages\/206\/revisions\/270"}],"up":[{"embeddable":true,"href":"https:\/\/www.kalveknatten.no\/index.php?rest_route=\/wp\/v2\/pages\/311"}],"wp:attachment":[{"href":"https:\/\/www.kalveknatten.no\/index.php?rest_route=%2Fwp%2Fv2%2Fmedia&parent=206"}],"curies":[{"name":"wp","href":"https:\/\/api.w.org\/{rel}","templated":true}]}}