{"id":194,"date":"2025-05-24T11:50:31","date_gmt":"2025-05-24T09:50:31","guid":{"rendered":"https:\/\/www.kalveknatten.no\/?page_id=194"},"modified":"2025-05-27T16:57:40","modified_gmt":"2025-05-27T14:57:40","slug":"honningdrikk","status":"publish","type":"page","link":"https:\/\/www.kalveknatten.no\/?page_id=194","title":{"rendered":"HONNINGDRIKKE"},"content":{"rendered":"\n<p><strong>Drikke.<\/strong><\/p>\n\n\n\n<p>Denne kan serveres  varm om vinteren og kald om sommeren med isbiter.<\/p>\n\n\n\n<p><strong>Ingredienser:<\/strong><\/p>\n\n\n\n<p>1\/2 kg honning, 3l varmt vann. Saften av 1-2 sitroner.<\/p>\n\n\n\n<p>Slik gj\u00f8r du:<\/p>\n\n\n\n<p>R\u00f8r honningen ut i det varmevannet og tilsett sitronsaften,  r\u00f8r om \u00e5 drikk det varmt eller kalt.<\/p>\n\n\n\n<p><\/p>\n\n\n\n<p><\/p>\n\n\n\n<p><\/p>\n\n\n\n<p><\/p>\n\n\n\n<p><\/p>\n","protected":false},"excerpt":{"rendered":"<p>Drikke. Denne kan serveres varm om vinteren og kald om sommeren med isbiter. Ingredienser: 1\/2 kg honning, 3l varmt vann. Saften av 1-2 sitroner. Slik gj\u00f8r du: R\u00f8r honningen ut i det varmevannet og tilsett sitronsaften, r\u00f8r om \u00e5 drikk det varmt eller kalt.<\/p>\n","protected":false},"author":2,"featured_media":0,"parent":311,"menu_order":0,"comment_status":"closed","ping_status":"closed","template":"","meta":{"footnotes":""},"class_list":["post-194","page","type-page","status-publish","hentry"],"_links":{"self":[{"href":"https:\/\/www.kalveknatten.no\/index.php?rest_route=\/wp\/v2\/pages\/194","targetHints":{"allow":["GET"]}}],"collection":[{"href":"https:\/\/www.kalveknatten.no\/index.php?rest_route=\/wp\/v2\/pages"}],"about":[{"href":"https:\/\/www.kalveknatten.no\/index.php?rest_route=\/wp\/v2\/types\/page"}],"author":[{"embeddable":true,"href":"https:\/\/www.kalveknatten.no\/index.php?rest_route=\/wp\/v2\/users\/2"}],"replies":[{"embeddable":true,"href":"https:\/\/www.kalveknatten.no\/index.php?rest_route=%2Fwp%2Fv2%2Fcomments&post=194"}],"version-history":[{"count":2,"href":"https:\/\/www.kalveknatten.no\/index.php?rest_route=\/wp\/v2\/pages\/194\/revisions"}],"predecessor-version":[{"id":249,"href":"https:\/\/www.kalveknatten.no\/index.php?rest_route=\/wp\/v2\/pages\/194\/revisions\/249"}],"up":[{"embeddable":true,"href":"https:\/\/www.kalveknatten.no\/index.php?rest_route=\/wp\/v2\/pages\/311"}],"wp:attachment":[{"href":"https:\/\/www.kalveknatten.no\/index.php?rest_route=%2Fwp%2Fv2%2Fmedia&parent=194"}],"curies":[{"name":"wp","href":"https:\/\/api.w.org\/{rel}","templated":true}]}}