{"id":129,"date":"2024-09-04T21:36:42","date_gmt":"2024-09-04T19:36:42","guid":{"rendered":"https:\/\/www.kalveknatten.no\/?page_id=129"},"modified":"2025-06-23T16:42:22","modified_gmt":"2025-06-23T14:42:22","slug":"om-oss","status":"publish","type":"page","link":"https:\/\/www.kalveknatten.no\/","title":{"rendered":"Om Oss"},"content":{"rendered":"\n<figure class=\"wp-block-image\"><img loading=\"lazy\" decoding=\"async\" width=\"1024\" height=\"655\" src=\"https:\/\/www.kalveknatten.no\/wp-content\/uploads\/2025\/05\/Screenshot-2025-05-25-at-23.00.28-1024x655.png\" alt=\"\" class=\"wp-image-283\" srcset=\"https:\/\/www.kalveknatten.no\/wp-content\/uploads\/2025\/05\/Screenshot-2025-05-25-at-23.00.28-1024x655.png 1024w, https:\/\/www.kalveknatten.no\/wp-content\/uploads\/2025\/05\/Screenshot-2025-05-25-at-23.00.28-300x192.png 300w, https:\/\/www.kalveknatten.no\/wp-content\/uploads\/2025\/05\/Screenshot-2025-05-25-at-23.00.28-768x491.png 768w\" sizes=\"auto, (max-width: 1024px) 100vw, 1024px\" \/><\/figure>\n\n\n\n<p class=\"has-large-font-size\">Vi bor i Kalvesund p\u00e5 Floster\u00f8ya i Arendal kommune.<\/p>\n\n\n\n<p class=\"has-large-font-size\">Vi har opparbeidet et sm\u00e5bruk og eget foretak &laquo;Kalveknatten &#8211; Gautestad Ytterdal&raquo;  &#8211; og honningen v\u00e5r kan du kj\u00f8pe p\u00e5 butikken i Kilsund.<\/p>\n\n\n\n<p class=\"has-large-font-size\">N\u00e5 er vi begge pensjonister fra annet l\u00f8nnsarbeid, men fortsatt aktive b\u00e5de i foreningsliv og dagliglivet p\u00e5 sm\u00e5bruket.<\/p>\n\n\n\n<p class=\"has-large-font-size\">Ungene har flyttet ut for lengst og vi har n\u00e5 for tiden: 5 big\u00e5rder, 6 sauer med 8 lam, 6 h\u00f8ner med en hane &#8211; og 1000 andre ting \u00e5 stelle med.<\/p>\n\n\n\n<p><\/p>\n","protected":false},"excerpt":{"rendered":"<p>Vi bor i Kalvesund p\u00e5 Floster\u00f8ya i Arendal kommune. Vi har opparbeidet et sm\u00e5bruk og eget foretak &laquo;Kalveknatten &#8211; Gautestad Ytterdal&raquo; &#8211; og honningen v\u00e5r kan du kj\u00f8pe p\u00e5 butikken i Kilsund. N\u00e5 er vi begge pensjonister fra annet l\u00f8nnsarbeid, men fortsatt aktive b\u00e5de i foreningsliv og dagliglivet p\u00e5 sm\u00e5bruket. Ungene har flyttet ut for [&hellip;]<\/p>\n","protected":false},"author":2,"featured_media":147,"parent":0,"menu_order":0,"comment_status":"closed","ping_status":"closed","template":"","meta":{"footnotes":""},"class_list":["post-129","page","type-page","status-publish","has-post-thumbnail","hentry"],"_links":{"self":[{"href":"https:\/\/www.kalveknatten.no\/index.php?rest_route=\/wp\/v2\/pages\/129","targetHints":{"allow":["GET"]}}],"collection":[{"href":"https:\/\/www.kalveknatten.no\/index.php?rest_route=\/wp\/v2\/pages"}],"about":[{"href":"https:\/\/www.kalveknatten.no\/index.php?rest_route=\/wp\/v2\/types\/page"}],"author":[{"embeddable":true,"href":"https:\/\/www.kalveknatten.no\/index.php?rest_route=\/wp\/v2\/users\/2"}],"replies":[{"embeddable":true,"href":"https:\/\/www.kalveknatten.no\/index.php?rest_route=%2Fwp%2Fv2%2Fcomments&post=129"}],"version-history":[{"count":14,"href":"https:\/\/www.kalveknatten.no\/index.php?rest_route=\/wp\/v2\/pages\/129\/revisions"}],"predecessor-version":[{"id":652,"href":"https:\/\/www.kalveknatten.no\/index.php?rest_route=\/wp\/v2\/pages\/129\/revisions\/652"}],"wp:featuredmedia":[{"embeddable":true,"href":"https:\/\/www.kalveknatten.no\/index.php?rest_route=\/wp\/v2\/media\/147"}],"wp:attachment":[{"href":"https:\/\/www.kalveknatten.no\/index.php?rest_route=%2Fwp%2Fv2%2Fmedia&parent=129"}],"curies":[{"name":"wp","href":"https:\/\/api.w.org\/{rel}","templated":true}]}}